{"id":2259,"date":"2025-12-22T20:43:15","date_gmt":"2025-12-22T19:43:15","guid":{"rendered":"https:\/\/green-oasis.eu\/bungalow-811\/"},"modified":"2026-01-01T16:44:34","modified_gmt":"2026-01-01T15:44:34","slug":"bungalow-811","status":"publish","type":"page","link":"https:\/\/green-oasis.eu\/pl\/bungalow-811\/","title":{"rendered":"Bungalow 811"},"content":{"rendered":"\n<h1 class=\"wp-block-heading has-x-large-font-size\">Bungalow 811 w Maspalomas<\/h1>\n\n<p>Bungalow 811 to komfortowy domek wakacyjny po\u0142o\u017cony w cichej i zielonej okolicy Maspalomas, w s\u0142onecznej po\u0142udniowej cz\u0119\u015bci Gran Canarii.<br\/>To doskona\u0142y wyb\u00f3r dla go\u015bci szukaj\u0105cych spokojnego pobytu, prywatno\u015bci i zrelaksowanej atmosfery wakacyjnej z dala od ruchliwych obszar\u00f3w turystycznych.<\/p>\n\n<h2 class=\"wp-block-heading has-body-font-family has-medium-font-size\">Cicha, zielona okolica Maspalomas<\/h2>\n\n<div class=\"wp-block-buttons is-layout-flex wp-block-buttons-is-layout-flex\">\n<div class=\"wp-block-button\"><a class=\"wp-block-button__link wp-element-button\" href=\"https:\/\/green-oasis.eu\/reservation\/\">Sprawd\u017a dost\u0119pno\u015b\u0107<\/a><\/div>\n<\/div>\n\n<figure class=\"wp-block-gallery has-nested-images columns-default is-cropped wp-block-gallery-1 is-layout-flex wp-block-gallery-is-layout-flex\">\n<figure class=\"wp-block-image size-large\"><img loading=\"lazy\" decoding=\"async\" width=\"768\" height=\"1024\" data-id=\"1891\" src=\"https:\/\/green-oasis.eu\/wp-content\/uploads\/2025\/12\/811_7-768x1024.jpg\" alt=\"\" class=\"wp-image-1891\" srcset=\"https:\/\/green-oasis.eu\/wp-content\/uploads\/2025\/12\/811_7-768x1024.jpg 768w, https:\/\/green-oasis.eu\/wp-content\/uploads\/2025\/12\/811_7-225x300.jpg 225w, https:\/\/green-oasis.eu\/wp-content\/uploads\/2025\/12\/811_7-1152x1536.jpg 1152w, https:\/\/green-oasis.eu\/wp-content\/uploads\/2025\/12\/811_7-1536x2048.jpg 1536w, https:\/\/green-oasis.eu\/wp-content\/uploads\/2025\/12\/811_7-scaled.jpg 1920w\" sizes=\"auto, (max-width: 768px) 100vw, 768px\" \/><\/figure>\n\n\n\n<figure class=\"wp-block-image size-large\"><img loading=\"lazy\" decoding=\"async\" width=\"768\" height=\"1024\" data-id=\"1890\" src=\"https:\/\/green-oasis.eu\/wp-content\/uploads\/2025\/12\/811_8-768x1024.jpg\" alt=\"\" class=\"wp-image-1890\" srcset=\"https:\/\/green-oasis.eu\/wp-content\/uploads\/2025\/12\/811_8-768x1024.jpg 768w, https:\/\/green-oasis.eu\/wp-content\/uploads\/2025\/12\/811_8-225x300.jpg 225w, https:\/\/green-oasis.eu\/wp-content\/uploads\/2025\/12\/811_8-1152x1536.jpg 1152w, https:\/\/green-oasis.eu\/wp-content\/uploads\/2025\/12\/811_8-1536x2048.jpg 1536w, https:\/\/green-oasis.eu\/wp-content\/uploads\/2025\/12\/811_8-scaled.jpg 1920w\" sizes=\"auto, (max-width: 768px) 100vw, 768px\" \/><\/figure>\n\n\n\n<figure class=\"wp-block-image size-large\"><img loading=\"lazy\" decoding=\"async\" width=\"768\" height=\"1024\" data-id=\"1892\" src=\"https:\/\/green-oasis.eu\/wp-content\/uploads\/2025\/12\/811_6-768x1024.jpg\" alt=\"\" class=\"wp-image-1892\" srcset=\"https:\/\/green-oasis.eu\/wp-content\/uploads\/2025\/12\/811_6-768x1024.jpg 768w, https:\/\/green-oasis.eu\/wp-content\/uploads\/2025\/12\/811_6-225x300.jpg 225w, https:\/\/green-oasis.eu\/wp-content\/uploads\/2025\/12\/811_6-1152x1536.jpg 1152w, https:\/\/green-oasis.eu\/wp-content\/uploads\/2025\/12\/811_6-1536x2048.jpg 1536w, https:\/\/green-oasis.eu\/wp-content\/uploads\/2025\/12\/811_6-scaled.jpg 1920w\" sizes=\"auto, (max-width: 768px) 100vw, 768px\" \/><\/figure>\n\n\n\n<figure class=\"wp-block-image size-large\"><img loading=\"lazy\" decoding=\"async\" width=\"768\" height=\"1024\" data-id=\"1897\" src=\"https:\/\/green-oasis.eu\/wp-content\/uploads\/2025\/12\/811_1-768x1024.jpg\" alt=\"\" class=\"wp-image-1897\" srcset=\"https:\/\/green-oasis.eu\/wp-content\/uploads\/2025\/12\/811_1-768x1024.jpg 768w, https:\/\/green-oasis.eu\/wp-content\/uploads\/2025\/12\/811_1-225x300.jpg 225w, https:\/\/green-oasis.eu\/wp-content\/uploads\/2025\/12\/811_1-1152x1536.jpg 1152w, https:\/\/green-oasis.eu\/wp-content\/uploads\/2025\/12\/811_1-1536x2048.jpg 1536w, https:\/\/green-oasis.eu\/wp-content\/uploads\/2025\/12\/811_1-scaled.jpg 1920w\" sizes=\"auto, (max-width: 768px) 100vw, 768px\" \/><\/figure>\n\n\n\n<figure class=\"wp-block-image size-large\"><img loading=\"lazy\" decoding=\"async\" width=\"768\" height=\"1024\" data-id=\"1895\" src=\"https:\/\/green-oasis.eu\/wp-content\/uploads\/2025\/12\/811_3-768x1024.jpg\" alt=\"\" class=\"wp-image-1895\" srcset=\"https:\/\/green-oasis.eu\/wp-content\/uploads\/2025\/12\/811_3-768x1024.jpg 768w, https:\/\/green-oasis.eu\/wp-content\/uploads\/2025\/12\/811_3-225x300.jpg 225w, https:\/\/green-oasis.eu\/wp-content\/uploads\/2025\/12\/811_3-1152x1536.jpg 1152w, https:\/\/green-oasis.eu\/wp-content\/uploads\/2025\/12\/811_3-1536x2048.jpg 1536w, https:\/\/green-oasis.eu\/wp-content\/uploads\/2025\/12\/811_3-scaled.jpg 1920w\" sizes=\"auto, (max-width: 768px) 100vw, 768px\" \/><\/figure>\n\n\n\n<figure class=\"wp-block-image size-large\"><img loading=\"lazy\" decoding=\"async\" width=\"768\" height=\"1024\" data-id=\"1889\" src=\"https:\/\/green-oasis.eu\/wp-content\/uploads\/2025\/12\/811_9-768x1024.jpg\" alt=\"\" class=\"wp-image-1889\" srcset=\"https:\/\/green-oasis.eu\/wp-content\/uploads\/2025\/12\/811_9-768x1024.jpg 768w, https:\/\/green-oasis.eu\/wp-content\/uploads\/2025\/12\/811_9-225x300.jpg 225w, https:\/\/green-oasis.eu\/wp-content\/uploads\/2025\/12\/811_9-1152x1536.jpg 1152w, https:\/\/green-oasis.eu\/wp-content\/uploads\/2025\/12\/811_9-1536x2048.jpg 1536w, https:\/\/green-oasis.eu\/wp-content\/uploads\/2025\/12\/811_9-scaled.jpg 1920w\" sizes=\"auto, (max-width: 768px) 100vw, 768px\" \/><\/figure>\n<\/figure>\n\n<h2 class=\"wp-block-heading has-body-font-family has-medium-font-size\">Cicha, zielona okolica Maspalomas<\/h2>\n\n<p>Bungalow 811 to komfortowy domek wakacyjny po\u0142o\u017cony w cichej i zielonej okolicy Maspalomas, w s\u0142onecznej po\u0142udniowej cz\u0119\u015bci Gran Canarii.<br\/>To \u015bwietny wyb\u00f3r dla go\u015bci szukaj\u0105cych spokojnego pobytu, prywatno\u015bci i zrelaksowanej atmosfery wakacyjnej.<\/p>\n\n<h3 class=\"wp-block-heading has-text-align-center has-body-font-family has-medium-font-size\"><strong>Udogodnienia<\/strong><\/h3>\n\n<div class=\"wp-block-columns is-layout-flex wp-container-core-columns-is-layout-28f84493 wp-block-columns-is-layout-flex\">\n<div class=\"wp-block-column is-layout-flow wp-block-column-is-layout-flow\">\n<ul class=\"wp-block-list\">\n<li>W pe\u0142ni wyposa\u017cona kuchnia<\/li>\n\n\n\n<li>Przestronny salon<\/li>\n\n\n\n<li>Sypialnia z wygodnym \u0142\u00f3\u017ckiem<\/li>\n\n\n\n<li>\u0141azienka z prysznicem<\/li>\n\n\n\n<li>Klimatyzacja<\/li>\n\n\n\n<li>Bezp\u0142atne Wi-Fi<\/li>\n<\/ul>\n<\/div>\n\n\n\n<div class=\"wp-block-column is-layout-flow wp-block-column-is-layout-flow\">\n<ul class=\"wp-block-list\">\n<li>Prywatny taras<\/li>\n\n\n\n<li>Zewn\u0119trzna strefa wypoczynkowa<\/li>\n\n\n\n<li>Po\u015bciel i r\u0119czniki w cenie<\/li>\n\n\n\n<li>Spokojna i zielona okolica<\/li>\n\n\n\n<li>Dost\u0119p do basenu<\/li>\n\n\n\n<li>Blisko pla\u017cy<\/li>\n<\/ul>\n<\/div>\n<\/div>\n\n<h3 class=\"wp-block-heading has-text-align-center has-body-font-family has-medium-font-size\"><strong>Warto wiedzie\u0107 przed rezerwacj\u0105<\/strong><\/h3>\n\n<ul class=\"wp-block-list\">\n<li>Zameldowanie od 15:00<\/li>\n\n\n\n<li>Wymeldowanie do 11:00<\/li>\n\n\n\n<li>Bungalow dla niepal\u0105cych<\/li>\n\n\n\n<li>Idealny dla rodzin i par<\/li>\n\n\n\n<li>Spokojne otoczenie w obr\u0119bie kompleksu<\/li>\n<\/ul>\n\n<p><\/p>\n","protected":false},"excerpt":{"rendered":"<p>Bungalow 811 w Maspalomas Bungalow 811 to komfortowy domek wakacyjny po\u0142o\u017cony w cichej i zielonej okolicy Maspalomas, w s\u0142onecznej po\u0142udniowej cz\u0119\u015bci Gran Canarii.To doskona\u0142y wyb\u00f3r dla go\u015bci szukaj\u0105cych spokojnego pobytu, prywatno\u015bci i zrelaksowanej atmosfery wakacyjnej z dala od ruchliwych obszar\u00f3w turystycznych. Cicha, zielona okolica Maspalomas Cicha, zielona okolica Maspalomas Bungalow 811 to komfortowy domek wakacyjny [&hellip;]<\/p>\n","protected":false},"author":1,"featured_media":0,"parent":0,"menu_order":0,"comment_status":"closed","ping_status":"closed","template":"","meta":{"footnotes":""},"class_list":["post-2259","page","type-page","status-publish","hentry"],"_links":{"self":[{"href":"https:\/\/green-oasis.eu\/pl\/wp-json\/wp\/v2\/pages\/2259","targetHints":{"allow":["GET"]}}],"collection":[{"href":"https:\/\/green-oasis.eu\/pl\/wp-json\/wp\/v2\/pages"}],"about":[{"href":"https:\/\/green-oasis.eu\/pl\/wp-json\/wp\/v2\/types\/page"}],"author":[{"embeddable":true,"href":"https:\/\/green-oasis.eu\/pl\/wp-json\/wp\/v2\/users\/1"}],"replies":[{"embeddable":true,"href":"https:\/\/green-oasis.eu\/pl\/wp-json\/wp\/v2\/comments?post=2259"}],"version-history":[{"count":3,"href":"https:\/\/green-oasis.eu\/pl\/wp-json\/wp\/v2\/pages\/2259\/revisions"}],"predecessor-version":[{"id":2352,"href":"https:\/\/green-oasis.eu\/pl\/wp-json\/wp\/v2\/pages\/2259\/revisions\/2352"}],"wp:attachment":[{"href":"https:\/\/green-oasis.eu\/pl\/wp-json\/wp\/v2\/media?parent=2259"}],"curies":[{"name":"wp","href":"https:\/\/api.w.org\/{rel}","templated":true}]}}