{"id":2257,"date":"2025-12-22T20:42:50","date_gmt":"2025-12-22T19:42:50","guid":{"rendered":"https:\/\/green-oasis.eu\/bungalow-604\/"},"modified":"2026-01-01T16:43:34","modified_gmt":"2026-01-01T15:43:34","slug":"bungalow-604","status":"publish","type":"page","link":"https:\/\/green-oasis.eu\/pl\/bungalow-604\/","title":{"rendered":"Bungalow 604"},"content":{"rendered":"\n<h1 class=\"wp-block-heading has-x-large-font-size\">Bungalow 604 w Maspalomas<\/h1>\n\n<h2 class=\"wp-block-heading has-body-font-family has-medium-font-size\">Przestronny Bungalow Wakacyjny z Prywatnym Tarasem<\/h2>\n\n<h2 class=\"wp-block-heading has-body-font-family has-small-font-size\">Komfortowy bungalow w Maspalomas z prywatnym tarasem, idealny dla par lub ma\u0142ych rodzin.<\/h2>\n\n<div class=\"wp-block-buttons is-layout-flex wp-block-buttons-is-layout-flex\">\n<div class=\"wp-block-button\"><a class=\"wp-block-button__link wp-element-button\" href=\"https:\/\/green-oasis.eu\/reservation\/\">Sprawd\u017a dost\u0119pno\u015b\u0107<\/a><\/div>\n<\/div>\n\n<figure class=\"wp-block-gallery has-nested-images columns-default is-cropped wp-block-gallery-1 is-layout-flex wp-block-gallery-is-layout-flex\">\n<figure class=\"wp-block-image size-large\"><img loading=\"lazy\" decoding=\"async\" width=\"1024\" height=\"1024\" data-id=\"1882\" src=\"https:\/\/green-oasis.eu\/wp-content\/uploads\/2025\/12\/604_8-1024x1024.jpg\" alt=\"\" class=\"wp-image-1882\" srcset=\"https:\/\/green-oasis.eu\/wp-content\/uploads\/2025\/12\/604_8-1024x1024.jpg 1024w, https:\/\/green-oasis.eu\/wp-content\/uploads\/2025\/12\/604_8-300x300.jpg 300w, https:\/\/green-oasis.eu\/wp-content\/uploads\/2025\/12\/604_8-150x150.jpg 150w, https:\/\/green-oasis.eu\/wp-content\/uploads\/2025\/12\/604_8-768x768.jpg 768w, https:\/\/green-oasis.eu\/wp-content\/uploads\/2025\/12\/604_8.jpg 1200w\" sizes=\"auto, (max-width: 1024px) 100vw, 1024px\" \/><\/figure>\n\n\n\n<figure class=\"wp-block-image size-large\"><img loading=\"lazy\" decoding=\"async\" width=\"1024\" height=\"1024\" data-id=\"1881\" src=\"https:\/\/green-oasis.eu\/wp-content\/uploads\/2025\/12\/604_9-1024x1024.jpg\" alt=\"\" class=\"wp-image-1881\" srcset=\"https:\/\/green-oasis.eu\/wp-content\/uploads\/2025\/12\/604_9-1024x1024.jpg 1024w, https:\/\/green-oasis.eu\/wp-content\/uploads\/2025\/12\/604_9-300x300.jpg 300w, https:\/\/green-oasis.eu\/wp-content\/uploads\/2025\/12\/604_9-150x150.jpg 150w, https:\/\/green-oasis.eu\/wp-content\/uploads\/2025\/12\/604_9-768x768.jpg 768w, https:\/\/green-oasis.eu\/wp-content\/uploads\/2025\/12\/604_9.jpg 1200w\" sizes=\"auto, (max-width: 1024px) 100vw, 1024px\" \/><\/figure>\n\n\n\n<figure class=\"wp-block-image size-large\"><img loading=\"lazy\" decoding=\"async\" width=\"1024\" height=\"1024\" data-id=\"1880\" src=\"https:\/\/green-oasis.eu\/wp-content\/uploads\/2025\/12\/604_7-1024x1024.jpg\" alt=\"\" class=\"wp-image-1880\" srcset=\"https:\/\/green-oasis.eu\/wp-content\/uploads\/2025\/12\/604_7-1024x1024.jpg 1024w, https:\/\/green-oasis.eu\/wp-content\/uploads\/2025\/12\/604_7-300x300.jpg 300w, https:\/\/green-oasis.eu\/wp-content\/uploads\/2025\/12\/604_7-150x150.jpg 150w, https:\/\/green-oasis.eu\/wp-content\/uploads\/2025\/12\/604_7-768x768.jpg 768w, https:\/\/green-oasis.eu\/wp-content\/uploads\/2025\/12\/604_7.jpg 1200w\" sizes=\"auto, (max-width: 1024px) 100vw, 1024px\" \/><\/figure>\n\n\n\n<figure class=\"wp-block-image size-large\"><img loading=\"lazy\" decoding=\"async\" width=\"1024\" height=\"1024\" data-id=\"1886\" src=\"https:\/\/green-oasis.eu\/wp-content\/uploads\/2025\/12\/604_3-1024x1024.jpg\" alt=\"\" class=\"wp-image-1886\" srcset=\"https:\/\/green-oasis.eu\/wp-content\/uploads\/2025\/12\/604_3-1024x1024.jpg 1024w, https:\/\/green-oasis.eu\/wp-content\/uploads\/2025\/12\/604_3-300x300.jpg 300w, https:\/\/green-oasis.eu\/wp-content\/uploads\/2025\/12\/604_3-150x150.jpg 150w, https:\/\/green-oasis.eu\/wp-content\/uploads\/2025\/12\/604_3-768x768.jpg 768w, https:\/\/green-oasis.eu\/wp-content\/uploads\/2025\/12\/604_3.jpg 1200w\" sizes=\"auto, (max-width: 1024px) 100vw, 1024px\" \/><\/figure>\n\n\n\n<figure class=\"wp-block-image size-large\"><img loading=\"lazy\" decoding=\"async\" width=\"1024\" height=\"1024\" data-id=\"1885\" src=\"https:\/\/green-oasis.eu\/wp-content\/uploads\/2025\/12\/604_4-1024x1024.jpg\" alt=\"\" class=\"wp-image-1885\" srcset=\"https:\/\/green-oasis.eu\/wp-content\/uploads\/2025\/12\/604_4-1024x1024.jpg 1024w, https:\/\/green-oasis.eu\/wp-content\/uploads\/2025\/12\/604_4-300x300.jpg 300w, https:\/\/green-oasis.eu\/wp-content\/uploads\/2025\/12\/604_4-150x150.jpg 150w, https:\/\/green-oasis.eu\/wp-content\/uploads\/2025\/12\/604_4-768x768.jpg 768w, https:\/\/green-oasis.eu\/wp-content\/uploads\/2025\/12\/604_4.jpg 1200w\" sizes=\"auto, (max-width: 1024px) 100vw, 1024px\" \/><\/figure>\n\n\n\n<figure class=\"wp-block-image size-large\"><img loading=\"lazy\" decoding=\"async\" width=\"1024\" height=\"1024\" data-id=\"1884\" src=\"https:\/\/green-oasis.eu\/wp-content\/uploads\/2025\/12\/604_5-1024x1024.jpg\" alt=\"\" class=\"wp-image-1884\" srcset=\"https:\/\/green-oasis.eu\/wp-content\/uploads\/2025\/12\/604_5-1024x1024.jpg 1024w, https:\/\/green-oasis.eu\/wp-content\/uploads\/2025\/12\/604_5-300x300.jpg 300w, https:\/\/green-oasis.eu\/wp-content\/uploads\/2025\/12\/604_5-150x150.jpg 150w, https:\/\/green-oasis.eu\/wp-content\/uploads\/2025\/12\/604_5-768x768.jpg 768w, https:\/\/green-oasis.eu\/wp-content\/uploads\/2025\/12\/604_5.jpg 1200w\" sizes=\"auto, (max-width: 1024px) 100vw, 1024px\" \/><\/figure>\n<\/figure>\n\n<p class=\"has-medium-font-size\">Bungalow 604 to przestronny i komfortowy bungalow wakacyjny po\u0142o\u017cony w cichej i zielonej cz\u0119\u015bci Green Oasis w Maspalomas.<br\/>Prywatny taras i w pe\u0142ni wyposa\u017cone wn\u0119trze zapewniaj\u0105 idealne miejsce do relaksu, prywatno\u015bci i korzystania ze s\u0142onecznego klimatu Gran Canarii.<br\/>Idealny dla par lub rodzin szukaj\u0105cych komfortu i spokojnej atmosfery wakacyjnej.<\/p>\n\n<h3 class=\"wp-block-heading has-text-align-center has-body-font-family has-medium-font-size\"><strong>Features<\/strong><\/h3>\n\n<div class=\"wp-block-columns is-layout-flex wp-container-core-columns-is-layout-28f84493 wp-block-columns-is-layout-flex\">\n<div class=\"wp-block-column is-layout-flow wp-block-column-is-layout-flow\">\n<ul class=\"wp-block-list\">\n<li>W pe\u0142ni wyposa\u017cona kuchnia<\/li>\n\n\n\n<li>Salon z miejscem do siedzenia<\/li>\n\n\n\n<li>Sypialnia z wygodnym \u0142\u00f3\u017ckiem<\/li>\n\n\n\n<li>\u0141azienka z prysznicem<\/li>\n\n\n\n<li>Klimatyzacja<\/li>\n\n\n\n<li>Bezp\u0142atne Wi-Fi<\/li>\n<\/ul>\n<\/div>\n\n\n\n<div class=\"wp-block-column is-layout-flow wp-block-column-is-layout-flow\">\n<ul class=\"wp-block-list\">\n<li>Prywatny taras<\/li>\n\n\n\n<li>Zewn\u0119trzna strefa wypoczynkowa<\/li>\n\n\n\n<li>Po\u015bciel i r\u0119czniki w cenie<\/li>\n\n\n\n<li>Spokojna i zielona okolica<\/li>\n\n\n\n<li>Dost\u0119p do basenu<\/li>\n\n\n\n<li>Blisko pla\u017cy<\/li>\n<\/ul>\n<\/div>\n<\/div>\n\n<h3 class=\"wp-block-heading has-text-align-center has-body-font-family has-medium-font-size\"><strong>Warto wiedzie\u0107 przed rezerwacj\u0105<\/strong><\/h3>\n\n<ul class=\"wp-block-list\">\n<li>Zameldowanie od 15:00<\/li>\n\n\n\n<li>Wymeldowanie do 11:00<\/li>\n\n\n\n<li>Bungalow dla niepal\u0105cych<\/li>\n\n\n\n<li>Idealny dla par i rodzin<\/li>\n<\/ul>\n\n<p><\/p>\n","protected":false},"excerpt":{"rendered":"<p>Bungalow 604 w Maspalomas Przestronny Bungalow Wakacyjny z Prywatnym Tarasem Komfortowy bungalow w Maspalomas z prywatnym tarasem, idealny dla par lub ma\u0142ych rodzin. Bungalow 604 to przestronny i komfortowy bungalow wakacyjny po\u0142o\u017cony w cichej i zielonej cz\u0119\u015bci Green Oasis w Maspalomas.Prywatny taras i w pe\u0142ni wyposa\u017cone wn\u0119trze zapewniaj\u0105 idealne miejsce do relaksu, prywatno\u015bci i korzystania [&hellip;]<\/p>\n","protected":false},"author":1,"featured_media":0,"parent":0,"menu_order":0,"comment_status":"closed","ping_status":"closed","template":"","meta":{"footnotes":""},"class_list":["post-2257","page","type-page","status-publish","hentry"],"_links":{"self":[{"href":"https:\/\/green-oasis.eu\/pl\/wp-json\/wp\/v2\/pages\/2257","targetHints":{"allow":["GET"]}}],"collection":[{"href":"https:\/\/green-oasis.eu\/pl\/wp-json\/wp\/v2\/pages"}],"about":[{"href":"https:\/\/green-oasis.eu\/pl\/wp-json\/wp\/v2\/types\/page"}],"author":[{"embeddable":true,"href":"https:\/\/green-oasis.eu\/pl\/wp-json\/wp\/v2\/users\/1"}],"replies":[{"embeddable":true,"href":"https:\/\/green-oasis.eu\/pl\/wp-json\/wp\/v2\/comments?post=2257"}],"version-history":[{"count":3,"href":"https:\/\/green-oasis.eu\/pl\/wp-json\/wp\/v2\/pages\/2257\/revisions"}],"predecessor-version":[{"id":2332,"href":"https:\/\/green-oasis.eu\/pl\/wp-json\/wp\/v2\/pages\/2257\/revisions\/2332"}],"wp:attachment":[{"href":"https:\/\/green-oasis.eu\/pl\/wp-json\/wp\/v2\/media?parent=2257"}],"curies":[{"name":"wp","href":"https:\/\/api.w.org\/{rel}","templated":true}]}}