{"id":2249,"date":"2025-12-22T20:39:12","date_gmt":"2025-12-22T19:39:12","guid":{"rendered":"https:\/\/green-oasis.eu\/bungalow-603\/"},"modified":"2026-01-01T16:42:09","modified_gmt":"2026-01-01T15:42:09","slug":"bungalow-603","status":"publish","type":"page","link":"https:\/\/green-oasis.eu\/pl\/bungalow-603\/","title":{"rendered":"Bungalow 603"},"content":{"rendered":"\n<h1 class=\"wp-block-heading has-x-large-font-size\">Bungalow 603 w Maspalomas<\/h1>\n\n<h2 class=\"wp-block-heading has-text-align-left has-body-font-family has-medium-font-size\">Komfortowy bungalow wakacyjny z prywatnym tarasem w Maspalomas<\/h2>\n\n<p class=\"has-small-font-size\">Jasny bungalow z prywatnym tarasem, idealny na spokojne wakacje na Gran Canarii.<\/p>\n\n<div class=\"wp-block-buttons is-layout-flex wp-block-buttons-is-layout-flex\">\n<div class=\"wp-block-button\"><a class=\"wp-block-button__link wp-element-button\" href=\"https:\/\/green-oasis.eu\/reservation\/\">Sprawd\u017a dost\u0119pno\u015b\u0107<\/a><\/div>\n<\/div>\n\n<figure class=\"wp-block-gallery has-nested-images columns-default is-cropped wp-block-gallery-1 is-layout-flex wp-block-gallery-is-layout-flex\">\n<figure class=\"wp-block-image size-large\"><img loading=\"lazy\" decoding=\"async\" width=\"768\" height=\"1024\" data-id=\"1879\" src=\"https:\/\/green-oasis.eu\/wp-content\/uploads\/2025\/12\/603_8-768x1024.jpg\" alt=\"Salon w bungalowie 603 w Maspalomas\" class=\"wp-image-1879\" srcset=\"https:\/\/green-oasis.eu\/wp-content\/uploads\/2025\/12\/603_8-768x1024.jpg 768w, https:\/\/green-oasis.eu\/wp-content\/uploads\/2025\/12\/603_8-225x300.jpg 225w, https:\/\/green-oasis.eu\/wp-content\/uploads\/2025\/12\/603_8-1152x1536.jpg 1152w, https:\/\/green-oasis.eu\/wp-content\/uploads\/2025\/12\/603_8-1536x2048.jpg 1536w, https:\/\/green-oasis.eu\/wp-content\/uploads\/2025\/12\/603_8-scaled.jpg 1920w\" sizes=\"auto, (max-width: 768px) 100vw, 768px\" \/><\/figure>\n\n\n\n<figure class=\"wp-block-image size-large\"><img loading=\"lazy\" decoding=\"async\" width=\"768\" height=\"1024\" data-id=\"1876\" src=\"https:\/\/green-oasis.eu\/wp-content\/uploads\/2025\/12\/603_9-768x1024.jpg\" alt=\"Prywatny taras Bungalow 603 Gran Canaria\" class=\"wp-image-1876\" srcset=\"https:\/\/green-oasis.eu\/wp-content\/uploads\/2025\/12\/603_9-768x1024.jpg 768w, https:\/\/green-oasis.eu\/wp-content\/uploads\/2025\/12\/603_9-225x300.jpg 225w, https:\/\/green-oasis.eu\/wp-content\/uploads\/2025\/12\/603_9-1152x1536.jpg 1152w, https:\/\/green-oasis.eu\/wp-content\/uploads\/2025\/12\/603_9-1536x2048.jpg 1536w, https:\/\/green-oasis.eu\/wp-content\/uploads\/2025\/12\/603_9-scaled.jpg 1920w\" sizes=\"auto, (max-width: 768px) 100vw, 768px\" \/><\/figure>\n\n\n\n<figure class=\"wp-block-image size-large\"><img loading=\"lazy\" decoding=\"async\" width=\"768\" height=\"1024\" data-id=\"1873\" src=\"https:\/\/green-oasis.eu\/wp-content\/uploads\/2025\/12\/603_7-768x1024.jpg\" alt=\"Przytulna kuchnia z jadalni&#x105;\" class=\"wp-image-1873\" srcset=\"https:\/\/green-oasis.eu\/wp-content\/uploads\/2025\/12\/603_7-768x1024.jpg 768w, https:\/\/green-oasis.eu\/wp-content\/uploads\/2025\/12\/603_7-225x300.jpg 225w, https:\/\/green-oasis.eu\/wp-content\/uploads\/2025\/12\/603_7-1152x1536.jpg 1152w, https:\/\/green-oasis.eu\/wp-content\/uploads\/2025\/12\/603_7-1536x2048.jpg 1536w, https:\/\/green-oasis.eu\/wp-content\/uploads\/2025\/12\/603_7-scaled.jpg 1920w\" sizes=\"auto, (max-width: 768px) 100vw, 768px\" \/><\/figure>\n\n\n\n<figure class=\"wp-block-image size-large\"><img loading=\"lazy\" decoding=\"async\" width=\"768\" height=\"1024\" data-id=\"1877\" src=\"https:\/\/green-oasis.eu\/wp-content\/uploads\/2025\/12\/603_1-768x1024.jpg\" alt=\"Sypialnia w bungalowie wakacyjnym Maspalomas\" class=\"wp-image-1877\" srcset=\"https:\/\/green-oasis.eu\/wp-content\/uploads\/2025\/12\/603_1-768x1024.jpg 768w, https:\/\/green-oasis.eu\/wp-content\/uploads\/2025\/12\/603_1-225x300.jpg 225w, https:\/\/green-oasis.eu\/wp-content\/uploads\/2025\/12\/603_1-1152x1536.jpg 1152w, https:\/\/green-oasis.eu\/wp-content\/uploads\/2025\/12\/603_1-1536x2048.jpg 1536w, https:\/\/green-oasis.eu\/wp-content\/uploads\/2025\/12\/603_1-scaled.jpg 1920w\" sizes=\"auto, (max-width: 768px) 100vw, 768px\" \/><\/figure>\n\n\n\n<figure class=\"wp-block-image size-large\"><img loading=\"lazy\" decoding=\"async\" width=\"768\" height=\"1024\" data-id=\"1874\" src=\"https:\/\/green-oasis.eu\/wp-content\/uploads\/2025\/12\/603_5-768x1024.jpg\" alt=\"Nowoczesna &#x142;azienka z kolorowymi r&#x119;cznikami\" class=\"wp-image-1874\" srcset=\"https:\/\/green-oasis.eu\/wp-content\/uploads\/2025\/12\/603_5-768x1024.jpg 768w, https:\/\/green-oasis.eu\/wp-content\/uploads\/2025\/12\/603_5-225x300.jpg 225w, https:\/\/green-oasis.eu\/wp-content\/uploads\/2025\/12\/603_5-1152x1536.jpg 1152w, https:\/\/green-oasis.eu\/wp-content\/uploads\/2025\/12\/603_5-1536x2048.jpg 1536w, https:\/\/green-oasis.eu\/wp-content\/uploads\/2025\/12\/603_5-scaled.jpg 1920w\" sizes=\"auto, (max-width: 768px) 100vw, 768px\" \/><\/figure>\n\n\n\n<figure class=\"wp-block-image size-large\"><img loading=\"lazy\" decoding=\"async\" width=\"768\" height=\"1024\" data-id=\"1872\" src=\"https:\/\/green-oasis.eu\/wp-content\/uploads\/2025\/12\/603_4-768x1024.jpg\" alt=\"Widok na basen i palmy\" class=\"wp-image-1872\" srcset=\"https:\/\/green-oasis.eu\/wp-content\/uploads\/2025\/12\/603_4-768x1024.jpg 768w, https:\/\/green-oasis.eu\/wp-content\/uploads\/2025\/12\/603_4-225x300.jpg 225w, https:\/\/green-oasis.eu\/wp-content\/uploads\/2025\/12\/603_4-1152x1536.jpg 1152w, https:\/\/green-oasis.eu\/wp-content\/uploads\/2025\/12\/603_4-1536x2048.jpg 1536w, https:\/\/green-oasis.eu\/wp-content\/uploads\/2025\/12\/603_4-scaled.jpg 1920w\" sizes=\"auto, (max-width: 768px) 100vw, 768px\" \/><\/figure>\n<\/figure>\n\n<p>Bungalow 603 to jasny i komfortowy domek wakacyjny po\u0142o\u017cony w spokojnej i zielonej okolicy Green Oasis w Maspalomas.<br\/>Prywatny taras i w pe\u0142ni wyposa\u017cone wn\u0119trze sprawiaj\u0105, \u017ce jest to idealne miejsce na relaksuj\u0105cy pobyt w s\u0142onecznej cz\u0119\u015bci po\u0142udniowej Gran Canarii.<\/p>\n\n<h3 class=\"wp-block-heading has-text-align-center has-body-font-family has-medium-font-size\"><strong>Features<\/strong><\/h3>\n\n<div class=\"wp-block-columns is-layout-flex wp-container-core-columns-is-layout-28f84493 wp-block-columns-is-layout-flex\">\n<div class=\"wp-block-column is-layout-flow wp-block-column-is-layout-flow\">\n<ul class=\"wp-block-list\">\n<li>W pe\u0142ni wyposa\u017cona kuchnia<\/li>\n\n\n\n<li>Salon z miejscem do siedzenia<\/li>\n\n\n\n<li>Sypialnia z wygodnym \u0142\u00f3\u017ckiem<\/li>\n\n\n\n<li>\u0141azienka z prysznicem<\/li>\n\n\n\n<li>Klimatyzacja<\/li>\n\n\n\n<li>Bezp\u0142atne Wi-Fi<\/li>\n<\/ul>\n<\/div>\n\n\n\n<div class=\"wp-block-column is-layout-flow wp-block-column-is-layout-flow\">\n<ul class=\"wp-block-list\">\n<li>Prywatny taras<\/li>\n\n\n\n<li>Zewn\u0119trzna strefa wypoczynkowa<\/li>\n\n\n\n<li>Po\u015bciel i r\u0119czniki w cenie<\/li>\n\n\n\n<li>Spokojna i zielona okolica<\/li>\n\n\n\n<li>Dost\u0119p do basenu<\/li>\n\n\n\n<li>Blisko pla\u017cy<\/li>\n<\/ul>\n<\/div>\n<\/div>\n\n<h3 class=\"wp-block-heading has-text-align-center has-body-font-family has-medium-font-size\"><strong>Warto wiedzie\u0107 przed rezerwacj\u0105<\/strong><\/h3>\n\n<ul class=\"wp-block-list\">\n<li>Zameldowanie od 15:00<\/li>\n\n\n\n<li>Wymeldowanie do 11:00<\/li>\n\n\n\n<li>Bungalow dla niepal\u0105cych<\/li>\n\n\n\n<li>Idealny dla par i ma\u0142ych rodzin<\/li>\n<\/ul>\n\n<div class=\"wp-block-buttons is-layout-flex wp-block-buttons-is-layout-flex\">\n<div class=\"wp-block-button\"><a class=\"wp-block-button__link wp-element-button\" href=\"https:\/\/green-oasis.eu\/reservation\/\">Sprawd\u017a dost\u0119pno\u015b\u0107<\/a><\/div>\n<\/div>\n\n<p><\/p>\n","protected":false},"excerpt":{"rendered":"<p>Bungalow 603 w Maspalomas Komfortowy bungalow wakacyjny z prywatnym tarasem w Maspalomas Jasny bungalow z prywatnym tarasem, idealny na spokojne wakacje na Gran Canarii. Bungalow 603 to jasny i komfortowy domek wakacyjny po\u0142o\u017cony w spokojnej i zielonej okolicy Green Oasis w Maspalomas.Prywatny taras i w pe\u0142ni wyposa\u017cone wn\u0119trze sprawiaj\u0105, \u017ce jest to idealne miejsce na [&hellip;]<\/p>\n","protected":false},"author":1,"featured_media":0,"parent":0,"menu_order":0,"comment_status":"closed","ping_status":"closed","template":"","meta":{"footnotes":""},"class_list":["post-2249","page","type-page","status-publish","hentry"],"_links":{"self":[{"href":"https:\/\/green-oasis.eu\/pl\/wp-json\/wp\/v2\/pages\/2249","targetHints":{"allow":["GET"]}}],"collection":[{"href":"https:\/\/green-oasis.eu\/pl\/wp-json\/wp\/v2\/pages"}],"about":[{"href":"https:\/\/green-oasis.eu\/pl\/wp-json\/wp\/v2\/types\/page"}],"author":[{"embeddable":true,"href":"https:\/\/green-oasis.eu\/pl\/wp-json\/wp\/v2\/users\/1"}],"replies":[{"embeddable":true,"href":"https:\/\/green-oasis.eu\/pl\/wp-json\/wp\/v2\/comments?post=2249"}],"version-history":[{"count":4,"href":"https:\/\/green-oasis.eu\/pl\/wp-json\/wp\/v2\/pages\/2249\/revisions"}],"predecessor-version":[{"id":2323,"href":"https:\/\/green-oasis.eu\/pl\/wp-json\/wp\/v2\/pages\/2249\/revisions\/2323"}],"wp:attachment":[{"href":"https:\/\/green-oasis.eu\/pl\/wp-json\/wp\/v2\/media?parent=2249"}],"curies":[{"name":"wp","href":"https:\/\/api.w.org\/{rel}","templated":true}]}}