{"id":2247,"date":"2025-12-22T16:26:09","date_gmt":"2025-12-22T15:26:09","guid":{"rendered":"https:\/\/green-oasis.eu\/kontakt\/"},"modified":"2025-12-30T21:36:17","modified_gmt":"2025-12-30T20:36:17","slug":"kontakt","status":"publish","type":"page","link":"https:\/\/green-oasis.eu\/pl\/kontakt\/","title":{"rendered":"Kontakt"},"content":{"rendered":"\n<h1 class=\"wp-block-heading has-text-align-center\">Skontaktuj si\u0119 z nami<\/h1>\n\n\n\n<p class=\"has-text-align-center\">Je\u015bli masz jakiekolwiek pytania dotycz\u0105ce pobytu lub rezerwacji,<br>\u015bmia\u0142o skontaktuj si\u0119 z nami.<\/p>\n\n\n\n<h2 class=\"wp-block-heading has-text-align-center\">Dane kontaktowe<\/h2>\n\n\n\n<p class=\"has-text-align-center\">Email: <a href=\"mailto:apartamentos@green-oasis.es\">apartamentos@green-oasis.es<\/a><br>Telefon\/WhatsApp: <a href=\"https:\/\/wa.me\/34649998908\" data-type=\"link\" data-id=\"https:\/\/wa.me\/34649998908\" target=\"_blank\" rel=\"noopener\">+34 649 998 908<\/a><\/p>\n\n\n\n<p class=\"has-text-align-center\">Lokalizacja:<br>Maspalomas<br>Gran Canaria, Hiszpania<\/p>\n\n\n\n<h2 class=\"wp-block-heading has-text-align-center\">Godziny kontaktu<\/h2>\n\n\n\n<p class=\"has-text-align-center\">Zwykle odpowiadamy na wiadomo\u015bci w ci\u0105gu 24 godzin.<\/p>\n\n\n\n<p class=\"has-text-align-center\"><a href=\"https:\/\/maps.app.goo.gl\/5iqGTbEeTHcVPU8h8\" data-type=\"link\" data-id=\"https:\/\/maps.app.goo.gl\/5iqGTbEeTHcVPU8h8\" target=\"_blank\" rel=\"noopener\">Znajd\u017a nas w Google Map<\/a><\/p>\n\n\n\n<div class=\"wp-block-group has-global-padding is-layout-constrained wp-block-group-is-layout-constrained\">\n<iframe src=\"https:\/\/www.google.com\/maps\/embed?pb=!1m18!1m12!1m3!1d1399.6108484385913!2d-15.600929474295711!3d27.7520587729056!2m3!1f0!2f0!3f0!3m2!1i1024!2i768!4f13.1!3m3!1m2!1s0xc3f7d3447d73967%3A0x94fd58f2beaee9ab!2sApartments%20Green%20Oasis%20Maspalomas!5e0!3m2!1spl!2ses!4v1767125955430!5m2!1spl!2ses\" width=\"400\" height=\"300\" style=\"border:0;\" allowfullscreen=\"\" loading=\"lazy\" referrerpolicy=\"no-referrer-when-downgrade\"><\/iframe>\n<\/div>\n","protected":false},"excerpt":{"rendered":"<p>Skontaktuj si\u0119 z nami Je\u015bli masz jakiekolwiek pytania dotycz\u0105ce pobytu lub rezerwacji,\u015bmia\u0142o skontaktuj si\u0119 z nami. Dane kontaktowe Email: apartamentos@green-oasis.esTelefon\/WhatsApp: +34 649 998 908 Lokalizacja:MaspalomasGran Canaria, Hiszpania Godziny kontaktu Zwykle odpowiadamy na wiadomo\u015bci w ci\u0105gu 24 godzin. Znajd\u017a nas w Google Map<\/p>\n","protected":false},"author":1,"featured_media":0,"parent":0,"menu_order":0,"comment_status":"closed","ping_status":"closed","template":"","meta":{"footnotes":""},"class_list":["post-2247","page","type-page","status-publish","hentry"],"_links":{"self":[{"href":"https:\/\/green-oasis.eu\/pl\/wp-json\/wp\/v2\/pages\/2247","targetHints":{"allow":["GET"]}}],"collection":[{"href":"https:\/\/green-oasis.eu\/pl\/wp-json\/wp\/v2\/pages"}],"about":[{"href":"https:\/\/green-oasis.eu\/pl\/wp-json\/wp\/v2\/types\/page"}],"author":[{"embeddable":true,"href":"https:\/\/green-oasis.eu\/pl\/wp-json\/wp\/v2\/users\/1"}],"replies":[{"embeddable":true,"href":"https:\/\/green-oasis.eu\/pl\/wp-json\/wp\/v2\/comments?post=2247"}],"version-history":[{"count":3,"href":"https:\/\/green-oasis.eu\/pl\/wp-json\/wp\/v2\/pages\/2247\/revisions"}],"predecessor-version":[{"id":2297,"href":"https:\/\/green-oasis.eu\/pl\/wp-json\/wp\/v2\/pages\/2247\/revisions\/2297"}],"wp:attachment":[{"href":"https:\/\/green-oasis.eu\/pl\/wp-json\/wp\/v2\/media?parent=2247"}],"curies":[{"name":"wp","href":"https:\/\/api.w.org\/{rel}","templated":true}]}}