{"id":2232,"date":"2025-12-22T16:25:27","date_gmt":"2025-12-22T15:25:27","guid":{"rendered":"https:\/\/green-oasis.eu\/sprawdz-dostepnosc-zarezerwuj-pobyt\/"},"modified":"2025-12-30T19:00:50","modified_gmt":"2025-12-30T18:00:50","slug":"sprawdz-dostepnosc-zarezerwuj-pobyt","status":"publish","type":"page","link":"https:\/\/green-oasis.eu\/pl\/sprawdz-dostepnosc-zarezerwuj-pobyt\/","title":{"rendered":"Sprawd\u017a dost\u0119pno\u015b\u0107 &amp; zarezerwuj pobyt"},"content":{"rendered":"\n<h1 class=\"wp-block-heading has-text-align-center\">Sprawd\u017a dost\u0119pno\u015b\u0107 i zarezerwuj sw\u00f3j pobyt online<\/h1>\n\n\n\n<p class=\"has-text-align-center\">Gwarancja najlepszej ceny. Bezpieczna rezerwacja online<br>W razie pyta\u0144 skontaktuj si\u0119 z nami.<\/p>\n\n\n\n<script src=\"https:\/\/ajax.googleapis.com\/ajax\/libs\/jquery\/3.2.1\/jquery.min.js\"> <\/script><script type=\"text\/javascript\" src=\"https:\/\/panel.hotres.pl\/public\/api\/hotres_v4.js\"><\/script><div id=\"hotresContainer\"><\/div><script>window.addEventListener('load', (event) => {createHotres({\"oid\":510,\"lang\":\"pl\",\"rid\":\"8376\"});});<\/script>\n\n\n\n<h2 class=\"wp-block-heading has-text-align-center\">Potrzebujesz pomocy przy rezerwacji?<\/h2>\n\n\n\n<p class=\"has-text-align-center\">Je\u015bli wolisz, mo\u017cesz skontaktowa\u0107 si\u0119 z nami bezpo\u015brednio przez e-mail lub telefon \/ WhatsApp.<\/p>\n\n\n\n<p><\/p>\n","protected":false},"excerpt":{"rendered":"<p>Sprawd\u017a dost\u0119pno\u015b\u0107 i zarezerwuj sw\u00f3j pobyt online Gwarancja najlepszej ceny. Bezpieczna rezerwacja onlineW razie pyta\u0144 skontaktuj si\u0119 z nami. Potrzebujesz pomocy przy rezerwacji? Je\u015bli wolisz, mo\u017cesz skontaktowa\u0107 si\u0119 z nami bezpo\u015brednio przez e-mail lub telefon \/ WhatsApp.<\/p>\n","protected":false},"author":1,"featured_media":0,"parent":0,"menu_order":0,"comment_status":"closed","ping_status":"closed","template":"","meta":{"footnotes":""},"class_list":["post-2232","page","type-page","status-publish","hentry"],"_links":{"self":[{"href":"https:\/\/green-oasis.eu\/pl\/wp-json\/wp\/v2\/pages\/2232","targetHints":{"allow":["GET"]}}],"collection":[{"href":"https:\/\/green-oasis.eu\/pl\/wp-json\/wp\/v2\/pages"}],"about":[{"href":"https:\/\/green-oasis.eu\/pl\/wp-json\/wp\/v2\/types\/page"}],"author":[{"embeddable":true,"href":"https:\/\/green-oasis.eu\/pl\/wp-json\/wp\/v2\/users\/1"}],"replies":[{"embeddable":true,"href":"https:\/\/green-oasis.eu\/pl\/wp-json\/wp\/v2\/comments?post=2232"}],"version-history":[{"count":4,"href":"https:\/\/green-oasis.eu\/pl\/wp-json\/wp\/v2\/pages\/2232\/revisions"}],"predecessor-version":[{"id":2279,"href":"https:\/\/green-oasis.eu\/pl\/wp-json\/wp\/v2\/pages\/2232\/revisions\/2279"}],"wp:attachment":[{"href":"https:\/\/green-oasis.eu\/pl\/wp-json\/wp\/v2\/media?parent=2232"}],"curies":[{"name":"wp","href":"https:\/\/api.w.org\/{rel}","templated":true}]}}