{"id":2230,"date":"2025-12-22T16:25:02","date_gmt":"2025-12-22T15:25:02","guid":{"rendered":"https:\/\/green-oasis.eu\/nasze-wakacyjne-bungalowy\/"},"modified":"2025-12-30T18:44:40","modified_gmt":"2025-12-30T17:44:40","slug":"nasze-wakacyjne-bungalowy","status":"publish","type":"page","link":"https:\/\/green-oasis.eu\/pl\/nasze-wakacyjne-bungalowy\/","title":{"rendered":"Nasze wakacyjne bungalowy"},"content":{"rendered":"\n<h1 class=\"wp-block-heading\">Nasze wakacyjne bungalowy<\/h1>\n\n\n\n<p class=\"has-text-align-center\">Odkryj nasze komfortowe wakacyjne bungalowy, idealne na relaksuj\u0105cy pobyt na Gran Canarii.<\/p>\n\n\n\n<h2 class=\"wp-block-heading\">Bungalow 603<\/h2>\n\n\n\n<p>Komfortowy bungalow z prywatnym tarasem, jasnym wn\u0119trzem i bezpo\u015brednim dost\u0119pem do ogrodu, idealny dla par lub ma\u0142ych rodzin.<\/p>\n\n\n\n<div class=\"wp-block-buttons is-layout-flex wp-block-buttons-is-layout-flex\">\n<div class=\"wp-block-button\"><a class=\"wp-block-button__link wp-element-button\" href=\"https:\/\/green-oasis.eu\/pl\/bungalow-603\/\">Zobacz bungalow<\/a><\/div>\n<\/div>\n\n\n\n<h2 class=\"wp-block-heading\">Bungalow 604<\/h2>\n\n\n\n<p>Przestronny i w pe\u0142ni wyposa\u017cony bungalow z prywatnym tarasem, oferuj\u0105cy dodatkowy komfort i relaksuj\u0105c\u0105 atmosfer\u0119.<\/p>\n\n\n\n<div class=\"wp-block-buttons is-layout-flex wp-block-buttons-is-layout-flex\">\n<div class=\"wp-block-button\"><a class=\"wp-block-button__link wp-element-button\" href=\"https:\/\/green-oasis.eu\/pl\/bungalow-604\/\">Zobacz bungalow<\/a><\/div>\n<\/div>\n\n\n\n<h2 class=\"wp-block-heading\">Bungalow 811<\/h2>\n\n\n\n<p>Komfortowy bungalow z prywatnym tarasem, po\u0142o\u017cony w cichej cz\u0119\u015bci kompleksu, idealny na spokojny pobyt.<\/p>\n\n\n\n<div class=\"wp-block-buttons is-layout-flex wp-block-buttons-is-layout-flex\">\n<div class=\"wp-block-button\"><a class=\"wp-block-button__link wp-element-button\" href=\"https:\/\/green-oasis.eu\/pl\/bungalow-811\/\">Zobacz bungalow<\/a><\/div>\n<\/div>\n\n\n\n<h2 class=\"wp-block-heading\">Bungalow 1207<\/h2>\n\n\n\n<p>Przytulny wakacyjny bungalow z prywatnym tarasem, otoczony zieleni\u0105, idealny dla par szukaj\u0105cych prywatno\u015bci i spokoju.<\/p>\n\n\n\n<div class=\"wp-block-buttons is-layout-flex wp-block-buttons-is-layout-flex\">\n<div class=\"wp-block-button\"><a class=\"wp-block-button__link wp-element-button\" href=\"https:\/\/green-oasis.eu\/pl\/bungalow-1207\/\">Zobacz bungalow<\/a><\/div>\n<\/div>\n\n\n\n<h2 class=\"wp-block-heading\">Warto wiedzie\u0107<\/h2>\n\n\n\n<ul class=\"wp-block-list\">\n<li>Wszystkie bungalowy s\u0105 w pe\u0142ni wyposa\u017cone<\/li>\n\n\n\n<li>Po\u015bciel i r\u0119czniki zapewnione<\/li>\n\n\n\n<li>Bezp\u0142atne Wi-Fi<\/li>\n\n\n\n<li>Ciche, zielone otoczenie<\/li>\n<\/ul>\n\n\n\n<p><\/p>\n","protected":false},"excerpt":{"rendered":"<p>Nasze wakacyjne bungalowy Odkryj nasze komfortowe wakacyjne bungalowy, idealne na relaksuj\u0105cy pobyt na Gran Canarii. Bungalow 603 Komfortowy bungalow z prywatnym tarasem, jasnym wn\u0119trzem i bezpo\u015brednim dost\u0119pem do ogrodu, idealny dla par lub ma\u0142ych rodzin. Bungalow 604 Przestronny i w pe\u0142ni wyposa\u017cony bungalow z prywatnym tarasem, oferuj\u0105cy dodatkowy komfort i relaksuj\u0105c\u0105 atmosfer\u0119. Bungalow 811 Komfortowy [&hellip;]<\/p>\n","protected":false},"author":1,"featured_media":0,"parent":0,"menu_order":0,"comment_status":"closed","ping_status":"closed","template":"","meta":{"footnotes":""},"class_list":["post-2230","page","type-page","status-publish","hentry"],"_links":{"self":[{"href":"https:\/\/green-oasis.eu\/pl\/wp-json\/wp\/v2\/pages\/2230","targetHints":{"allow":["GET"]}}],"collection":[{"href":"https:\/\/green-oasis.eu\/pl\/wp-json\/wp\/v2\/pages"}],"about":[{"href":"https:\/\/green-oasis.eu\/pl\/wp-json\/wp\/v2\/types\/page"}],"author":[{"embeddable":true,"href":"https:\/\/green-oasis.eu\/pl\/wp-json\/wp\/v2\/users\/1"}],"replies":[{"embeddable":true,"href":"https:\/\/green-oasis.eu\/pl\/wp-json\/wp\/v2\/comments?post=2230"}],"version-history":[{"count":2,"href":"https:\/\/green-oasis.eu\/pl\/wp-json\/wp\/v2\/pages\/2230\/revisions"}],"predecessor-version":[{"id":2268,"href":"https:\/\/green-oasis.eu\/pl\/wp-json\/wp\/v2\/pages\/2230\/revisions\/2268"}],"wp:attachment":[{"href":"https:\/\/green-oasis.eu\/pl\/wp-json\/wp\/v2\/media?parent=2230"}],"curies":[{"name":"wp","href":"https:\/\/api.w.org\/{rel}","templated":true}]}}