{"id":2227,"date":"2025-12-22T16:24:39","date_gmt":"2025-12-22T15:24:39","guid":{"rendered":"https:\/\/green-oasis.eu\/bungalowy-wakacyjne-na-gran-canarii\/"},"modified":"2026-01-01T16:33:53","modified_gmt":"2026-01-01T15:33:53","slug":"bungalowy-wakacyjne-na-gran-canarii","status":"publish","type":"page","link":"https:\/\/green-oasis.eu\/pl\/","title":{"rendered":"Bungalowy wakacyjne na Gran Canarii"},"content":{"rendered":"\n<h1 data-wp-context---core-fit-text=\"core\/fit-text::{&quot;fontSize&quot;:&quot;&quot;}\" data-wp-init---core-fit-text=\"core\/fit-text::callbacks.init\" data-wp-interactive data-wp-style--font-size=\"core\/fit-text::context.fontSize\" class=\"wp-block-heading has-text-align-center has-fit-text\" style=\"border-style:none;border-width:0px;border-top-left-radius:0px;border-top-right-radius:0px;border-bottom-left-radius:0px;border-bottom-right-radius:0px;line-height:0.3\">Bungalowy wakacyjne na Gran Canarii<\/h1>\n\n<figure class=\"wp-block-image alignwide size-large\"><img loading=\"lazy\" decoding=\"async\" width=\"1024\" height=\"457\" src=\"http:\/\/green-oasis.eu\/wp-content\/uploads\/2025\/12\/h_3-1024x457.jpg\" alt=\"Bungalowy wakacyjne w Maspalomas, Gran Canaria &#x2013; Green Oasis&#10;\" class=\"wp-image-1870\" srcset=\"https:\/\/green-oasis.eu\/wp-content\/uploads\/2025\/12\/h_3-1024x457.jpg 1024w, https:\/\/green-oasis.eu\/wp-content\/uploads\/2025\/12\/h_3-300x134.jpg 300w, https:\/\/green-oasis.eu\/wp-content\/uploads\/2025\/12\/h_3-768x343.jpg 768w, https:\/\/green-oasis.eu\/wp-content\/uploads\/2025\/12\/h_3.jpg 1366w\" sizes=\"auto, (max-width: 1024px) 100vw, 1024px\" \/><\/figure>\n\n<p class=\"has-text-align-center\">Green Oasis oferuje komfortowe bungalowy wakacyjne w Maspalomas, na s\u0142onecznym po\u0142udniu Gran Canarii. Ciesz si\u0119 prywatnymi tarasami, dost\u0119pem do basenu i spokojnym zielonym otoczeniem \u2014 idealne dla par i rodzin. Rezerwuj bezpo\u015brednio, aby uzyska\u0107 najlepsz\u0105 dost\u0119pno\u015b\u0107.<\/p>\n\n<h2 class=\"wp-block-heading has-text-align-center has-medium-font-size\">Bungalowy wakacyjne w Maspalomas<\/h2>\n\n<h2 class=\"wp-block-heading has-text-align-center has-medium-font-size\">Prywatne bungalowy z tarasem i basenem<\/h2>\n\n<div class=\"wp-block-buttons is-content-justification-center is-layout-flex wp-container-core-buttons-is-layout-a89b3969 wp-block-buttons-is-layout-flex\">\n<div class=\"wp-block-button\"><a class=\"wp-block-button__link has-text-align-center wp-element-button\" href=\"https:\/\/green-oasis.eu\/pl\/sprawdz-dostepnosc-zarezerwuj-pobyt\/\">Sprawd\u017a dost\u0119pno\u015b\u0107<\/a><\/div>\n<\/div>\n\n<div class=\"wp-block-group has-global-padding is-layout-constrained wp-block-group-is-layout-constrained\">\n<h2 class=\"wp-block-heading has-text-align-center\">Dlaczego warto wybra\u0107 Green Oasis?<\/h2>\n\n\n\n<div class=\"wp-block-group has-global-padding is-layout-constrained wp-block-group-is-layout-constrained\">\n<div class=\"wp-block-group has-global-padding is-layout-constrained wp-block-group-is-layout-constrained\">\n<figure class=\"wp-block-gallery has-nested-images columns-4 is-cropped wp-block-gallery-1 is-layout-flex wp-block-gallery-is-layout-flex\">\n<figure class=\"wp-block-image size-large\"><img loading=\"lazy\" decoding=\"async\" width=\"1024\" height=\"768\" data-id=\"1949\" src=\"https:\/\/green-oasis.eu\/wp-content\/uploads\/2025\/12\/gh_1-1024x768.jpg\" alt=\"\" class=\"wp-image-1949\" style=\"aspect-ratio:1\" srcset=\"https:\/\/green-oasis.eu\/wp-content\/uploads\/2025\/12\/gh_1-1024x768.jpg 1024w, https:\/\/green-oasis.eu\/wp-content\/uploads\/2025\/12\/gh_1-300x225.jpg 300w, https:\/\/green-oasis.eu\/wp-content\/uploads\/2025\/12\/gh_1-768x576.jpg 768w, https:\/\/green-oasis.eu\/wp-content\/uploads\/2025\/12\/gh_1-1536x1152.jpg 1536w, https:\/\/green-oasis.eu\/wp-content\/uploads\/2025\/12\/gh_1-2048x1536.jpg 2048w\" sizes=\"auto, (max-width: 1024px) 100vw, 1024px\" \/><\/figure>\n\n\n\n<figure class=\"wp-block-image size-large\"><img loading=\"lazy\" decoding=\"async\" width=\"768\" height=\"1024\" data-id=\"1948\" src=\"https:\/\/green-oasis.eu\/wp-content\/uploads\/2025\/12\/gh_2-768x1024.jpg\" alt=\"\" class=\"wp-image-1948\" style=\"aspect-ratio:1\" srcset=\"https:\/\/green-oasis.eu\/wp-content\/uploads\/2025\/12\/gh_2-768x1024.jpg 768w, https:\/\/green-oasis.eu\/wp-content\/uploads\/2025\/12\/gh_2-225x300.jpg 225w, https:\/\/green-oasis.eu\/wp-content\/uploads\/2025\/12\/gh_2-1152x1536.jpg 1152w, https:\/\/green-oasis.eu\/wp-content\/uploads\/2025\/12\/gh_2-1536x2048.jpg 1536w, https:\/\/green-oasis.eu\/wp-content\/uploads\/2025\/12\/gh_2-scaled.jpg 1920w\" sizes=\"auto, (max-width: 768px) 100vw, 768px\" \/><\/figure>\n\n\n\n<figure class=\"wp-block-image size-large\"><img loading=\"lazy\" decoding=\"async\" width=\"768\" height=\"1024\" data-id=\"1947\" src=\"https:\/\/green-oasis.eu\/wp-content\/uploads\/2025\/12\/gh_3-768x1024.jpg\" alt=\"\" class=\"wp-image-1947\" style=\"aspect-ratio:1\" srcset=\"https:\/\/green-oasis.eu\/wp-content\/uploads\/2025\/12\/gh_3-768x1024.jpg 768w, https:\/\/green-oasis.eu\/wp-content\/uploads\/2025\/12\/gh_3-225x300.jpg 225w, https:\/\/green-oasis.eu\/wp-content\/uploads\/2025\/12\/gh_3-1152x1536.jpg 1152w, https:\/\/green-oasis.eu\/wp-content\/uploads\/2025\/12\/gh_3-1536x2048.jpg 1536w, https:\/\/green-oasis.eu\/wp-content\/uploads\/2025\/12\/gh_3-scaled.jpg 1920w\" sizes=\"auto, (max-width: 768px) 100vw, 768px\" \/><\/figure>\n\n\n\n<figure class=\"wp-block-image size-large\"><img loading=\"lazy\" decoding=\"async\" width=\"1024\" height=\"768\" data-id=\"1946\" src=\"https:\/\/green-oasis.eu\/wp-content\/uploads\/2025\/12\/gh_4-1024x768.jpg\" alt=\"\" class=\"wp-image-1946\" style=\"aspect-ratio:1\" srcset=\"https:\/\/green-oasis.eu\/wp-content\/uploads\/2025\/12\/gh_4-1024x768.jpg 1024w, https:\/\/green-oasis.eu\/wp-content\/uploads\/2025\/12\/gh_4-300x225.jpg 300w, https:\/\/green-oasis.eu\/wp-content\/uploads\/2025\/12\/gh_4-768x576.jpg 768w, https:\/\/green-oasis.eu\/wp-content\/uploads\/2025\/12\/gh_4-1536x1152.jpg 1536w, https:\/\/green-oasis.eu\/wp-content\/uploads\/2025\/12\/gh_4-2048x1536.jpg 2048w\" sizes=\"auto, (max-width: 1024px) 100vw, 1024px\" \/><\/figure>\n<\/figure>\n<\/div>\n\n\n\n<div class=\"wp-block-buttons is-content-justification-center is-layout-flex wp-container-core-buttons-is-layout-a89b3969 wp-block-buttons-is-layout-flex\">\n<div class=\"wp-block-button\"><a class=\"wp-block-button__link wp-element-button\" href=\"https:\/\/green-oasis.eu\/pl\/galeria\/\">Zobacz pe\u0142n\u0105 galeri\u0119<\/a><\/div>\n<\/div>\n\n\n\n<h2 class=\"wp-block-heading has-text-align-center has-large-font-size\">Nasze bungalowy<\/h2>\n\n\n\n<h3 class=\"wp-block-heading has-text-align-center has-body-font-family has-medium-font-size\">Nasze bungalowy wakacyjne w Maspalomas<\/h3>\n\n\n\n<ul class=\"wp-block-list has-small-font-size\">\n<li><strong><a href=\"https:\/\/green-oasis.eu\/bungalow-603\/\" data-type=\"page\" data-id=\"1848\">Bungalow 603 w Maspalomas<\/a><\/strong> \u2013 jasny bungalow z prywatnym tarasem, idealny dla par<\/li>\n\n\n\n<li><strong><a href=\"https:\/\/green-oasis.eu\/bungalow-604\/\" data-type=\"page\" data-id=\"1850\">Bungalow 604 w Maspalomas<\/a><\/strong> \u2013 przestronny bungalow z miejscem do wypoczynku na \u015bwie\u017cym powietrzu<\/li>\n\n\n\n<li><strong><a href=\"https:\/\/green-oasis.eu\/bungalow-811\/\" data-type=\"page\" data-id=\"1852\">Bungalow 811 w Maspalomas<\/a><\/strong> \u2013 cichy bungalow zapewniaj\u0105cy spokojny i prywatny pobyt<\/li>\n\n\n\n<li><strong><a href=\"https:\/\/green-oasis.eu\/bungalow-1207\/\" data-type=\"page\" data-id=\"1854\">Bungalow 1207 w Maspalomas<\/a><\/strong> \u2013 funkcjonalny bungalow, idealny na d\u0142u\u017csze pobyty<\/li>\n<\/ul>\n\n\n\n<p class=\"has-text-align-center has-medium-font-size\">Komfortowe bungalowy wakacyjne zaprojektowane z my\u015bl\u0105 o relaksie, prywatno\u015bci i s\u0142o\u0144cu.<\/p>\n\n\n\n<div class=\"wp-block-columns is-layout-flex wp-container-core-columns-is-layout-28f84493 wp-block-columns-is-layout-flex\">\n<div class=\"wp-block-column is-layout-flow wp-block-column-is-layout-flow\">\n<h3 class=\"wp-block-heading has-text-align-center has-medium-font-size\">Bungalow 603<\/h3>\n\n\n\n<p class=\"has-text-align-center has-small-font-size\">Komfortowy bungalow z prywatnym tarasem,<br\/>idealny dla par lub ma\u0142ych rodzin.<\/p>\n\n\n\n<div class=\"wp-block-buttons is-content-justification-center is-layout-flex wp-container-core-buttons-is-layout-a89b3969 wp-block-buttons-is-layout-flex\">\n<div class=\"wp-block-button\"><a class=\"wp-block-button__link wp-element-button\" href=\"https:\/\/green-oasis.eu\/pl\/bungalow-603\/\">Zobacz szczeg\u00f3\u0142y<\/a><\/div>\n<\/div>\n<\/div>\n\n\n\n<div class=\"wp-block-column is-layout-flow wp-block-column-is-layout-flow\">\n<h3 class=\"wp-block-heading has-text-align-center has-medium-font-size\">Bungalow 604<\/h3>\n\n\n\n<p class=\"has-text-align-center has-small-font-size\">Przestronny i w pe\u0142ni wyposa\u017cony bungalow z<br\/>prywatnym tarasem i relaksuj\u0105c\u0105 atmosfer\u0105.<\/p>\n\n\n\n<div class=\"wp-block-buttons is-content-justification-center is-layout-flex wp-container-core-buttons-is-layout-a89b3969 wp-block-buttons-is-layout-flex\">\n<div class=\"wp-block-button\"><a class=\"wp-block-button__link wp-element-button\" href=\"https:\/\/green-oasis.eu\/pl\/bungalow-604\/\">Zobacz szczeg\u00f3\u0142y<\/a><\/div>\n<\/div>\n<\/div>\n<\/div>\n\n\n\n<div class=\"wp-block-columns is-layout-flex wp-container-core-columns-is-layout-28f84493 wp-block-columns-is-layout-flex\">\n<div class=\"wp-block-column is-layout-flow wp-block-column-is-layout-flow\">\n<h3 class=\"wp-block-heading has-text-align-center has-medium-font-size\">Bungalow 811<\/h3>\n\n\n\n<p class=\"has-text-align-center has-small-font-size\">Komfortowy bungalow z prywatnym<br\/>tarasem, idealny na spokojny pobyt.<\/p>\n\n\n\n<div class=\"wp-block-buttons is-content-justification-center is-layout-flex wp-container-core-buttons-is-layout-a89b3969 wp-block-buttons-is-layout-flex\">\n<div class=\"wp-block-button\"><a class=\"wp-block-button__link wp-element-button\" href=\"https:\/\/green-oasis.eu\/pl\/bungalow-811\/\">Zobacz szczeg\u00f3\u0142y<\/a><\/div>\n<\/div>\n<\/div>\n\n\n\n<div class=\"wp-block-column is-layout-flow wp-block-column-is-layout-flow\">\n<h3 class=\"wp-block-heading has-text-align-center has-medium-font-size\">Bungalow 1207<\/h3>\n\n\n\n<p class=\"has-text-align-center has-small-font-size\">Przytulny bungalow wakacyjny z prywatnym tarasem,<br\/>po\u0142o\u017cony w cichej i zielonej okolicy.<\/p>\n\n\n\n<div class=\"wp-block-buttons is-content-justification-center is-layout-flex wp-container-core-buttons-is-layout-a89b3969 wp-block-buttons-is-layout-flex\">\n<div class=\"wp-block-button\"><a class=\"wp-block-button__link wp-element-button\" href=\"https:\/\/green-oasis.eu\/pl\/bungalow-1207\/\">Zobacz szczeg\u00f3\u0142y<\/a><\/div>\n<\/div>\n<\/div>\n<\/div>\n\n\n\n<p class=\"has-text-align-center\" style=\"font-size:clamp(0.875rem, 0.875rem + ((1vw - 0.2rem) * 0.042), 0.9rem);\"><\/p>\n<\/div>\n<\/div>\n\n<p class=\"has-text-align-center\">Gotowy, aby zaplanowa\u0107 sw\u00f3j pobyt na Gran Canarii?<\/p>\n\n<div class=\"wp-block-buttons is-content-justification-center is-layout-flex wp-container-core-buttons-is-layout-a89b3969 wp-block-buttons-is-layout-flex\">\n<div class=\"wp-block-button\"><a class=\"wp-block-button__link wp-element-button\" href=\"https:\/\/green-oasis.eu\/pl\/sprawdz-dostepnosc-zarezerwuj-pobyt\/\">Sprawd\u017a dost\u0119pno\u015b\u0107<\/a><\/div>\n<\/div>\n\n<p><\/p>\n","protected":false},"excerpt":{"rendered":"<p>Bungalowy wakacyjne na Gran Canarii Green Oasis oferuje komfortowe bungalowy wakacyjne w Maspalomas, na s\u0142onecznym po\u0142udniu Gran Canarii. Ciesz si\u0119 prywatnymi tarasami, dost\u0119pem do basenu i spokojnym zielonym otoczeniem \u2014 idealne dla par i rodzin. Rezerwuj bezpo\u015brednio, aby uzyska\u0107 najlepsz\u0105 dost\u0119pno\u015b\u0107. Bungalowy wakacyjne w Maspalomas Prywatne bungalowy z tarasem i basenem Dlaczego warto wybra\u0107 Green [&hellip;]<\/p>\n","protected":false},"author":1,"featured_media":0,"parent":0,"menu_order":0,"comment_status":"closed","ping_status":"closed","template":"","meta":{"footnotes":""},"class_list":["post-2227","page","type-page","status-publish","hentry"],"_links":{"self":[{"href":"https:\/\/green-oasis.eu\/pl\/wp-json\/wp\/v2\/pages\/2227","targetHints":{"allow":["GET"]}}],"collection":[{"href":"https:\/\/green-oasis.eu\/pl\/wp-json\/wp\/v2\/pages"}],"about":[{"href":"https:\/\/green-oasis.eu\/pl\/wp-json\/wp\/v2\/types\/page"}],"author":[{"embeddable":true,"href":"https:\/\/green-oasis.eu\/pl\/wp-json\/wp\/v2\/users\/1"}],"replies":[{"embeddable":true,"href":"https:\/\/green-oasis.eu\/pl\/wp-json\/wp\/v2\/comments?post=2227"}],"version-history":[{"count":4,"href":"https:\/\/green-oasis.eu\/pl\/wp-json\/wp\/v2\/pages\/2227\/revisions"}],"predecessor-version":[{"id":2347,"href":"https:\/\/green-oasis.eu\/pl\/wp-json\/wp\/v2\/pages\/2227\/revisions\/2347"}],"wp:attachment":[{"href":"https:\/\/green-oasis.eu\/pl\/wp-json\/wp\/v2\/media?parent=2227"}],"curies":[{"name":"wp","href":"https:\/\/api.w.org\/{rel}","templated":true}]}}