{"id":2141,"date":"2025-12-22T20:43:39","date_gmt":"2025-12-22T19:43:39","guid":{"rendered":"https:\/\/green-oasis.eu\/bungalow-1207\/"},"modified":"2026-01-01T16:45:40","modified_gmt":"2026-01-01T15:45:40","slug":"bungalow-1207","status":"publish","type":"page","link":"https:\/\/green-oasis.eu\/it\/bungalow-1207\/","title":{"rendered":"Bungalow 1207"},"content":{"rendered":"\n<h1 class=\"wp-block-heading has-x-large-font-size\">Bungalow 1207<\/h1>\n\n<p class=\"has-small-font-size\">Il bungalow 1207 \u00e8 un bungalow luminoso e funzionale situato a Maspalomas, nella soleggiata zona sud di Gran Canaria.<br\/>\u00c8 ideale per soggiorni pi\u00f9 lunghi, offrendo interni confortevoli, privacy e un&#8217;atmosfera rilassata in una tranquilla zona residenziale.<\/p>\n\n<h2 class=\"wp-block-heading has-body-font-family has-medium-font-size\">Bungalow luminoso e funzionale per soggiorni pi\u00f9 lunghi<\/h2>\n\n<div class=\"wp-block-buttons is-layout-flex wp-block-buttons-is-layout-flex\">\n<div class=\"wp-block-button\"><a class=\"wp-block-button__link wp-element-button\" href=\"https:\/\/green-oasis.eu\/reservation\/\">Verifica disponibilit\u00e0<\/a><\/div>\n<\/div>\n\n<figure class=\"wp-block-gallery has-nested-images columns-default is-cropped wp-block-gallery-1 is-layout-flex wp-block-gallery-is-layout-flex\">\n<figure class=\"wp-block-image size-large\"><img loading=\"lazy\" decoding=\"async\" width=\"768\" height=\"1024\" data-id=\"1905\" src=\"https:\/\/green-oasis.eu\/wp-content\/uploads\/2025\/12\/1207_2-768x1024.jpg\" alt=\"\" class=\"wp-image-1905\" srcset=\"https:\/\/green-oasis.eu\/wp-content\/uploads\/2025\/12\/1207_2-768x1024.jpg 768w, https:\/\/green-oasis.eu\/wp-content\/uploads\/2025\/12\/1207_2-225x300.jpg 225w, https:\/\/green-oasis.eu\/wp-content\/uploads\/2025\/12\/1207_2-1152x1536.jpg 1152w, https:\/\/green-oasis.eu\/wp-content\/uploads\/2025\/12\/1207_2-1536x2048.jpg 1536w, https:\/\/green-oasis.eu\/wp-content\/uploads\/2025\/12\/1207_2-scaled.jpg 1920w\" sizes=\"auto, (max-width: 768px) 100vw, 768px\" \/><\/figure>\n\n\n\n<figure class=\"wp-block-image size-large\"><img loading=\"lazy\" decoding=\"async\" width=\"768\" height=\"1024\" data-id=\"1904\" src=\"https:\/\/green-oasis.eu\/wp-content\/uploads\/2025\/12\/1207_3-768x1024.jpg\" alt=\"\" class=\"wp-image-1904\" srcset=\"https:\/\/green-oasis.eu\/wp-content\/uploads\/2025\/12\/1207_3-768x1024.jpg 768w, https:\/\/green-oasis.eu\/wp-content\/uploads\/2025\/12\/1207_3-225x300.jpg 225w, https:\/\/green-oasis.eu\/wp-content\/uploads\/2025\/12\/1207_3-1152x1536.jpg 1152w, https:\/\/green-oasis.eu\/wp-content\/uploads\/2025\/12\/1207_3-1536x2048.jpg 1536w, https:\/\/green-oasis.eu\/wp-content\/uploads\/2025\/12\/1207_3-scaled.jpg 1920w\" sizes=\"auto, (max-width: 768px) 100vw, 768px\" \/><\/figure>\n\n\n\n<figure class=\"wp-block-image size-large\"><img loading=\"lazy\" decoding=\"async\" width=\"1024\" height=\"768\" data-id=\"1898\" src=\"https:\/\/green-oasis.eu\/wp-content\/uploads\/2025\/12\/1207_9-1024x768.jpg\" alt=\"\" class=\"wp-image-1898\" srcset=\"https:\/\/green-oasis.eu\/wp-content\/uploads\/2025\/12\/1207_9-1024x768.jpg 1024w, https:\/\/green-oasis.eu\/wp-content\/uploads\/2025\/12\/1207_9-300x225.jpg 300w, https:\/\/green-oasis.eu\/wp-content\/uploads\/2025\/12\/1207_9-768x576.jpg 768w, https:\/\/green-oasis.eu\/wp-content\/uploads\/2025\/12\/1207_9-1536x1152.jpg 1536w, https:\/\/green-oasis.eu\/wp-content\/uploads\/2025\/12\/1207_9-2048x1536.jpg 2048w\" sizes=\"auto, (max-width: 1024px) 100vw, 1024px\" \/><\/figure>\n\n\n\n<figure class=\"wp-block-image size-large\"><img loading=\"lazy\" decoding=\"async\" width=\"1024\" height=\"768\" data-id=\"1900\" src=\"https:\/\/green-oasis.eu\/wp-content\/uploads\/2025\/12\/1207_7-1024x768.jpg\" alt=\"\" class=\"wp-image-1900\" srcset=\"https:\/\/green-oasis.eu\/wp-content\/uploads\/2025\/12\/1207_7-1024x768.jpg 1024w, https:\/\/green-oasis.eu\/wp-content\/uploads\/2025\/12\/1207_7-300x225.jpg 300w, https:\/\/green-oasis.eu\/wp-content\/uploads\/2025\/12\/1207_7-768x576.jpg 768w, https:\/\/green-oasis.eu\/wp-content\/uploads\/2025\/12\/1207_7-1536x1152.jpg 1536w, https:\/\/green-oasis.eu\/wp-content\/uploads\/2025\/12\/1207_7-2048x1536.jpg 2048w\" sizes=\"auto, (max-width: 1024px) 100vw, 1024px\" \/><\/figure>\n\n\n\n<figure class=\"wp-block-image size-large\"><img loading=\"lazy\" decoding=\"async\" width=\"768\" height=\"1024\" data-id=\"1901\" src=\"https:\/\/green-oasis.eu\/wp-content\/uploads\/2025\/12\/1207_6-768x1024.jpg\" alt=\"\" class=\"wp-image-1901\" srcset=\"https:\/\/green-oasis.eu\/wp-content\/uploads\/2025\/12\/1207_6-768x1024.jpg 768w, https:\/\/green-oasis.eu\/wp-content\/uploads\/2025\/12\/1207_6-225x300.jpg 225w, https:\/\/green-oasis.eu\/wp-content\/uploads\/2025\/12\/1207_6-1152x1536.jpg 1152w, https:\/\/green-oasis.eu\/wp-content\/uploads\/2025\/12\/1207_6-1536x2048.jpg 1536w, https:\/\/green-oasis.eu\/wp-content\/uploads\/2025\/12\/1207_6-scaled.jpg 1920w\" sizes=\"auto, (max-width: 768px) 100vw, 768px\" \/><\/figure>\n\n\n\n<figure class=\"wp-block-image size-large\"><img loading=\"lazy\" decoding=\"async\" width=\"768\" height=\"1024\" data-id=\"1902\" src=\"https:\/\/green-oasis.eu\/wp-content\/uploads\/2025\/12\/1207_5-768x1024.jpg\" alt=\"\" class=\"wp-image-1902\" srcset=\"https:\/\/green-oasis.eu\/wp-content\/uploads\/2025\/12\/1207_5-768x1024.jpg 768w, https:\/\/green-oasis.eu\/wp-content\/uploads\/2025\/12\/1207_5-225x300.jpg 225w, https:\/\/green-oasis.eu\/wp-content\/uploads\/2025\/12\/1207_5-1152x1536.jpg 1152w, https:\/\/green-oasis.eu\/wp-content\/uploads\/2025\/12\/1207_5-1536x2048.jpg 1536w, https:\/\/green-oasis.eu\/wp-content\/uploads\/2025\/12\/1207_5-scaled.jpg 1920w\" sizes=\"auto, (max-width: 768px) 100vw, 768px\" \/><\/figure>\n<\/figure>\n\n<h2 class=\"wp-block-heading has-body-font-family has-medium-font-size\">Tranquilla zona residenziale di Maspalomas<\/h2>\n\n<p>Il Bungalow 1207 \u00e8 un bungalow per vacanze accogliente e confortevole situato nella zona tranquilla e verde del Green Oasis a Maspalomas.<br\/>Il bungalow dispone di una terrazza privata e di interni completamente attrezzati, offrendo uno spazio rilassante per godersi il clima caldo di Gran Canaria.<br\/>\u00c8 la scelta ideale per coppie o piccole famiglie che cercano comfort, privacy e un&#8217;atmosfera di vacanza tranquilla vicino alla spiaggia.<\/p>\n\n<h3 class=\"wp-block-heading has-text-align-center has-body-font-family has-medium-font-size\"><strong>Caratteristiche<\/strong><\/h3>\n\n<div class=\"wp-block-columns is-layout-flex wp-container-core-columns-is-layout-28f84493 wp-block-columns-is-layout-flex\">\n<div class=\"wp-block-column is-layout-flow wp-block-column-is-layout-flow\">\n<ul class=\"wp-block-list\">\n<li>Cucina completamente attrezzata<\/li>\n\n\n\n<li>Soggiorno con area salotto<\/li>\n\n\n\n<li>Camera da letto con letto confortevole<\/li>\n\n\n\n<li>Bagno con doccia<\/li>\n\n\n\n<li>Aria condizionata<\/li>\n\n\n\n<li>Wi-Fi gratuito<\/li>\n<\/ul>\n<\/div>\n\n\n\n<div class=\"wp-block-column is-layout-flow wp-block-column-is-layout-flow\">\n<ul class=\"wp-block-list\">\n<li>Terrazza privata<\/li>\n\n\n\n<li>Area salotto esterna<\/li>\n\n\n\n<li>Biancheria da letto e asciugamani inclusi<\/li>\n\n\n\n<li>Ambiente tranquillo e verde<\/li>\n\n\n\n<li>Accesso alla piscina<\/li>\n\n\n\n<li>Vicino alla spiaggia<\/li>\n<\/ul>\n<\/div>\n<\/div>\n\n<h3 class=\"wp-block-heading has-text-align-center has-body-font-family has-medium-font-size\"><strong>Utile da sapere prima di prenotare<\/strong><\/h3>\n\n<ul class=\"wp-block-list\">\n<li>Check-in dalle 15:00<\/li>\n\n\n\n<li>Check-out fino alle 11:00<\/li>\n\n\n\n<li>Bungalow per non fumatori<\/li>\n\n\n\n<li>Ideale per coppie o piccole famiglie<\/li>\n\n\n\n<li>Ambiente tranquillo e rilassante<\/li>\n<\/ul>\n","protected":false},"excerpt":{"rendered":"<p>Bungalow 1207 Il bungalow 1207 \u00e8 un bungalow luminoso e funzionale situato a Maspalomas, nella soleggiata zona sud di Gran Canaria.\u00c8 ideale per soggiorni pi\u00f9 lunghi, offrendo interni confortevoli, privacy e un&#8217;atmosfera rilassata in una tranquilla zona residenziale. Bungalow luminoso e funzionale per soggiorni pi\u00f9 lunghi Tranquilla zona residenziale di Maspalomas Il Bungalow 1207 \u00e8 [&hellip;]<\/p>\n","protected":false},"author":1,"featured_media":0,"parent":0,"menu_order":0,"comment_status":"closed","ping_status":"closed","template":"","meta":{"footnotes":""},"class_list":["post-2141","page","type-page","status-publish","hentry"],"_links":{"self":[{"href":"https:\/\/green-oasis.eu\/it\/wp-json\/wp\/v2\/pages\/2141","targetHints":{"allow":["GET"]}}],"collection":[{"href":"https:\/\/green-oasis.eu\/it\/wp-json\/wp\/v2\/pages"}],"about":[{"href":"https:\/\/green-oasis.eu\/it\/wp-json\/wp\/v2\/types\/page"}],"author":[{"embeddable":true,"href":"https:\/\/green-oasis.eu\/it\/wp-json\/wp\/v2\/users\/1"}],"replies":[{"embeddable":true,"href":"https:\/\/green-oasis.eu\/it\/wp-json\/wp\/v2\/comments?post=2141"}],"version-history":[{"count":5,"href":"https:\/\/green-oasis.eu\/it\/wp-json\/wp\/v2\/pages\/2141\/revisions"}],"predecessor-version":[{"id":2355,"href":"https:\/\/green-oasis.eu\/it\/wp-json\/wp\/v2\/pages\/2141\/revisions\/2355"}],"wp:attachment":[{"href":"https:\/\/green-oasis.eu\/it\/wp-json\/wp\/v2\/media?parent=2141"}],"curies":[{"name":"wp","href":"https:\/\/api.w.org\/{rel}","templated":true}]}}