{"id":2204,"date":"2025-12-22T20:43:15","date_gmt":"2025-12-22T19:43:15","guid":{"rendered":"https:\/\/green-oasis.eu\/bungalow-811\/"},"modified":"2026-01-01T16:44:32","modified_gmt":"2026-01-01T15:44:32","slug":"bungalow-811","status":"publish","type":"page","link":"https:\/\/green-oasis.eu\/fr\/bungalow-811\/","title":{"rendered":"Bungalow 811"},"content":{"rendered":"\n<h1 class=\"wp-block-heading has-x-large-font-size\">Bungalow 811 \u00e0 Maspalomas<\/h1>\n\n<p>Le bungalow 811 est un bungalow de vacances confortable situ\u00e9 dans un quartier calme et verdoyant de Maspalomas, dans le sud ensoleill\u00e9 de Gran Canaria.<br\/>C&#8217;est un excellent choix pour les clients qui recherchent un s\u00e9jour paisible, de l&#8217;intimit\u00e9 et une atmosph\u00e8re de vacances d\u00e9tendue, loin des zones touristiques anim\u00e9es.<\/p>\n\n<h2 class=\"wp-block-heading has-body-font-family has-medium-font-size\">Quartier vert et calme de Maspalomas<\/h2>\n\n<div class=\"wp-block-buttons is-layout-flex wp-block-buttons-is-layout-flex\">\n<div class=\"wp-block-button\"><a class=\"wp-block-button__link wp-element-button\" href=\"https:\/\/green-oasis.eu\/reservation\/\">V\u00e9rifier la disponibilit\u00e9<\/a><\/div>\n<\/div>\n\n<figure class=\"wp-block-gallery has-nested-images columns-default is-cropped wp-block-gallery-1 is-layout-flex wp-block-gallery-is-layout-flex\">\n<figure class=\"wp-block-image size-large\"><img loading=\"lazy\" decoding=\"async\" width=\"768\" height=\"1024\" data-id=\"1891\" src=\"https:\/\/green-oasis.eu\/wp-content\/uploads\/2025\/12\/811_7-768x1024.jpg\" alt=\"\" class=\"wp-image-1891\" srcset=\"https:\/\/green-oasis.eu\/wp-content\/uploads\/2025\/12\/811_7-768x1024.jpg 768w, https:\/\/green-oasis.eu\/wp-content\/uploads\/2025\/12\/811_7-225x300.jpg 225w, https:\/\/green-oasis.eu\/wp-content\/uploads\/2025\/12\/811_7-1152x1536.jpg 1152w, https:\/\/green-oasis.eu\/wp-content\/uploads\/2025\/12\/811_7-1536x2048.jpg 1536w, https:\/\/green-oasis.eu\/wp-content\/uploads\/2025\/12\/811_7-scaled.jpg 1920w\" sizes=\"auto, (max-width: 768px) 100vw, 768px\" \/><\/figure>\n\n\n\n<figure class=\"wp-block-image size-large\"><img loading=\"lazy\" decoding=\"async\" width=\"768\" height=\"1024\" data-id=\"1890\" src=\"https:\/\/green-oasis.eu\/wp-content\/uploads\/2025\/12\/811_8-768x1024.jpg\" alt=\"\" class=\"wp-image-1890\" srcset=\"https:\/\/green-oasis.eu\/wp-content\/uploads\/2025\/12\/811_8-768x1024.jpg 768w, https:\/\/green-oasis.eu\/wp-content\/uploads\/2025\/12\/811_8-225x300.jpg 225w, https:\/\/green-oasis.eu\/wp-content\/uploads\/2025\/12\/811_8-1152x1536.jpg 1152w, https:\/\/green-oasis.eu\/wp-content\/uploads\/2025\/12\/811_8-1536x2048.jpg 1536w, https:\/\/green-oasis.eu\/wp-content\/uploads\/2025\/12\/811_8-scaled.jpg 1920w\" sizes=\"auto, (max-width: 768px) 100vw, 768px\" \/><\/figure>\n\n\n\n<figure class=\"wp-block-image size-large\"><img loading=\"lazy\" decoding=\"async\" width=\"768\" height=\"1024\" data-id=\"1892\" src=\"https:\/\/green-oasis.eu\/wp-content\/uploads\/2025\/12\/811_6-768x1024.jpg\" alt=\"\" class=\"wp-image-1892\" srcset=\"https:\/\/green-oasis.eu\/wp-content\/uploads\/2025\/12\/811_6-768x1024.jpg 768w, https:\/\/green-oasis.eu\/wp-content\/uploads\/2025\/12\/811_6-225x300.jpg 225w, https:\/\/green-oasis.eu\/wp-content\/uploads\/2025\/12\/811_6-1152x1536.jpg 1152w, https:\/\/green-oasis.eu\/wp-content\/uploads\/2025\/12\/811_6-1536x2048.jpg 1536w, https:\/\/green-oasis.eu\/wp-content\/uploads\/2025\/12\/811_6-scaled.jpg 1920w\" sizes=\"auto, (max-width: 768px) 100vw, 768px\" \/><\/figure>\n\n\n\n<figure class=\"wp-block-image size-large\"><img loading=\"lazy\" decoding=\"async\" width=\"768\" height=\"1024\" data-id=\"1897\" src=\"https:\/\/green-oasis.eu\/wp-content\/uploads\/2025\/12\/811_1-768x1024.jpg\" alt=\"\" class=\"wp-image-1897\" srcset=\"https:\/\/green-oasis.eu\/wp-content\/uploads\/2025\/12\/811_1-768x1024.jpg 768w, https:\/\/green-oasis.eu\/wp-content\/uploads\/2025\/12\/811_1-225x300.jpg 225w, https:\/\/green-oasis.eu\/wp-content\/uploads\/2025\/12\/811_1-1152x1536.jpg 1152w, https:\/\/green-oasis.eu\/wp-content\/uploads\/2025\/12\/811_1-1536x2048.jpg 1536w, https:\/\/green-oasis.eu\/wp-content\/uploads\/2025\/12\/811_1-scaled.jpg 1920w\" sizes=\"auto, (max-width: 768px) 100vw, 768px\" \/><\/figure>\n\n\n\n<figure class=\"wp-block-image size-large\"><img loading=\"lazy\" decoding=\"async\" width=\"768\" height=\"1024\" data-id=\"1895\" src=\"https:\/\/green-oasis.eu\/wp-content\/uploads\/2025\/12\/811_3-768x1024.jpg\" alt=\"\" class=\"wp-image-1895\" srcset=\"https:\/\/green-oasis.eu\/wp-content\/uploads\/2025\/12\/811_3-768x1024.jpg 768w, https:\/\/green-oasis.eu\/wp-content\/uploads\/2025\/12\/811_3-225x300.jpg 225w, https:\/\/green-oasis.eu\/wp-content\/uploads\/2025\/12\/811_3-1152x1536.jpg 1152w, https:\/\/green-oasis.eu\/wp-content\/uploads\/2025\/12\/811_3-1536x2048.jpg 1536w, https:\/\/green-oasis.eu\/wp-content\/uploads\/2025\/12\/811_3-scaled.jpg 1920w\" sizes=\"auto, (max-width: 768px) 100vw, 768px\" \/><\/figure>\n\n\n\n<figure class=\"wp-block-image size-large\"><img loading=\"lazy\" decoding=\"async\" width=\"768\" height=\"1024\" data-id=\"1889\" src=\"https:\/\/green-oasis.eu\/wp-content\/uploads\/2025\/12\/811_9-768x1024.jpg\" alt=\"\" class=\"wp-image-1889\" srcset=\"https:\/\/green-oasis.eu\/wp-content\/uploads\/2025\/12\/811_9-768x1024.jpg 768w, https:\/\/green-oasis.eu\/wp-content\/uploads\/2025\/12\/811_9-225x300.jpg 225w, https:\/\/green-oasis.eu\/wp-content\/uploads\/2025\/12\/811_9-1152x1536.jpg 1152w, https:\/\/green-oasis.eu\/wp-content\/uploads\/2025\/12\/811_9-1536x2048.jpg 1536w, https:\/\/green-oasis.eu\/wp-content\/uploads\/2025\/12\/811_9-scaled.jpg 1920w\" sizes=\"auto, (max-width: 768px) 100vw, 768px\" \/><\/figure>\n<\/figure>\n\n<h2 class=\"wp-block-heading has-body-font-family has-medium-font-size\">Quartier vert et calme de Maspalomas<\/h2>\n\n<p>Le bungalow 811 est un bungalow de vacances confortable situ\u00e9 dans un quartier calme et verdoyant de Maspalomas, dans le sud ensoleill\u00e9 de Gran Canaria.<br\/>C&#8217;est un excellent choix pour les clients qui recherchent un s\u00e9jour paisible, de l&#8217;intimit\u00e9 et une atmosph\u00e8re de vacances d\u00e9tendue.<\/p>\n\n<h3 class=\"wp-block-heading has-text-align-center has-body-font-family has-medium-font-size\"><strong>\u00c9quipements<\/strong><\/h3>\n\n<div class=\"wp-block-columns is-layout-flex wp-container-core-columns-is-layout-28f84493 wp-block-columns-is-layout-flex\">\n<div class=\"wp-block-column is-layout-flow wp-block-column-is-layout-flow\">\n<ul class=\"wp-block-list\">\n<li>Cuisine enti\u00e8rement \u00e9quip\u00e9e<\/li>\n\n\n\n<li>Espace de vie spacieux<\/li>\n\n\n\n<li>Chambre avec lit confortable<\/li>\n\n\n\n<li>Salle de bain avec douche<\/li>\n\n\n\n<li>Climatisation<\/li>\n\n\n\n<li>Wi-Fi gratuit<\/li>\n<\/ul>\n<\/div>\n\n\n\n<div class=\"wp-block-column is-layout-flow wp-block-column-is-layout-flow\">\n<ul class=\"wp-block-list\">\n<li>Terrasse priv\u00e9e<\/li>\n\n\n\n<li>Coin salon ext\u00e9rieur<\/li>\n\n\n\n<li>Linge de lit et serviettes inclus<\/li>\n\n\n\n<li>Environnement calme et verdoyant<\/li>\n\n\n\n<li>Acc\u00e8s \u00e0 la piscine<\/li>\n\n\n\n<li>Proche de la plage<\/li>\n<\/ul>\n<\/div>\n<\/div>\n\n<h3 class=\"wp-block-heading has-text-align-center has-body-font-family has-medium-font-size\"><strong>Bon \u00e0 savoir avant de r\u00e9server<\/strong><\/h3>\n\n<ul class=\"wp-block-list\">\n<li>Arriv\u00e9e \u00e0 partir de 15h00<\/li>\n\n\n\n<li>D\u00e9part jusqu&#8217;\u00e0 11h00<\/li>\n\n\n\n<li>Bungalow non-fumeur<\/li>\n\n\n\n<li>Id\u00e9al pour les familles et les couples<\/li>\n\n\n\n<li>Environnement paisible au sein du complexe<\/li>\n<\/ul>\n\n<p><\/p>\n","protected":false},"excerpt":{"rendered":"<p>Bungalow 811 \u00e0 Maspalomas Le bungalow 811 est un bungalow de vacances confortable situ\u00e9 dans un quartier calme et verdoyant de Maspalomas, dans le sud ensoleill\u00e9 de Gran Canaria.C&#8217;est un excellent choix pour les clients qui recherchent un s\u00e9jour paisible, de l&#8217;intimit\u00e9 et une atmosph\u00e8re de vacances d\u00e9tendue, loin des zones touristiques anim\u00e9es. Quartier vert [&hellip;]<\/p>\n","protected":false},"author":1,"featured_media":0,"parent":0,"menu_order":0,"comment_status":"closed","ping_status":"closed","template":"","meta":{"footnotes":""},"class_list":["post-2204","page","type-page","status-publish","hentry"],"_links":{"self":[{"href":"https:\/\/green-oasis.eu\/fr\/wp-json\/wp\/v2\/pages\/2204","targetHints":{"allow":["GET"]}}],"collection":[{"href":"https:\/\/green-oasis.eu\/fr\/wp-json\/wp\/v2\/pages"}],"about":[{"href":"https:\/\/green-oasis.eu\/fr\/wp-json\/wp\/v2\/types\/page"}],"author":[{"embeddable":true,"href":"https:\/\/green-oasis.eu\/fr\/wp-json\/wp\/v2\/users\/1"}],"replies":[{"embeddable":true,"href":"https:\/\/green-oasis.eu\/fr\/wp-json\/wp\/v2\/comments?post=2204"}],"version-history":[{"count":3,"href":"https:\/\/green-oasis.eu\/fr\/wp-json\/wp\/v2\/pages\/2204\/revisions"}],"predecessor-version":[{"id":2350,"href":"https:\/\/green-oasis.eu\/fr\/wp-json\/wp\/v2\/pages\/2204\/revisions\/2350"}],"wp:attachment":[{"href":"https:\/\/green-oasis.eu\/fr\/wp-json\/wp\/v2\/media?parent=2204"}],"curies":[{"name":"wp","href":"https:\/\/api.w.org\/{rel}","templated":true}]}}