{"id":2202,"date":"2025-12-22T20:42:50","date_gmt":"2025-12-22T19:42:50","guid":{"rendered":"https:\/\/green-oasis.eu\/bungalow-604\/"},"modified":"2026-01-01T16:43:32","modified_gmt":"2026-01-01T15:43:32","slug":"bungalow-604","status":"publish","type":"page","link":"https:\/\/green-oasis.eu\/fr\/bungalow-604\/","title":{"rendered":"Bungalow 604"},"content":{"rendered":"\n<h1 class=\"wp-block-heading has-x-large-font-size\">Bungalow 604 \u00e0 Maspalomas<\/h1>\n\n<h2 class=\"wp-block-heading has-body-font-family has-medium-font-size\">Bungalow de vacances spacieux avec terrasse priv\u00e9e<\/h2>\n\n<h2 class=\"wp-block-heading has-body-font-family has-small-font-size\">Bungalow confortable \u00e0 Maspalomas avec terrasse priv\u00e9e, id\u00e9al pour les couples ou les petites familles.<\/h2>\n\n<div class=\"wp-block-buttons is-layout-flex wp-block-buttons-is-layout-flex\">\n<div class=\"wp-block-button\"><a class=\"wp-block-button__link wp-element-button\" href=\"https:\/\/green-oasis.eu\/reservation\/\">V\u00e9rifier la disponibilit\u00e9<\/a><\/div>\n<\/div>\n\n<figure class=\"wp-block-gallery has-nested-images columns-default is-cropped wp-block-gallery-1 is-layout-flex wp-block-gallery-is-layout-flex\">\n<figure class=\"wp-block-image size-large\"><img loading=\"lazy\" decoding=\"async\" width=\"1024\" height=\"1024\" data-id=\"1882\" src=\"https:\/\/green-oasis.eu\/wp-content\/uploads\/2025\/12\/604_8-1024x1024.jpg\" alt=\"\" class=\"wp-image-1882\" srcset=\"https:\/\/green-oasis.eu\/wp-content\/uploads\/2025\/12\/604_8-1024x1024.jpg 1024w, https:\/\/green-oasis.eu\/wp-content\/uploads\/2025\/12\/604_8-300x300.jpg 300w, https:\/\/green-oasis.eu\/wp-content\/uploads\/2025\/12\/604_8-150x150.jpg 150w, https:\/\/green-oasis.eu\/wp-content\/uploads\/2025\/12\/604_8-768x768.jpg 768w, https:\/\/green-oasis.eu\/wp-content\/uploads\/2025\/12\/604_8.jpg 1200w\" sizes=\"auto, (max-width: 1024px) 100vw, 1024px\" \/><\/figure>\n\n\n\n<figure class=\"wp-block-image size-large\"><img loading=\"lazy\" decoding=\"async\" width=\"1024\" height=\"1024\" data-id=\"1881\" src=\"https:\/\/green-oasis.eu\/wp-content\/uploads\/2025\/12\/604_9-1024x1024.jpg\" alt=\"\" class=\"wp-image-1881\" srcset=\"https:\/\/green-oasis.eu\/wp-content\/uploads\/2025\/12\/604_9-1024x1024.jpg 1024w, https:\/\/green-oasis.eu\/wp-content\/uploads\/2025\/12\/604_9-300x300.jpg 300w, https:\/\/green-oasis.eu\/wp-content\/uploads\/2025\/12\/604_9-150x150.jpg 150w, https:\/\/green-oasis.eu\/wp-content\/uploads\/2025\/12\/604_9-768x768.jpg 768w, https:\/\/green-oasis.eu\/wp-content\/uploads\/2025\/12\/604_9.jpg 1200w\" sizes=\"auto, (max-width: 1024px) 100vw, 1024px\" \/><\/figure>\n\n\n\n<figure class=\"wp-block-image size-large\"><img loading=\"lazy\" decoding=\"async\" width=\"1024\" height=\"1024\" data-id=\"1880\" src=\"https:\/\/green-oasis.eu\/wp-content\/uploads\/2025\/12\/604_7-1024x1024.jpg\" alt=\"\" class=\"wp-image-1880\" srcset=\"https:\/\/green-oasis.eu\/wp-content\/uploads\/2025\/12\/604_7-1024x1024.jpg 1024w, https:\/\/green-oasis.eu\/wp-content\/uploads\/2025\/12\/604_7-300x300.jpg 300w, https:\/\/green-oasis.eu\/wp-content\/uploads\/2025\/12\/604_7-150x150.jpg 150w, https:\/\/green-oasis.eu\/wp-content\/uploads\/2025\/12\/604_7-768x768.jpg 768w, https:\/\/green-oasis.eu\/wp-content\/uploads\/2025\/12\/604_7.jpg 1200w\" sizes=\"auto, (max-width: 1024px) 100vw, 1024px\" \/><\/figure>\n\n\n\n<figure class=\"wp-block-image size-large\"><img loading=\"lazy\" decoding=\"async\" width=\"1024\" height=\"1024\" data-id=\"1886\" src=\"https:\/\/green-oasis.eu\/wp-content\/uploads\/2025\/12\/604_3-1024x1024.jpg\" alt=\"\" class=\"wp-image-1886\" srcset=\"https:\/\/green-oasis.eu\/wp-content\/uploads\/2025\/12\/604_3-1024x1024.jpg 1024w, https:\/\/green-oasis.eu\/wp-content\/uploads\/2025\/12\/604_3-300x300.jpg 300w, https:\/\/green-oasis.eu\/wp-content\/uploads\/2025\/12\/604_3-150x150.jpg 150w, https:\/\/green-oasis.eu\/wp-content\/uploads\/2025\/12\/604_3-768x768.jpg 768w, https:\/\/green-oasis.eu\/wp-content\/uploads\/2025\/12\/604_3.jpg 1200w\" sizes=\"auto, (max-width: 1024px) 100vw, 1024px\" \/><\/figure>\n\n\n\n<figure class=\"wp-block-image size-large\"><img loading=\"lazy\" decoding=\"async\" width=\"1024\" height=\"1024\" data-id=\"1885\" src=\"https:\/\/green-oasis.eu\/wp-content\/uploads\/2025\/12\/604_4-1024x1024.jpg\" alt=\"\" class=\"wp-image-1885\" srcset=\"https:\/\/green-oasis.eu\/wp-content\/uploads\/2025\/12\/604_4-1024x1024.jpg 1024w, https:\/\/green-oasis.eu\/wp-content\/uploads\/2025\/12\/604_4-300x300.jpg 300w, https:\/\/green-oasis.eu\/wp-content\/uploads\/2025\/12\/604_4-150x150.jpg 150w, https:\/\/green-oasis.eu\/wp-content\/uploads\/2025\/12\/604_4-768x768.jpg 768w, https:\/\/green-oasis.eu\/wp-content\/uploads\/2025\/12\/604_4.jpg 1200w\" sizes=\"auto, (max-width: 1024px) 100vw, 1024px\" \/><\/figure>\n\n\n\n<figure class=\"wp-block-image size-large\"><img loading=\"lazy\" decoding=\"async\" width=\"1024\" height=\"1024\" data-id=\"1884\" src=\"https:\/\/green-oasis.eu\/wp-content\/uploads\/2025\/12\/604_5-1024x1024.jpg\" alt=\"\" class=\"wp-image-1884\" srcset=\"https:\/\/green-oasis.eu\/wp-content\/uploads\/2025\/12\/604_5-1024x1024.jpg 1024w, https:\/\/green-oasis.eu\/wp-content\/uploads\/2025\/12\/604_5-300x300.jpg 300w, https:\/\/green-oasis.eu\/wp-content\/uploads\/2025\/12\/604_5-150x150.jpg 150w, https:\/\/green-oasis.eu\/wp-content\/uploads\/2025\/12\/604_5-768x768.jpg 768w, https:\/\/green-oasis.eu\/wp-content\/uploads\/2025\/12\/604_5.jpg 1200w\" sizes=\"auto, (max-width: 1024px) 100vw, 1024px\" \/><\/figure>\n<\/figure>\n\n<p class=\"has-medium-font-size\">Le bungalow 604 est un bungalow de vacances spacieux et confortable situ\u00e9 dans un quartier calme et verdoyant de Green Oasis \u00e0 Maspalomas.<br\/>La terrasse priv\u00e9e et l&#8217;int\u00e9rieur enti\u00e8rement \u00e9quip\u00e9 offrent un espace id\u00e9al pour la d\u00e9tente, l&#8217;intimit\u00e9 et pour profiter du climat ensoleill\u00e9 de Gran Canaria.<br\/>Parfait pour les couples ou les familles \u00e0 la recherche de confort et d&#8217;une atmosph\u00e8re de vacances paisible.<\/p>\n\n<h3 class=\"wp-block-heading has-text-align-center has-body-font-family has-medium-font-size\"><strong>Features<\/strong><\/h3>\n\n<div class=\"wp-block-columns is-layout-flex wp-container-core-columns-is-layout-28f84493 wp-block-columns-is-layout-flex\">\n<div class=\"wp-block-column is-layout-flow wp-block-column-is-layout-flow\">\n<ul class=\"wp-block-list\">\n<li>Cuisine enti\u00e8rement \u00e9quip\u00e9e<\/li>\n\n\n\n<li>Salon avec coin salon<\/li>\n\n\n\n<li>Chambre avec lit confortable<\/li>\n\n\n\n<li>Salle de bain avec douche<\/li>\n\n\n\n<li>Climatisation<\/li>\n\n\n\n<li>Wi-Fi gratuit<\/li>\n<\/ul>\n<\/div>\n\n\n\n<div class=\"wp-block-column is-layout-flow wp-block-column-is-layout-flow\">\n<ul class=\"wp-block-list\">\n<li>Terrasse priv\u00e9e<\/li>\n\n\n\n<li>Coin salon ext\u00e9rieur<\/li>\n\n\n\n<li>Linge de lit et serviettes inclus<\/li>\n\n\n\n<li>Environnement calme et verdoyant<\/li>\n\n\n\n<li>Acc\u00e8s \u00e0 la piscine<\/li>\n\n\n\n<li>Proche de la plage<\/li>\n<\/ul>\n<\/div>\n<\/div>\n\n<h3 class=\"wp-block-heading has-text-align-center has-body-font-family has-medium-font-size\"><strong>Bon \u00e0 savoir avant de r\u00e9server<\/strong><\/h3>\n\n<ul class=\"wp-block-list\">\n<li>Arriv\u00e9e \u00e0 partir de 15h00<\/li>\n\n\n\n<li>D\u00e9part jusqu&#8217;\u00e0 11h00<\/li>\n\n\n\n<li>Bungalow non-fumeur<\/li>\n\n\n\n<li>Id\u00e9al pour les couples et les familles<\/li>\n<\/ul>\n\n<p><\/p>\n","protected":false},"excerpt":{"rendered":"<p>Bungalow 604 \u00e0 Maspalomas Bungalow de vacances spacieux avec terrasse priv\u00e9e Bungalow confortable \u00e0 Maspalomas avec terrasse priv\u00e9e, id\u00e9al pour les couples ou les petites familles. Le bungalow 604 est un bungalow de vacances spacieux et confortable situ\u00e9 dans un quartier calme et verdoyant de Green Oasis \u00e0 Maspalomas.La terrasse priv\u00e9e et l&#8217;int\u00e9rieur enti\u00e8rement \u00e9quip\u00e9 [&hellip;]<\/p>\n","protected":false},"author":1,"featured_media":0,"parent":0,"menu_order":0,"comment_status":"closed","ping_status":"closed","template":"","meta":{"footnotes":""},"class_list":["post-2202","page","type-page","status-publish","hentry"],"_links":{"self":[{"href":"https:\/\/green-oasis.eu\/fr\/wp-json\/wp\/v2\/pages\/2202","targetHints":{"allow":["GET"]}}],"collection":[{"href":"https:\/\/green-oasis.eu\/fr\/wp-json\/wp\/v2\/pages"}],"about":[{"href":"https:\/\/green-oasis.eu\/fr\/wp-json\/wp\/v2\/types\/page"}],"author":[{"embeddable":true,"href":"https:\/\/green-oasis.eu\/fr\/wp-json\/wp\/v2\/users\/1"}],"replies":[{"embeddable":true,"href":"https:\/\/green-oasis.eu\/fr\/wp-json\/wp\/v2\/comments?post=2202"}],"version-history":[{"count":3,"href":"https:\/\/green-oasis.eu\/fr\/wp-json\/wp\/v2\/pages\/2202\/revisions"}],"predecessor-version":[{"id":2330,"href":"https:\/\/green-oasis.eu\/fr\/wp-json\/wp\/v2\/pages\/2202\/revisions\/2330"}],"wp:attachment":[{"href":"https:\/\/green-oasis.eu\/fr\/wp-json\/wp\/v2\/media?parent=2202"}],"curies":[{"name":"wp","href":"https:\/\/api.w.org\/{rel}","templated":true}]}}