{"id":2194,"date":"2025-12-22T20:39:12","date_gmt":"2025-12-22T19:39:12","guid":{"rendered":"https:\/\/green-oasis.eu\/bungalow-603\/"},"modified":"2026-01-01T16:42:08","modified_gmt":"2026-01-01T15:42:08","slug":"bungalow-603","status":"publish","type":"page","link":"https:\/\/green-oasis.eu\/fr\/bungalow-603\/","title":{"rendered":"Bungalow 603"},"content":{"rendered":"\n<h1 class=\"wp-block-heading has-x-large-font-size\">Bungalow 603 \u00e0 Maspalomas<\/h1>\n\n<h2 class=\"wp-block-heading has-text-align-left has-body-font-family has-medium-font-size\">Bungalow de vacances confortable avec terrasse priv\u00e9e \u00e0 Maspalomas<\/h2>\n\n<p class=\"has-small-font-size\">Bungalow lumineux avec terrasse priv\u00e9e, parfait pour des vacances paisibles \u00e0 Gran Canaria.<\/p>\n\n<div class=\"wp-block-buttons is-layout-flex wp-block-buttons-is-layout-flex\">\n<div class=\"wp-block-button\"><a class=\"wp-block-button__link wp-element-button\" href=\"https:\/\/green-oasis.eu\/reservation\/\">V\u00e9rifier la disponibilit\u00e9<\/a><\/div>\n<\/div>\n\n<figure class=\"wp-block-gallery has-nested-images columns-default is-cropped wp-block-gallery-1 is-layout-flex wp-block-gallery-is-layout-flex\">\n<figure class=\"wp-block-image size-large\"><img loading=\"lazy\" decoding=\"async\" width=\"768\" height=\"1024\" data-id=\"1879\" src=\"https:\/\/green-oasis.eu\/wp-content\/uploads\/2025\/12\/603_8-768x1024.jpg\" alt=\"Salon du bungalow 603 &#xE0; Maspalomas\" class=\"wp-image-1879\" srcset=\"https:\/\/green-oasis.eu\/wp-content\/uploads\/2025\/12\/603_8-768x1024.jpg 768w, https:\/\/green-oasis.eu\/wp-content\/uploads\/2025\/12\/603_8-225x300.jpg 225w, https:\/\/green-oasis.eu\/wp-content\/uploads\/2025\/12\/603_8-1152x1536.jpg 1152w, https:\/\/green-oasis.eu\/wp-content\/uploads\/2025\/12\/603_8-1536x2048.jpg 1536w, https:\/\/green-oasis.eu\/wp-content\/uploads\/2025\/12\/603_8-scaled.jpg 1920w\" sizes=\"auto, (max-width: 768px) 100vw, 768px\" \/><\/figure>\n\n\n\n<figure class=\"wp-block-image size-large\"><img loading=\"lazy\" decoding=\"async\" width=\"768\" height=\"1024\" data-id=\"1876\" src=\"https:\/\/green-oasis.eu\/wp-content\/uploads\/2025\/12\/603_9-768x1024.jpg\" alt=\"Terrasse priv&#xE9;e du bungalow 603 &#xE0; Gran Canaria\" class=\"wp-image-1876\" srcset=\"https:\/\/green-oasis.eu\/wp-content\/uploads\/2025\/12\/603_9-768x1024.jpg 768w, https:\/\/green-oasis.eu\/wp-content\/uploads\/2025\/12\/603_9-225x300.jpg 225w, https:\/\/green-oasis.eu\/wp-content\/uploads\/2025\/12\/603_9-1152x1536.jpg 1152w, https:\/\/green-oasis.eu\/wp-content\/uploads\/2025\/12\/603_9-1536x2048.jpg 1536w, https:\/\/green-oasis.eu\/wp-content\/uploads\/2025\/12\/603_9-scaled.jpg 1920w\" sizes=\"auto, (max-width: 768px) 100vw, 768px\" \/><\/figure>\n\n\n\n<figure class=\"wp-block-image size-large\"><img loading=\"lazy\" decoding=\"async\" width=\"768\" height=\"1024\" data-id=\"1873\" src=\"https:\/\/green-oasis.eu\/wp-content\/uploads\/2025\/12\/603_7-768x1024.jpg\" alt=\"Cuisine confortable avec coin repas\" class=\"wp-image-1873\" srcset=\"https:\/\/green-oasis.eu\/wp-content\/uploads\/2025\/12\/603_7-768x1024.jpg 768w, https:\/\/green-oasis.eu\/wp-content\/uploads\/2025\/12\/603_7-225x300.jpg 225w, https:\/\/green-oasis.eu\/wp-content\/uploads\/2025\/12\/603_7-1152x1536.jpg 1152w, https:\/\/green-oasis.eu\/wp-content\/uploads\/2025\/12\/603_7-1536x2048.jpg 1536w, https:\/\/green-oasis.eu\/wp-content\/uploads\/2025\/12\/603_7-scaled.jpg 1920w\" sizes=\"auto, (max-width: 768px) 100vw, 768px\" \/><\/figure>\n\n\n\n<figure class=\"wp-block-image size-large\"><img loading=\"lazy\" decoding=\"async\" width=\"768\" height=\"1024\" data-id=\"1877\" src=\"https:\/\/green-oasis.eu\/wp-content\/uploads\/2025\/12\/603_1-768x1024.jpg\" alt=\"Chambre dans un bungalow de vacances &#xE0; Maspalomas\" class=\"wp-image-1877\" srcset=\"https:\/\/green-oasis.eu\/wp-content\/uploads\/2025\/12\/603_1-768x1024.jpg 768w, https:\/\/green-oasis.eu\/wp-content\/uploads\/2025\/12\/603_1-225x300.jpg 225w, https:\/\/green-oasis.eu\/wp-content\/uploads\/2025\/12\/603_1-1152x1536.jpg 1152w, https:\/\/green-oasis.eu\/wp-content\/uploads\/2025\/12\/603_1-1536x2048.jpg 1536w, https:\/\/green-oasis.eu\/wp-content\/uploads\/2025\/12\/603_1-scaled.jpg 1920w\" sizes=\"auto, (max-width: 768px) 100vw, 768px\" \/><\/figure>\n\n\n\n<figure class=\"wp-block-image size-large\"><img loading=\"lazy\" decoding=\"async\" width=\"768\" height=\"1024\" data-id=\"1874\" src=\"https:\/\/green-oasis.eu\/wp-content\/uploads\/2025\/12\/603_5-768x1024.jpg\" alt=\"Salle de bain moderne avec serviettes color&#xE9;es\" class=\"wp-image-1874\" srcset=\"https:\/\/green-oasis.eu\/wp-content\/uploads\/2025\/12\/603_5-768x1024.jpg 768w, https:\/\/green-oasis.eu\/wp-content\/uploads\/2025\/12\/603_5-225x300.jpg 225w, https:\/\/green-oasis.eu\/wp-content\/uploads\/2025\/12\/603_5-1152x1536.jpg 1152w, https:\/\/green-oasis.eu\/wp-content\/uploads\/2025\/12\/603_5-1536x2048.jpg 1536w, https:\/\/green-oasis.eu\/wp-content\/uploads\/2025\/12\/603_5-scaled.jpg 1920w\" sizes=\"auto, (max-width: 768px) 100vw, 768px\" \/><\/figure>\n\n\n\n<figure class=\"wp-block-image size-large\"><img loading=\"lazy\" decoding=\"async\" width=\"768\" height=\"1024\" data-id=\"1872\" src=\"https:\/\/green-oasis.eu\/wp-content\/uploads\/2025\/12\/603_4-768x1024.jpg\" alt=\"Vue sur la piscine et les palmiers\" class=\"wp-image-1872\" srcset=\"https:\/\/green-oasis.eu\/wp-content\/uploads\/2025\/12\/603_4-768x1024.jpg 768w, https:\/\/green-oasis.eu\/wp-content\/uploads\/2025\/12\/603_4-225x300.jpg 225w, https:\/\/green-oasis.eu\/wp-content\/uploads\/2025\/12\/603_4-1152x1536.jpg 1152w, https:\/\/green-oasis.eu\/wp-content\/uploads\/2025\/12\/603_4-1536x2048.jpg 1536w, https:\/\/green-oasis.eu\/wp-content\/uploads\/2025\/12\/603_4-scaled.jpg 1920w\" sizes=\"auto, (max-width: 768px) 100vw, 768px\" \/><\/figure>\n<\/figure>\n\n<p>Le Bungalow 603 est un bungalow de vacances lumineux et confortable situ\u00e9 dans le quartier calme et verdoyant de Green Oasis \u00e0 Maspalomas.<br\/>La terrasse priv\u00e9e et l&#8217;int\u00e9rieur enti\u00e8rement \u00e9quip\u00e9 en font un choix id\u00e9al pour un s\u00e9jour de d\u00e9tente dans le sud ensoleill\u00e9 de Gran Canaria.<\/p>\n\n<h3 class=\"wp-block-heading has-text-align-center has-body-font-family has-medium-font-size\"><strong>Features<\/strong><\/h3>\n\n<div class=\"wp-block-columns is-layout-flex wp-container-core-columns-is-layout-28f84493 wp-block-columns-is-layout-flex\">\n<div class=\"wp-block-column is-layout-flow wp-block-column-is-layout-flow\">\n<ul class=\"wp-block-list\">\n<li>Cuisine enti\u00e8rement \u00e9quip\u00e9e<\/li>\n\n\n\n<li>Salon avec coin salon<\/li>\n\n\n\n<li>Chambre avec lit confortable<\/li>\n\n\n\n<li>Salle de bain avec douche<\/li>\n\n\n\n<li>Climatisation<\/li>\n\n\n\n<li>Wi-Fi gratuit<\/li>\n<\/ul>\n<\/div>\n\n\n\n<div class=\"wp-block-column is-layout-flow wp-block-column-is-layout-flow\">\n<ul class=\"wp-block-list\">\n<li>Terrasse priv\u00e9e<\/li>\n\n\n\n<li>Coin salon ext\u00e9rieur<\/li>\n\n\n\n<li>Linge de lit et serviettes inclus<\/li>\n\n\n\n<li>Environnement calme et verdoyant<\/li>\n\n\n\n<li>Acc\u00e8s \u00e0 la piscine<\/li>\n\n\n\n<li>Proche de la plage<\/li>\n<\/ul>\n<\/div>\n<\/div>\n\n<h3 class=\"wp-block-heading has-text-align-center has-body-font-family has-medium-font-size\"><strong>Bon \u00e0 savoir avant de r\u00e9server<\/strong><\/h3>\n\n<ul class=\"wp-block-list\">\n<li>Arriv\u00e9e \u00e0 partir de 15h00<\/li>\n\n\n\n<li>D\u00e9part jusqu&#8217;\u00e0 11h00<\/li>\n\n\n\n<li>Bungalow non-fumeur<\/li>\n\n\n\n<li>Id\u00e9al pour les couples et les petites familles<\/li>\n<\/ul>\n\n<div class=\"wp-block-buttons is-layout-flex wp-block-buttons-is-layout-flex\">\n<div class=\"wp-block-button\"><a class=\"wp-block-button__link wp-element-button\" href=\"https:\/\/green-oasis.eu\/reservation\/\">V\u00e9rifier la disponibilit\u00e9<\/a><\/div>\n<\/div>\n\n<p><\/p>\n","protected":false},"excerpt":{"rendered":"<p>Bungalow 603 \u00e0 Maspalomas Bungalow de vacances confortable avec terrasse priv\u00e9e \u00e0 Maspalomas Bungalow lumineux avec terrasse priv\u00e9e, parfait pour des vacances paisibles \u00e0 Gran Canaria. Le Bungalow 603 est un bungalow de vacances lumineux et confortable situ\u00e9 dans le quartier calme et verdoyant de Green Oasis \u00e0 Maspalomas.La terrasse priv\u00e9e et l&#8217;int\u00e9rieur enti\u00e8rement \u00e9quip\u00e9 [&hellip;]<\/p>\n","protected":false},"author":1,"featured_media":0,"parent":0,"menu_order":0,"comment_status":"closed","ping_status":"closed","template":"","meta":{"footnotes":""},"class_list":["post-2194","page","type-page","status-publish","hentry"],"_links":{"self":[{"href":"https:\/\/green-oasis.eu\/fr\/wp-json\/wp\/v2\/pages\/2194","targetHints":{"allow":["GET"]}}],"collection":[{"href":"https:\/\/green-oasis.eu\/fr\/wp-json\/wp\/v2\/pages"}],"about":[{"href":"https:\/\/green-oasis.eu\/fr\/wp-json\/wp\/v2\/types\/page"}],"author":[{"embeddable":true,"href":"https:\/\/green-oasis.eu\/fr\/wp-json\/wp\/v2\/users\/1"}],"replies":[{"embeddable":true,"href":"https:\/\/green-oasis.eu\/fr\/wp-json\/wp\/v2\/comments?post=2194"}],"version-history":[{"count":4,"href":"https:\/\/green-oasis.eu\/fr\/wp-json\/wp\/v2\/pages\/2194\/revisions"}],"predecessor-version":[{"id":2321,"href":"https:\/\/green-oasis.eu\/fr\/wp-json\/wp\/v2\/pages\/2194\/revisions\/2321"}],"wp:attachment":[{"href":"https:\/\/green-oasis.eu\/fr\/wp-json\/wp\/v2\/media?parent=2194"}],"curies":[{"name":"wp","href":"https:\/\/api.w.org\/{rel}","templated":true}]}}