{"id":2192,"date":"2025-12-22T16:25:27","date_gmt":"2025-12-22T15:25:27","guid":{"rendered":"https:\/\/green-oasis.eu\/verifier-la-disponibilite-et-reserver-votre-sejour\/"},"modified":"2025-12-30T18:52:17","modified_gmt":"2025-12-30T17:52:17","slug":"verifier-la-disponibilite-et-reserver-votre-sejour","status":"publish","type":"page","link":"https:\/\/green-oasis.eu\/fr\/verifier-la-disponibilite-et-reserver-votre-sejour\/","title":{"rendered":"V\u00e9rifier la disponibilit\u00e9 et r\u00e9server votre s\u00e9jour"},"content":{"rendered":"\n<h1 class=\"wp-block-heading has-text-align-center\">V\u00e9rifiez la disponibilit\u00e9 et r\u00e9servez votre s\u00e9jour en ligne<\/h1>\n\n\n\n<p class=\"has-text-align-center\">Meilleur prix garanti. R\u00e9servation en ligne s\u00e9curis\u00e9e<br>Pour toute question, n&#8217;h\u00e9sitez pas \u00e0 nous contacter.<\/p>\n\n\n\n<script src=\"https:\/\/ajax.googleapis.com\/ajax\/libs\/jquery\/3.2.1\/jquery.min.js\"> <\/script>\n<script type=\"text\/javascript\" src=\"https:\/\/panel.hotres.pl\/public\/api\/hotres_v4.js\"><\/script>\n<div id=\"hotresContainer\"><\/div>\n<script>\nwindow.addEventListener('load', (event) => \n{\ncreateHotres({\"oid\":510,\"lang\":\"fr\",\"rid\":\"8376\"});\n});\n<\/script>\n\n\n\n<h2 class=\"wp-block-heading has-text-align-center\">Besoin d&#8217;aide pour votre r\u00e9servation&nbsp;?<\/h2>\n\n\n\n<p class=\"has-text-align-center\">Si vous pr\u00e9f\u00e9rez, vous pouvez nous contacter directement par e-mail ou par t\u00e9l\u00e9phone \/ WhatsApp.<\/p>\n\n\n\n<p><\/p>\n","protected":false},"excerpt":{"rendered":"<p>V\u00e9rifiez la disponibilit\u00e9 et r\u00e9servez votre s\u00e9jour en ligne Meilleur prix garanti. R\u00e9servation en ligne s\u00e9curis\u00e9ePour toute question, n&#8217;h\u00e9sitez pas \u00e0 nous contacter. Besoin d&#8217;aide pour votre r\u00e9servation&nbsp;? Si vous pr\u00e9f\u00e9rez, vous pouvez nous contacter directement par e-mail ou par t\u00e9l\u00e9phone \/ WhatsApp.<\/p>\n","protected":false},"author":1,"featured_media":0,"parent":0,"menu_order":0,"comment_status":"closed","ping_status":"closed","template":"","meta":{"footnotes":""},"class_list":["post-2192","page","type-page","status-publish","hentry"],"_links":{"self":[{"href":"https:\/\/green-oasis.eu\/fr\/wp-json\/wp\/v2\/pages\/2192","targetHints":{"allow":["GET"]}}],"collection":[{"href":"https:\/\/green-oasis.eu\/fr\/wp-json\/wp\/v2\/pages"}],"about":[{"href":"https:\/\/green-oasis.eu\/fr\/wp-json\/wp\/v2\/types\/page"}],"author":[{"embeddable":true,"href":"https:\/\/green-oasis.eu\/fr\/wp-json\/wp\/v2\/users\/1"}],"replies":[{"embeddable":true,"href":"https:\/\/green-oasis.eu\/fr\/wp-json\/wp\/v2\/comments?post=2192"}],"version-history":[{"count":3,"href":"https:\/\/green-oasis.eu\/fr\/wp-json\/wp\/v2\/pages\/2192\/revisions"}],"predecessor-version":[{"id":2276,"href":"https:\/\/green-oasis.eu\/fr\/wp-json\/wp\/v2\/pages\/2192\/revisions\/2276"}],"wp:attachment":[{"href":"https:\/\/green-oasis.eu\/fr\/wp-json\/wp\/v2\/media?parent=2192"}],"curies":[{"name":"wp","href":"https:\/\/api.w.org\/{rel}","templated":true}]}}