{"id":2177,"date":"2025-12-22T16:25:02","date_gmt":"2025-12-22T15:25:02","guid":{"rendered":"https:\/\/green-oasis.eu\/nos-bungalows-de-vacances\/"},"modified":"2025-12-30T18:12:37","modified_gmt":"2025-12-30T17:12:37","slug":"nos-bungalows-de-vacances","status":"publish","type":"page","link":"https:\/\/green-oasis.eu\/fr\/nos-bungalows-de-vacances\/","title":{"rendered":"Nos bungalows de vacances"},"content":{"rendered":"\n<h1 class=\"wp-block-heading\">Nos bungalows de vacances<\/h1>\n\n\n\n<p class=\"has-text-align-center\">D\u00e9couvrez nos confortables bungalows de vacances, parfaits pour un s\u00e9jour de d\u00e9tente \u00e0 Gran Canaria.<\/p>\n\n\n\n<h2 class=\"wp-block-heading\">Bungalow 603<\/h2>\n\n\n\n<p>Bungalow confortable avec terrasse priv\u00e9e, int\u00e9rieur lumineux et acc\u00e8s direct au jardin, id\u00e9al pour les couples ou les petites familles.<\/p>\n\n\n\n<div class=\"wp-block-buttons is-layout-flex wp-block-buttons-is-layout-flex\">\n<div class=\"wp-block-button\"><a class=\"wp-block-button__link wp-element-button\" href=\"https:\/\/green-oasis.eu\/fr\/bungalow-603\/\">Voir le bungalow<\/a><\/div>\n<\/div>\n\n\n\n<h2 class=\"wp-block-heading\">Bungalow 604<\/h2>\n\n\n\n<p>Bungalow spacieux et enti\u00e8rement \u00e9quip\u00e9 avec terrasse priv\u00e9e, offrant un confort suppl\u00e9mentaire et une atmosph\u00e8re relaxante.<\/p>\n\n\n\n<div class=\"wp-block-buttons is-layout-flex wp-block-buttons-is-layout-flex\">\n<div class=\"wp-block-button\"><a class=\"wp-block-button__link wp-element-button\" href=\"https:\/\/green-oasis.eu\/fr\/bungalow-604\/\">Voir le bungalow<\/a><\/div>\n<\/div>\n\n\n\n<h2 class=\"wp-block-heading\">Bungalow 811<\/h2>\n\n\n\n<p>Bungalow confortable avec terrasse priv\u00e9e, situ\u00e9 dans une partie calme du complexe, parfait pour un s\u00e9jour paisible.<\/p>\n\n\n\n<div class=\"wp-block-buttons is-layout-flex wp-block-buttons-is-layout-flex\">\n<div class=\"wp-block-button\"><a class=\"wp-block-button__link wp-element-button\" href=\"https:\/\/green-oasis.eu\/fr\/bungalow-811\/\">Voir le bungalow<\/a><\/div>\n<\/div>\n\n\n\n<h2 class=\"wp-block-heading\">Bungalow 1207<\/h2>\n\n\n\n<p>Bungalow de vacances confortable avec terrasse priv\u00e9e, entour\u00e9 de verdure, id\u00e9al pour les couples en qu\u00eate d&#8217;intimit\u00e9 et de calme.<\/p>\n\n\n\n<div class=\"wp-block-buttons is-layout-flex wp-block-buttons-is-layout-flex\">\n<div class=\"wp-block-button\"><a class=\"wp-block-button__link wp-element-button\" href=\"https:\/\/green-oasis.eu\/fr\/bungalow-1207\/\">Voir le bungalow<\/a><\/div>\n<\/div>\n\n\n\n<h2 class=\"wp-block-heading\">Bon \u00e0 savoir<\/h2>\n\n\n\n<ul class=\"wp-block-list\">\n<li>Tous les bungalows sont enti\u00e8rement \u00e9quip\u00e9s<\/li>\n\n\n\n<li>Linge de lit et serviettes fournis<\/li>\n\n\n\n<li>Wi-Fi gratuit<\/li>\n\n\n\n<li>Environnement calme et verdoyant<\/li>\n<\/ul>\n\n\n\n<p><\/p>\n","protected":false},"excerpt":{"rendered":"<p>Nos bungalows de vacances D\u00e9couvrez nos confortables bungalows de vacances, parfaits pour un s\u00e9jour de d\u00e9tente \u00e0 Gran Canaria. Bungalow 603 Bungalow confortable avec terrasse priv\u00e9e, int\u00e9rieur lumineux et acc\u00e8s direct au jardin, id\u00e9al pour les couples ou les petites familles. Bungalow 604 Bungalow spacieux et enti\u00e8rement \u00e9quip\u00e9 avec terrasse priv\u00e9e, offrant un confort suppl\u00e9mentaire [&hellip;]<\/p>\n","protected":false},"author":1,"featured_media":0,"parent":0,"menu_order":0,"comment_status":"closed","ping_status":"closed","template":"","meta":{"footnotes":""},"class_list":["post-2177","page","type-page","status-publish","hentry"],"_links":{"self":[{"href":"https:\/\/green-oasis.eu\/fr\/wp-json\/wp\/v2\/pages\/2177","targetHints":{"allow":["GET"]}}],"collection":[{"href":"https:\/\/green-oasis.eu\/fr\/wp-json\/wp\/v2\/pages"}],"about":[{"href":"https:\/\/green-oasis.eu\/fr\/wp-json\/wp\/v2\/types\/page"}],"author":[{"embeddable":true,"href":"https:\/\/green-oasis.eu\/fr\/wp-json\/wp\/v2\/users\/1"}],"replies":[{"embeddable":true,"href":"https:\/\/green-oasis.eu\/fr\/wp-json\/wp\/v2\/comments?post=2177"}],"version-history":[{"count":2,"href":"https:\/\/green-oasis.eu\/fr\/wp-json\/wp\/v2\/pages\/2177\/revisions"}],"predecessor-version":[{"id":2220,"href":"https:\/\/green-oasis.eu\/fr\/wp-json\/wp\/v2\/pages\/2177\/revisions\/2220"}],"wp:attachment":[{"href":"https:\/\/green-oasis.eu\/fr\/wp-json\/wp\/v2\/media?parent=2177"}],"curies":[{"name":"wp","href":"https:\/\/api.w.org\/{rel}","templated":true}]}}