{"id":2029,"date":"2025-12-22T20:43:15","date_gmt":"2025-12-22T19:43:15","guid":{"rendered":"https:\/\/green-oasis.eu\/bungalow-811\/"},"modified":"2026-01-01T16:44:32","modified_gmt":"2026-01-01T15:44:32","slug":"bungalow-811","status":"publish","type":"page","link":"https:\/\/green-oasis.eu\/es\/bungalow-811\/","title":{"rendered":"Bungalow 811"},"content":{"rendered":"\n<h1 class=\"wp-block-heading has-x-large-font-size\">Bungalow 811 en Maspalomas<\/h1>\n\n<p>El bungalow 811 es un c\u00f3modo bungalow de vacaciones situado en una zona tranquila y verde de Maspalomas, en el soleado sur de Gran Canaria.<br\/>Es una excelente opci\u00f3n para los hu\u00e9spedes que buscan una estancia tranquila, privacidad y un ambiente relajado de vacaciones lejos de las zonas tur\u00edsticas m\u00e1s concurridas.<\/p>\n\n<h2 class=\"wp-block-heading has-body-font-family has-medium-font-size\">Zona verde y tranquila de Maspalomas<\/h2>\n\n<div class=\"wp-block-buttons is-layout-flex wp-block-buttons-is-layout-flex\">\n<div class=\"wp-block-button\"><a class=\"wp-block-button__link wp-element-button\" href=\"https:\/\/green-oasis.eu\/reservation\/\">Consultar disponibilidad<\/a><\/div>\n<\/div>\n\n<figure class=\"wp-block-gallery has-nested-images columns-default is-cropped wp-block-gallery-1 is-layout-flex wp-block-gallery-is-layout-flex\">\n<figure class=\"wp-block-image size-large\"><img loading=\"lazy\" decoding=\"async\" width=\"768\" height=\"1024\" data-id=\"1891\" src=\"https:\/\/green-oasis.eu\/wp-content\/uploads\/2025\/12\/811_7-768x1024.jpg\" alt=\"\" class=\"wp-image-1891\" srcset=\"https:\/\/green-oasis.eu\/wp-content\/uploads\/2025\/12\/811_7-768x1024.jpg 768w, https:\/\/green-oasis.eu\/wp-content\/uploads\/2025\/12\/811_7-225x300.jpg 225w, https:\/\/green-oasis.eu\/wp-content\/uploads\/2025\/12\/811_7-1152x1536.jpg 1152w, https:\/\/green-oasis.eu\/wp-content\/uploads\/2025\/12\/811_7-1536x2048.jpg 1536w, https:\/\/green-oasis.eu\/wp-content\/uploads\/2025\/12\/811_7-scaled.jpg 1920w\" sizes=\"auto, (max-width: 768px) 100vw, 768px\" \/><\/figure>\n\n\n\n<figure class=\"wp-block-image size-large\"><img loading=\"lazy\" decoding=\"async\" width=\"768\" height=\"1024\" data-id=\"1890\" src=\"https:\/\/green-oasis.eu\/wp-content\/uploads\/2025\/12\/811_8-768x1024.jpg\" alt=\"\" class=\"wp-image-1890\" srcset=\"https:\/\/green-oasis.eu\/wp-content\/uploads\/2025\/12\/811_8-768x1024.jpg 768w, https:\/\/green-oasis.eu\/wp-content\/uploads\/2025\/12\/811_8-225x300.jpg 225w, https:\/\/green-oasis.eu\/wp-content\/uploads\/2025\/12\/811_8-1152x1536.jpg 1152w, https:\/\/green-oasis.eu\/wp-content\/uploads\/2025\/12\/811_8-1536x2048.jpg 1536w, https:\/\/green-oasis.eu\/wp-content\/uploads\/2025\/12\/811_8-scaled.jpg 1920w\" sizes=\"auto, (max-width: 768px) 100vw, 768px\" \/><\/figure>\n\n\n\n<figure class=\"wp-block-image size-large\"><img loading=\"lazy\" decoding=\"async\" width=\"768\" height=\"1024\" data-id=\"1892\" src=\"https:\/\/green-oasis.eu\/wp-content\/uploads\/2025\/12\/811_6-768x1024.jpg\" alt=\"\" class=\"wp-image-1892\" srcset=\"https:\/\/green-oasis.eu\/wp-content\/uploads\/2025\/12\/811_6-768x1024.jpg 768w, https:\/\/green-oasis.eu\/wp-content\/uploads\/2025\/12\/811_6-225x300.jpg 225w, https:\/\/green-oasis.eu\/wp-content\/uploads\/2025\/12\/811_6-1152x1536.jpg 1152w, https:\/\/green-oasis.eu\/wp-content\/uploads\/2025\/12\/811_6-1536x2048.jpg 1536w, https:\/\/green-oasis.eu\/wp-content\/uploads\/2025\/12\/811_6-scaled.jpg 1920w\" sizes=\"auto, (max-width: 768px) 100vw, 768px\" \/><\/figure>\n\n\n\n<figure class=\"wp-block-image size-large\"><img loading=\"lazy\" decoding=\"async\" width=\"768\" height=\"1024\" data-id=\"1897\" src=\"https:\/\/green-oasis.eu\/wp-content\/uploads\/2025\/12\/811_1-768x1024.jpg\" alt=\"\" class=\"wp-image-1897\" srcset=\"https:\/\/green-oasis.eu\/wp-content\/uploads\/2025\/12\/811_1-768x1024.jpg 768w, https:\/\/green-oasis.eu\/wp-content\/uploads\/2025\/12\/811_1-225x300.jpg 225w, https:\/\/green-oasis.eu\/wp-content\/uploads\/2025\/12\/811_1-1152x1536.jpg 1152w, https:\/\/green-oasis.eu\/wp-content\/uploads\/2025\/12\/811_1-1536x2048.jpg 1536w, https:\/\/green-oasis.eu\/wp-content\/uploads\/2025\/12\/811_1-scaled.jpg 1920w\" sizes=\"auto, (max-width: 768px) 100vw, 768px\" \/><\/figure>\n\n\n\n<figure class=\"wp-block-image size-large\"><img loading=\"lazy\" decoding=\"async\" width=\"768\" height=\"1024\" data-id=\"1895\" src=\"https:\/\/green-oasis.eu\/wp-content\/uploads\/2025\/12\/811_3-768x1024.jpg\" alt=\"\" class=\"wp-image-1895\" srcset=\"https:\/\/green-oasis.eu\/wp-content\/uploads\/2025\/12\/811_3-768x1024.jpg 768w, https:\/\/green-oasis.eu\/wp-content\/uploads\/2025\/12\/811_3-225x300.jpg 225w, https:\/\/green-oasis.eu\/wp-content\/uploads\/2025\/12\/811_3-1152x1536.jpg 1152w, https:\/\/green-oasis.eu\/wp-content\/uploads\/2025\/12\/811_3-1536x2048.jpg 1536w, https:\/\/green-oasis.eu\/wp-content\/uploads\/2025\/12\/811_3-scaled.jpg 1920w\" sizes=\"auto, (max-width: 768px) 100vw, 768px\" \/><\/figure>\n\n\n\n<figure class=\"wp-block-image size-large\"><img loading=\"lazy\" decoding=\"async\" width=\"768\" height=\"1024\" data-id=\"1889\" src=\"https:\/\/green-oasis.eu\/wp-content\/uploads\/2025\/12\/811_9-768x1024.jpg\" alt=\"\" class=\"wp-image-1889\" srcset=\"https:\/\/green-oasis.eu\/wp-content\/uploads\/2025\/12\/811_9-768x1024.jpg 768w, https:\/\/green-oasis.eu\/wp-content\/uploads\/2025\/12\/811_9-225x300.jpg 225w, https:\/\/green-oasis.eu\/wp-content\/uploads\/2025\/12\/811_9-1152x1536.jpg 1152w, https:\/\/green-oasis.eu\/wp-content\/uploads\/2025\/12\/811_9-1536x2048.jpg 1536w, https:\/\/green-oasis.eu\/wp-content\/uploads\/2025\/12\/811_9-scaled.jpg 1920w\" sizes=\"auto, (max-width: 768px) 100vw, 768px\" \/><\/figure>\n<\/figure>\n\n<h2 class=\"wp-block-heading has-body-font-family has-medium-font-size\">Zona verde y tranquila de Maspalomas<\/h2>\n\n<p>El bungalow 811 es un c\u00f3modo bungalow de vacaciones situado en una zona tranquila y verde de Maspalomas, en el soleado sur de Gran Canaria.<br\/>Es una opci\u00f3n ideal para los hu\u00e9spedes que buscan una estancia tranquila, privacidad y un ambiente relajado de vacaciones.<\/p>\n\n<h3 class=\"wp-block-heading has-text-align-center has-body-font-family has-medium-font-size\"><strong>Features<\/strong><\/h3>\n\n<div class=\"wp-block-columns is-layout-flex wp-container-core-columns-is-layout-28f84493 wp-block-columns-is-layout-flex\">\n<div class=\"wp-block-column is-layout-flow wp-block-column-is-layout-flow\">\n<ul class=\"wp-block-list\">\n<li>Cocina totalmente equipada<\/li>\n\n\n\n<li>Amplia sala de estar<\/li>\n\n\n\n<li>Dormitorio con cama c\u00f3moda<\/li>\n\n\n\n<li>Ba\u00f1o con ducha<\/li>\n\n\n\n<li>Aire acondicionado<\/li>\n\n\n\n<li>Wi-Fi gratuito<\/li>\n<\/ul>\n<\/div>\n\n\n\n<div class=\"wp-block-column is-layout-flow wp-block-column-is-layout-flow\">\n<ul class=\"wp-block-list\">\n<li>Terraza privada<\/li>\n\n\n\n<li>Zona de estar al aire libre<\/li>\n\n\n\n<li>Ropa de cama y toallas incluidas<\/li>\n\n\n\n<li>Entorno tranquilo y verde<\/li>\n\n\n\n<li>Acceso a la piscina<\/li>\n\n\n\n<li>Cerca de la playa<\/li>\n<\/ul>\n<\/div>\n<\/div>\n\n<h3 class=\"wp-block-heading has-text-align-center has-body-font-family has-medium-font-size\"><strong>Informaci\u00f3n \u00fatil antes de reservar<\/strong><\/h3>\n\n<ul class=\"wp-block-list\">\n<li>Entrada a partir de las 15:00<\/li>\n\n\n\n<li>Salida hasta las 11:00<\/li>\n\n\n\n<li>Bungalow para no fumadores<\/li>\n\n\n\n<li>Ideal para familias y parejas<\/li>\n\n\n\n<li>Entorno tranquilo dentro del complejo<\/li>\n<\/ul>\n\n<p><\/p>\n","protected":false},"excerpt":{"rendered":"<p>Bungalow 811 en Maspalomas El bungalow 811 es un c\u00f3modo bungalow de vacaciones situado en una zona tranquila y verde de Maspalomas, en el soleado sur de Gran Canaria.Es una excelente opci\u00f3n para los hu\u00e9spedes que buscan una estancia tranquila, privacidad y un ambiente relajado de vacaciones lejos de las zonas tur\u00edsticas m\u00e1s concurridas. Zona [&hellip;]<\/p>\n","protected":false},"author":1,"featured_media":0,"parent":0,"menu_order":0,"comment_status":"closed","ping_status":"closed","template":"","meta":{"footnotes":""},"class_list":["post-2029","page","type-page","status-publish","hentry"],"_links":{"self":[{"href":"https:\/\/green-oasis.eu\/es\/wp-json\/wp\/v2\/pages\/2029","targetHints":{"allow":["GET"]}}],"collection":[{"href":"https:\/\/green-oasis.eu\/es\/wp-json\/wp\/v2\/pages"}],"about":[{"href":"https:\/\/green-oasis.eu\/es\/wp-json\/wp\/v2\/types\/page"}],"author":[{"embeddable":true,"href":"https:\/\/green-oasis.eu\/es\/wp-json\/wp\/v2\/users\/1"}],"replies":[{"embeddable":true,"href":"https:\/\/green-oasis.eu\/es\/wp-json\/wp\/v2\/comments?post=2029"}],"version-history":[{"count":5,"href":"https:\/\/green-oasis.eu\/es\/wp-json\/wp\/v2\/pages\/2029\/revisions"}],"predecessor-version":[{"id":2349,"href":"https:\/\/green-oasis.eu\/es\/wp-json\/wp\/v2\/pages\/2029\/revisions\/2349"}],"wp:attachment":[{"href":"https:\/\/green-oasis.eu\/es\/wp-json\/wp\/v2\/media?parent=2029"}],"curies":[{"name":"wp","href":"https:\/\/api.w.org\/{rel}","templated":true}]}}