{"id":2027,"date":"2025-12-22T20:42:50","date_gmt":"2025-12-22T19:42:50","guid":{"rendered":"https:\/\/green-oasis.eu\/bungalow-604\/"},"modified":"2026-01-01T16:43:31","modified_gmt":"2026-01-01T15:43:31","slug":"bungalow-604","status":"publish","type":"page","link":"https:\/\/green-oasis.eu\/es\/bungalow-604\/","title":{"rendered":"Bungalow 604"},"content":{"rendered":"\n<h1 class=\"wp-block-heading has-x-large-font-size\">Bungalow 604 en Maspalomas<\/h1>\n\n<h2 class=\"wp-block-heading has-body-font-family has-medium-font-size\">Amplio bungalow vacacional con terraza privada<\/h2>\n\n<h2 class=\"wp-block-heading has-body-font-family has-small-font-size\">C\u00f3modo bungalow en Maspalomas con terraza privada, ideal para parejas o familias peque\u00f1as.<\/h2>\n\n<div class=\"wp-block-buttons is-layout-flex wp-block-buttons-is-layout-flex\">\n<div class=\"wp-block-button\"><a class=\"wp-block-button__link wp-element-button\" href=\"https:\/\/green-oasis.eu\/reservation\/\">Consultar disponibilidad<\/a><\/div>\n<\/div>\n\n<figure class=\"wp-block-gallery has-nested-images columns-default is-cropped wp-block-gallery-1 is-layout-flex wp-block-gallery-is-layout-flex\">\n<figure class=\"wp-block-image size-large\"><img loading=\"lazy\" decoding=\"async\" width=\"1024\" height=\"1024\" data-id=\"1882\" src=\"https:\/\/green-oasis.eu\/wp-content\/uploads\/2025\/12\/604_8-1024x1024.jpg\" alt=\"\" class=\"wp-image-1882\" srcset=\"https:\/\/green-oasis.eu\/wp-content\/uploads\/2025\/12\/604_8-1024x1024.jpg 1024w, https:\/\/green-oasis.eu\/wp-content\/uploads\/2025\/12\/604_8-300x300.jpg 300w, https:\/\/green-oasis.eu\/wp-content\/uploads\/2025\/12\/604_8-150x150.jpg 150w, https:\/\/green-oasis.eu\/wp-content\/uploads\/2025\/12\/604_8-768x768.jpg 768w, https:\/\/green-oasis.eu\/wp-content\/uploads\/2025\/12\/604_8.jpg 1200w\" sizes=\"auto, (max-width: 1024px) 100vw, 1024px\" \/><\/figure>\n\n\n\n<figure class=\"wp-block-image size-large\"><img loading=\"lazy\" decoding=\"async\" width=\"1024\" height=\"1024\" data-id=\"1881\" src=\"https:\/\/green-oasis.eu\/wp-content\/uploads\/2025\/12\/604_9-1024x1024.jpg\" alt=\"\" class=\"wp-image-1881\" srcset=\"https:\/\/green-oasis.eu\/wp-content\/uploads\/2025\/12\/604_9-1024x1024.jpg 1024w, https:\/\/green-oasis.eu\/wp-content\/uploads\/2025\/12\/604_9-300x300.jpg 300w, https:\/\/green-oasis.eu\/wp-content\/uploads\/2025\/12\/604_9-150x150.jpg 150w, https:\/\/green-oasis.eu\/wp-content\/uploads\/2025\/12\/604_9-768x768.jpg 768w, https:\/\/green-oasis.eu\/wp-content\/uploads\/2025\/12\/604_9.jpg 1200w\" sizes=\"auto, (max-width: 1024px) 100vw, 1024px\" \/><\/figure>\n\n\n\n<figure class=\"wp-block-image size-large\"><img loading=\"lazy\" decoding=\"async\" width=\"1024\" height=\"1024\" data-id=\"1880\" src=\"https:\/\/green-oasis.eu\/wp-content\/uploads\/2025\/12\/604_7-1024x1024.jpg\" alt=\"\" class=\"wp-image-1880\" srcset=\"https:\/\/green-oasis.eu\/wp-content\/uploads\/2025\/12\/604_7-1024x1024.jpg 1024w, https:\/\/green-oasis.eu\/wp-content\/uploads\/2025\/12\/604_7-300x300.jpg 300w, https:\/\/green-oasis.eu\/wp-content\/uploads\/2025\/12\/604_7-150x150.jpg 150w, https:\/\/green-oasis.eu\/wp-content\/uploads\/2025\/12\/604_7-768x768.jpg 768w, https:\/\/green-oasis.eu\/wp-content\/uploads\/2025\/12\/604_7.jpg 1200w\" sizes=\"auto, (max-width: 1024px) 100vw, 1024px\" \/><\/figure>\n\n\n\n<figure class=\"wp-block-image size-large\"><img loading=\"lazy\" decoding=\"async\" width=\"1024\" height=\"1024\" data-id=\"1886\" src=\"https:\/\/green-oasis.eu\/wp-content\/uploads\/2025\/12\/604_3-1024x1024.jpg\" alt=\"\" class=\"wp-image-1886\" srcset=\"https:\/\/green-oasis.eu\/wp-content\/uploads\/2025\/12\/604_3-1024x1024.jpg 1024w, https:\/\/green-oasis.eu\/wp-content\/uploads\/2025\/12\/604_3-300x300.jpg 300w, https:\/\/green-oasis.eu\/wp-content\/uploads\/2025\/12\/604_3-150x150.jpg 150w, https:\/\/green-oasis.eu\/wp-content\/uploads\/2025\/12\/604_3-768x768.jpg 768w, https:\/\/green-oasis.eu\/wp-content\/uploads\/2025\/12\/604_3.jpg 1200w\" sizes=\"auto, (max-width: 1024px) 100vw, 1024px\" \/><\/figure>\n\n\n\n<figure class=\"wp-block-image size-large\"><img loading=\"lazy\" decoding=\"async\" width=\"1024\" height=\"1024\" data-id=\"1885\" src=\"https:\/\/green-oasis.eu\/wp-content\/uploads\/2025\/12\/604_4-1024x1024.jpg\" alt=\"\" class=\"wp-image-1885\" srcset=\"https:\/\/green-oasis.eu\/wp-content\/uploads\/2025\/12\/604_4-1024x1024.jpg 1024w, https:\/\/green-oasis.eu\/wp-content\/uploads\/2025\/12\/604_4-300x300.jpg 300w, https:\/\/green-oasis.eu\/wp-content\/uploads\/2025\/12\/604_4-150x150.jpg 150w, https:\/\/green-oasis.eu\/wp-content\/uploads\/2025\/12\/604_4-768x768.jpg 768w, https:\/\/green-oasis.eu\/wp-content\/uploads\/2025\/12\/604_4.jpg 1200w\" sizes=\"auto, (max-width: 1024px) 100vw, 1024px\" \/><\/figure>\n\n\n\n<figure class=\"wp-block-image size-large\"><img loading=\"lazy\" decoding=\"async\" width=\"1024\" height=\"1024\" data-id=\"1884\" src=\"https:\/\/green-oasis.eu\/wp-content\/uploads\/2025\/12\/604_5-1024x1024.jpg\" alt=\"\" class=\"wp-image-1884\" srcset=\"https:\/\/green-oasis.eu\/wp-content\/uploads\/2025\/12\/604_5-1024x1024.jpg 1024w, https:\/\/green-oasis.eu\/wp-content\/uploads\/2025\/12\/604_5-300x300.jpg 300w, https:\/\/green-oasis.eu\/wp-content\/uploads\/2025\/12\/604_5-150x150.jpg 150w, https:\/\/green-oasis.eu\/wp-content\/uploads\/2025\/12\/604_5-768x768.jpg 768w, https:\/\/green-oasis.eu\/wp-content\/uploads\/2025\/12\/604_5.jpg 1200w\" sizes=\"auto, (max-width: 1024px) 100vw, 1024px\" \/><\/figure>\n<\/figure>\n\n<p class=\"has-medium-font-size\">El bungalow 604 es un bungalow de vacaciones amplio y c\u00f3modo situado en una zona tranquila y verde de Green Oasis en Maspalomas.<br\/>La terraza privada y el interior totalmente equipado ofrecen un espacio ideal para la relajaci\u00f3n, la privacidad y disfrutar del clima soleado de Gran Canaria.<br\/>Perfecto para parejas o familias que buscan comodidad y un ambiente de vacaciones tranquilo.<\/p>\n\n<h3 class=\"wp-block-heading has-text-align-center has-body-font-family has-medium-font-size\"><strong>Features<\/strong><\/h3>\n\n<div class=\"wp-block-columns is-layout-flex wp-container-core-columns-is-layout-28f84493 wp-block-columns-is-layout-flex\">\n<div class=\"wp-block-column is-layout-flow wp-block-column-is-layout-flow\">\n<ul class=\"wp-block-list\">\n<li>Cocina totalmente equipada<\/li>\n\n\n\n<li>Sal\u00f3n con zona de estar<\/li>\n\n\n\n<li>Dormitorio con cama c\u00f3moda<\/li>\n\n\n\n<li>Ba\u00f1o con ducha<\/li>\n\n\n\n<li>Aire acondicionado<\/li>\n\n\n\n<li>Wi-Fi gratuito<\/li>\n<\/ul>\n<\/div>\n\n\n\n<div class=\"wp-block-column is-layout-flow wp-block-column-is-layout-flow\">\n<ul class=\"wp-block-list\">\n<li>Terraza privada<\/li>\n\n\n\n<li>Zona de estar al aire libre<\/li>\n\n\n\n<li>Ropa de cama y toallas incluidas<\/li>\n\n\n\n<li>Entorno tranquilo y verde<\/li>\n\n\n\n<li>Acceso a la piscina<\/li>\n\n\n\n<li>Cerca de la playa<\/li>\n<\/ul>\n<\/div>\n<\/div>\n\n<h3 class=\"wp-block-heading has-text-align-center has-body-font-family has-medium-font-size\"><strong>Informaci\u00f3n \u00fatil antes de reservar<\/strong><\/h3>\n\n<ul class=\"wp-block-list\">\n<li>Entrada a partir de las 15:00<\/li>\n\n\n\n<li>Salida hasta las 11:00<\/li>\n\n\n\n<li>Bungalow para no fumadores<\/li>\n\n\n\n<li>Ideal para parejas y familias<\/li>\n<\/ul>\n\n<p><\/p>\n","protected":false},"excerpt":{"rendered":"<p>Bungalow 604 en Maspalomas Amplio bungalow vacacional con terraza privada C\u00f3modo bungalow en Maspalomas con terraza privada, ideal para parejas o familias peque\u00f1as. El bungalow 604 es un bungalow de vacaciones amplio y c\u00f3modo situado en una zona tranquila y verde de Green Oasis en Maspalomas.La terraza privada y el interior totalmente equipado ofrecen un [&hellip;]<\/p>\n","protected":false},"author":1,"featured_media":0,"parent":0,"menu_order":0,"comment_status":"closed","ping_status":"closed","template":"","meta":{"footnotes":""},"class_list":["post-2027","page","type-page","status-publish","hentry"],"_links":{"self":[{"href":"https:\/\/green-oasis.eu\/es\/wp-json\/wp\/v2\/pages\/2027","targetHints":{"allow":["GET"]}}],"collection":[{"href":"https:\/\/green-oasis.eu\/es\/wp-json\/wp\/v2\/pages"}],"about":[{"href":"https:\/\/green-oasis.eu\/es\/wp-json\/wp\/v2\/types\/page"}],"author":[{"embeddable":true,"href":"https:\/\/green-oasis.eu\/es\/wp-json\/wp\/v2\/users\/1"}],"replies":[{"embeddable":true,"href":"https:\/\/green-oasis.eu\/es\/wp-json\/wp\/v2\/comments?post=2027"}],"version-history":[{"count":5,"href":"https:\/\/green-oasis.eu\/es\/wp-json\/wp\/v2\/pages\/2027\/revisions"}],"predecessor-version":[{"id":2329,"href":"https:\/\/green-oasis.eu\/es\/wp-json\/wp\/v2\/pages\/2027\/revisions\/2329"}],"wp:attachment":[{"href":"https:\/\/green-oasis.eu\/es\/wp-json\/wp\/v2\/media?parent=2027"}],"curies":[{"name":"wp","href":"https:\/\/api.w.org\/{rel}","templated":true}]}}