{"id":2005,"date":"2025-12-22T16:26:09","date_gmt":"2025-12-22T15:26:09","guid":{"rendered":"https:\/\/green-oasis.eu\/contactenos\/"},"modified":"2025-12-30T21:34:55","modified_gmt":"2025-12-30T20:34:55","slug":"contactenos","status":"publish","type":"page","link":"https:\/\/green-oasis.eu\/es\/contactenos\/","title":{"rendered":"Cont\u00e1ctenos"},"content":{"rendered":"\n<h1 class=\"wp-block-heading has-text-align-center\">Cont\u00e1ctenos<\/h1>\n\n<p class=\"has-text-align-center\">Si tienes alguna pregunta sobre tu estancia o reserva,<br\/>no dudes en contactarnos.<\/p>\n\n<h2 class=\"wp-block-heading has-text-align-center\">Datos de contacto<\/h2>\n\n<p class=\"has-text-align-center\">Correo electr\u00f3nico: <a href=\"mailto:apartamentos@green-oasis.es\">apartamentos@green-oasis.es<\/a><br\/>Tel\u00e9fono\/WhatsApp: <a href=\"https:\/\/wa.me\/34649998908\" data-type=\"link\" data-id=\"https:\/\/wa.me\/34649998908\" target=\"_blank\" rel=\"noopener\">+34 649 998 908<\/a><\/p>\n\n<p class=\"has-text-align-center\">Ubicaci\u00f3n:<br\/>Maspalomas<br\/>Gran Canaria, Espa\u00f1a<\/p>\n\n<h2 class=\"wp-block-heading has-text-align-center\">Horario de contacto<\/h2>\n\n<p class=\"has-text-align-center\">Normalmente respondemos a los mensajes en un plazo de 24 horas.<\/p>\n\n<p class=\"has-text-align-center\"><a href=\"https:\/\/maps.app.goo.gl\/KbXvAMBC8R9Pqr589\" data-type=\"link\" data-id=\"https:\/\/maps.app.goo.gl\/KbXvAMBC8R9Pqr589\" target=\"_blank\" rel=\"noopener\">Encu\u00e9ntranos en Google Maps<\/a><\/p>\n\n<div class=\"wp-block-group has-global-padding is-content-justification-right is-layout-constrained wp-container-core-group-is-layout-f1f2ed93 wp-block-group-is-layout-constrained\">\n<iframe src=\"https:\/\/www.google.com\/maps\/embed?pb=!1m18!1m12!1m3!1d1399.6108484385913!2d-15.600929474295711!3d27.7520587729056!2m3!1f0!2f0!3f0!3m2!1i1024!2i768!4f13.1!3m3!1m2!1s0xc3f7d3447d73967%3A0x94fd58f2beaee9ab!2sApartments%20Green%20Oasis%20Maspalomas!5e0!3m2!1spl!2ses!4v1767125955430!5m2!1spl!2ses\" width=\"400\" height=\"300\" style=\"border:0;\" allowfullscreen=\"\" loading=\"lazy\" referrerpolicy=\"no-referrer-when-downgrade\"><\/iframe>\n<\/div>\n\n<p><\/p>\n","protected":false},"excerpt":{"rendered":"<p>Cont\u00e1ctenos Si tienes alguna pregunta sobre tu estancia o reserva,no dudes en contactarnos. Datos de contacto Correo electr\u00f3nico: apartamentos@green-oasis.esTel\u00e9fono\/WhatsApp: +34 649 998 908 Ubicaci\u00f3n:MaspalomasGran Canaria, Espa\u00f1a Horario de contacto Normalmente respondemos a los mensajes en un plazo de 24 horas. Encu\u00e9ntranos en Google Maps<\/p>\n","protected":false},"author":1,"featured_media":0,"parent":0,"menu_order":0,"comment_status":"closed","ping_status":"closed","template":"","meta":{"footnotes":""},"class_list":["post-2005","page","type-page","status-publish","hentry"],"_links":{"self":[{"href":"https:\/\/green-oasis.eu\/es\/wp-json\/wp\/v2\/pages\/2005","targetHints":{"allow":["GET"]}}],"collection":[{"href":"https:\/\/green-oasis.eu\/es\/wp-json\/wp\/v2\/pages"}],"about":[{"href":"https:\/\/green-oasis.eu\/es\/wp-json\/wp\/v2\/types\/page"}],"author":[{"embeddable":true,"href":"https:\/\/green-oasis.eu\/es\/wp-json\/wp\/v2\/users\/1"}],"replies":[{"embeddable":true,"href":"https:\/\/green-oasis.eu\/es\/wp-json\/wp\/v2\/comments?post=2005"}],"version-history":[{"count":3,"href":"https:\/\/green-oasis.eu\/es\/wp-json\/wp\/v2\/pages\/2005\/revisions"}],"predecessor-version":[{"id":2295,"href":"https:\/\/green-oasis.eu\/es\/wp-json\/wp\/v2\/pages\/2005\/revisions\/2295"}],"wp:attachment":[{"href":"https:\/\/green-oasis.eu\/es\/wp-json\/wp\/v2\/media?parent=2005"}],"curies":[{"name":"wp","href":"https:\/\/api.w.org\/{rel}","templated":true}]}}