{"id":1988,"date":"2025-12-22T16:25:02","date_gmt":"2025-12-22T15:25:02","guid":{"rendered":"https:\/\/green-oasis.eu\/nuestros-bungalows-de-vacaciones\/"},"modified":"2025-12-25T14:39:25","modified_gmt":"2025-12-25T13:39:25","slug":"nuestros-bungalows-de-vacaciones","status":"publish","type":"page","link":"https:\/\/green-oasis.eu\/es\/nuestros-bungalows-de-vacaciones\/","title":{"rendered":"Nuestros bungalows de vacaciones"},"content":{"rendered":"\n<h1 class=\"wp-block-heading\">Nuestros bungalows de vacaciones<\/h1>\n\n<p class=\"has-text-align-center\">Descubre nuestros c\u00f3modos bungalows de vacaciones, perfectos para una estancia relajante en Gran Canaria.<\/p>\n\n<h2 class=\"wp-block-heading\">Bungalow 603<\/h2>\n\n<p>C\u00f3modo bungalow con terraza privada, interior luminoso y acceso directo al jard\u00edn, ideal para parejas o familias peque\u00f1as.<\/p>\n\n<div class=\"wp-block-buttons is-layout-flex wp-block-buttons-is-layout-flex\">\n<div class=\"wp-block-button\"><a class=\"wp-block-button__link wp-element-button\" href=\"https:\/\/green-oasis.eu\/es\/bungalow-603\/\">Ver bungalow<\/a><\/div>\n<\/div>\n\n<h2 class=\"wp-block-heading\">Bungalow 604<\/h2>\n\n<p>Bungalow espacioso y totalmente equipado con terraza privada, que ofrece mayor comodidad y un ambiente relajante.<\/p>\n\n<div class=\"wp-block-buttons is-layout-flex wp-block-buttons-is-layout-flex\">\n<div class=\"wp-block-button\"><a class=\"wp-block-button__link wp-element-button\" href=\"https:\/\/green-oasis.eu\/es\/bungalow-604\/\">Ver bungalow<\/a><\/div>\n<\/div>\n\n<h2 class=\"wp-block-heading\">Bungalow 811<\/h2>\n\n<p>C\u00f3modo bungalow con terraza privada, situado en una zona tranquila del complejo, perfecto para una estancia apacible.<\/p>\n\n<div class=\"wp-block-buttons is-layout-flex wp-block-buttons-is-layout-flex\">\n<div class=\"wp-block-button\"><a class=\"wp-block-button__link wp-element-button\" href=\"https:\/\/green-oasis.eu\/es\/bungalow-811\/\">Ver bungalow<\/a><\/div>\n<\/div>\n\n<h2 class=\"wp-block-heading\">Bungalow 1207<\/h2>\n\n<p>Acogedor bungalow de vacaciones con terraza privada, rodeado de vegetaci\u00f3n, ideal para parejas que buscan privacidad y tranquilidad.<\/p>\n\n<div class=\"wp-block-buttons is-layout-flex wp-block-buttons-is-layout-flex\">\n<div class=\"wp-block-button\"><a class=\"wp-block-button__link wp-element-button\" href=\"https:\/\/green-oasis.eu\/es\/bungalow-1207\/\">Ver bungalow<\/a><\/div>\n<\/div>\n\n<h2 class=\"wp-block-heading\">Informaci\u00f3n \u00fatil<\/h2>\n\n<ul class=\"wp-block-list\">\n<li>Todos los bungalows est\u00e1n totalmente equipados<\/li>\n\n\n\n<li>Ropa de cama y toallas incluidas<\/li>\n\n\n\n<li>Wi-Fi gratuito<\/li>\n\n\n\n<li>Entorno tranquilo y verde<\/li>\n<\/ul>\n\n<p><\/p>\n","protected":false},"excerpt":{"rendered":"<p>Nuestros bungalows de vacaciones Descubre nuestros c\u00f3modos bungalows de vacaciones, perfectos para una estancia relajante en Gran Canaria. Bungalow 603 C\u00f3modo bungalow con terraza privada, interior luminoso y acceso directo al jard\u00edn, ideal para parejas o familias peque\u00f1as. Bungalow 604 Bungalow espacioso y totalmente equipado con terraza privada, que ofrece mayor comodidad y un ambiente [&hellip;]<\/p>\n","protected":false},"author":1,"featured_media":0,"parent":0,"menu_order":0,"comment_status":"closed","ping_status":"closed","template":"","meta":{"footnotes":""},"class_list":["post-1988","page","type-page","status-publish","hentry"],"_links":{"self":[{"href":"https:\/\/green-oasis.eu\/es\/wp-json\/wp\/v2\/pages\/1988","targetHints":{"allow":["GET"]}}],"collection":[{"href":"https:\/\/green-oasis.eu\/es\/wp-json\/wp\/v2\/pages"}],"about":[{"href":"https:\/\/green-oasis.eu\/es\/wp-json\/wp\/v2\/types\/page"}],"author":[{"embeddable":true,"href":"https:\/\/green-oasis.eu\/es\/wp-json\/wp\/v2\/users\/1"}],"replies":[{"embeddable":true,"href":"https:\/\/green-oasis.eu\/es\/wp-json\/wp\/v2\/comments?post=1988"}],"version-history":[{"count":3,"href":"https:\/\/green-oasis.eu\/es\/wp-json\/wp\/v2\/pages\/1988\/revisions"}],"predecessor-version":[{"id":2034,"href":"https:\/\/green-oasis.eu\/es\/wp-json\/wp\/v2\/pages\/1988\/revisions\/2034"}],"wp:attachment":[{"href":"https:\/\/green-oasis.eu\/es\/wp-json\/wp\/v2\/media?parent=1988"}],"curies":[{"name":"wp","href":"https:\/\/api.w.org\/{rel}","templated":true}]}}