{"id":1979,"date":"2025-12-22T16:24:39","date_gmt":"2025-12-22T15:24:39","guid":{"rendered":"https:\/\/green-oasis.eu\/bungalows-de-vacaciones-en-gran-canaria\/"},"modified":"2026-01-01T16:34:34","modified_gmt":"2026-01-01T15:34:34","slug":"bungalows-de-vacaciones-en-gran-canaria","status":"publish","type":"page","link":"https:\/\/green-oasis.eu\/es\/","title":{"rendered":"Bungalows de vacaciones en Gran Canaria"},"content":{"rendered":"\n<h1 data-wp-context---core-fit-text=\"core\/fit-text::{&quot;fontSize&quot;:&quot;&quot;}\" data-wp-init---core-fit-text=\"core\/fit-text::callbacks.init\" data-wp-interactive data-wp-style--font-size=\"core\/fit-text::context.fontSize\" class=\"wp-block-heading has-text-align-center has-fit-text\" style=\"border-style:none;border-width:0px;border-top-left-radius:0px;border-top-right-radius:0px;border-bottom-left-radius:0px;border-bottom-right-radius:0px;line-height:0.3\">Bungalows de vacaciones en Gran Canaria<\/h1>\n\n<figure class=\"wp-block-image alignwide size-large\"><img loading=\"lazy\" decoding=\"async\" width=\"1024\" height=\"457\" src=\"http:\/\/green-oasis.eu\/wp-content\/uploads\/2025\/12\/h_3-1024x457.jpg\" alt=\"Bungalows de vacaciones en Maspalomas, Gran Canaria &#x2013; Green Oasis&#10;\" class=\"wp-image-1870\" srcset=\"https:\/\/green-oasis.eu\/wp-content\/uploads\/2025\/12\/h_3-1024x457.jpg 1024w, https:\/\/green-oasis.eu\/wp-content\/uploads\/2025\/12\/h_3-300x134.jpg 300w, https:\/\/green-oasis.eu\/wp-content\/uploads\/2025\/12\/h_3-768x343.jpg 768w, https:\/\/green-oasis.eu\/wp-content\/uploads\/2025\/12\/h_3.jpg 1366w\" sizes=\"auto, (max-width: 1024px) 100vw, 1024px\" \/><\/figure>\n\n<p class=\"has-text-align-center\">Green Oasis ofrece c\u00f3modos bungalows de vacaciones en Maspalomas, en el soleado sur de Gran Canaria. Disfruta de terrazas privadas, acceso a una piscina y un entorno verde y tranquilo, ideal para parejas y familias. Reserva directamente para obtener la mejor disponibilidad.<\/p>\n\n<h2 class=\"wp-block-heading has-text-align-center has-medium-font-size\">Bungalows de vacaciones en Maspalomas<\/h2>\n\n<h2 class=\"wp-block-heading has-text-align-center has-medium-font-size\">Bungalows privados con terraza y piscina<\/h2>\n\n<div class=\"wp-block-buttons is-content-justification-center is-layout-flex wp-container-core-buttons-is-layout-a89b3969 wp-block-buttons-is-layout-flex\">\n<div class=\"wp-block-button\"><a class=\"wp-block-button__link has-text-align-center wp-element-button\" href=\"https:\/\/green-oasis.eu\/es\/consultar-disponibilidad-y-reservar-tu-estancia\/\">Consultar disponibilidad<\/a><\/div>\n<\/div>\n\n<div class=\"wp-block-group has-global-padding is-layout-constrained wp-block-group-is-layout-constrained\">\n<h2 class=\"wp-block-heading has-text-align-center\">\u00bfPor qu\u00e9 elegir Green Oasis?<\/h2>\n\n\n\n<div class=\"wp-block-group has-global-padding is-layout-constrained wp-block-group-is-layout-constrained\">\n<div class=\"wp-block-group has-global-padding is-layout-constrained wp-block-group-is-layout-constrained\">\n<figure class=\"wp-block-gallery has-nested-images columns-4 is-cropped wp-block-gallery-1 is-layout-flex wp-block-gallery-is-layout-flex\">\n<figure class=\"wp-block-image size-large\"><img loading=\"lazy\" decoding=\"async\" width=\"1024\" height=\"768\" data-id=\"1949\" src=\"https:\/\/green-oasis.eu\/wp-content\/uploads\/2025\/12\/gh_1-1024x768.jpg\" alt=\"\" class=\"wp-image-1949\" style=\"aspect-ratio:1\" srcset=\"https:\/\/green-oasis.eu\/wp-content\/uploads\/2025\/12\/gh_1-1024x768.jpg 1024w, https:\/\/green-oasis.eu\/wp-content\/uploads\/2025\/12\/gh_1-300x225.jpg 300w, https:\/\/green-oasis.eu\/wp-content\/uploads\/2025\/12\/gh_1-768x576.jpg 768w, https:\/\/green-oasis.eu\/wp-content\/uploads\/2025\/12\/gh_1-1536x1152.jpg 1536w, https:\/\/green-oasis.eu\/wp-content\/uploads\/2025\/12\/gh_1-2048x1536.jpg 2048w\" sizes=\"auto, (max-width: 1024px) 100vw, 1024px\" \/><\/figure>\n\n\n\n<figure class=\"wp-block-image size-large\"><img loading=\"lazy\" decoding=\"async\" width=\"768\" height=\"1024\" data-id=\"1948\" src=\"https:\/\/green-oasis.eu\/wp-content\/uploads\/2025\/12\/gh_2-768x1024.jpg\" alt=\"\" class=\"wp-image-1948\" style=\"aspect-ratio:1\" srcset=\"https:\/\/green-oasis.eu\/wp-content\/uploads\/2025\/12\/gh_2-768x1024.jpg 768w, https:\/\/green-oasis.eu\/wp-content\/uploads\/2025\/12\/gh_2-225x300.jpg 225w, https:\/\/green-oasis.eu\/wp-content\/uploads\/2025\/12\/gh_2-1152x1536.jpg 1152w, https:\/\/green-oasis.eu\/wp-content\/uploads\/2025\/12\/gh_2-1536x2048.jpg 1536w, https:\/\/green-oasis.eu\/wp-content\/uploads\/2025\/12\/gh_2-scaled.jpg 1920w\" sizes=\"auto, (max-width: 768px) 100vw, 768px\" \/><\/figure>\n\n\n\n<figure class=\"wp-block-image size-large\"><img loading=\"lazy\" decoding=\"async\" width=\"768\" height=\"1024\" data-id=\"1947\" src=\"https:\/\/green-oasis.eu\/wp-content\/uploads\/2025\/12\/gh_3-768x1024.jpg\" alt=\"\" class=\"wp-image-1947\" style=\"aspect-ratio:1\" srcset=\"https:\/\/green-oasis.eu\/wp-content\/uploads\/2025\/12\/gh_3-768x1024.jpg 768w, https:\/\/green-oasis.eu\/wp-content\/uploads\/2025\/12\/gh_3-225x300.jpg 225w, https:\/\/green-oasis.eu\/wp-content\/uploads\/2025\/12\/gh_3-1152x1536.jpg 1152w, https:\/\/green-oasis.eu\/wp-content\/uploads\/2025\/12\/gh_3-1536x2048.jpg 1536w, https:\/\/green-oasis.eu\/wp-content\/uploads\/2025\/12\/gh_3-scaled.jpg 1920w\" sizes=\"auto, (max-width: 768px) 100vw, 768px\" \/><\/figure>\n\n\n\n<figure class=\"wp-block-image size-large\"><img loading=\"lazy\" decoding=\"async\" width=\"1024\" height=\"768\" data-id=\"1946\" src=\"https:\/\/green-oasis.eu\/wp-content\/uploads\/2025\/12\/gh_4-1024x768.jpg\" alt=\"\" class=\"wp-image-1946\" style=\"aspect-ratio:1\" srcset=\"https:\/\/green-oasis.eu\/wp-content\/uploads\/2025\/12\/gh_4-1024x768.jpg 1024w, https:\/\/green-oasis.eu\/wp-content\/uploads\/2025\/12\/gh_4-300x225.jpg 300w, https:\/\/green-oasis.eu\/wp-content\/uploads\/2025\/12\/gh_4-768x576.jpg 768w, https:\/\/green-oasis.eu\/wp-content\/uploads\/2025\/12\/gh_4-1536x1152.jpg 1536w, https:\/\/green-oasis.eu\/wp-content\/uploads\/2025\/12\/gh_4-2048x1536.jpg 2048w\" sizes=\"auto, (max-width: 1024px) 100vw, 1024px\" \/><\/figure>\n<\/figure>\n<\/div>\n\n\n\n<div class=\"wp-block-buttons is-content-justification-center is-layout-flex wp-container-core-buttons-is-layout-a89b3969 wp-block-buttons-is-layout-flex\">\n<div class=\"wp-block-button\"><a class=\"wp-block-button__link wp-element-button\" href=\"https:\/\/green-oasis.eu\/es\/galeria-de-fotos\/\">Ver galer\u00eda completa<\/a><\/div>\n<\/div>\n\n\n\n<h2 class=\"wp-block-heading has-text-align-center has-large-font-size\">Nuestros bungalows<\/h2>\n\n\n\n<h3 class=\"wp-block-heading has-text-align-center has-body-font-family has-medium-font-size\">Nuestros bungalows de vacaciones en Maspalomas<\/h3>\n\n\n\n<ul class=\"wp-block-list has-small-font-size\">\n<li><strong><a href=\"https:\/\/green-oasis.eu\/bungalow-603\/\" data-type=\"page\" data-id=\"1848\">Bungalow 603 en Maspalomas<\/a><\/strong>: bungalow luminoso con terraza privada, ideal para parejas<\/li>\n\n\n\n<li><strong><a href=\"https:\/\/green-oasis.eu\/bungalow-604\/\" data-type=\"page\" data-id=\"1850\">Bungalow 604 en Maspalomas<\/a><\/strong>: bungalow espacioso con asientos al aire libre y relajante<\/li>\n\n\n\n<li><strong><a href=\"https:\/\/green-oasis.eu\/bungalow-811\/\" data-type=\"page\" data-id=\"1852\">Bungalow 811 en Maspalomas<\/a><\/strong>: bungalow tranquilo para una estancia apacible y privada<\/li>\n\n\n\n<li><strong><a href=\"https:\/\/green-oasis.eu\/bungalow-1207\/\" data-type=\"page\" data-id=\"1854\">Bungalow 1207 en Maspalomas<\/a><\/strong>: bungalow funcional, ideal para estancias m\u00e1s largas<\/li>\n<\/ul>\n\n\n\n<p class=\"has-text-align-center has-medium-font-size\">C\u00f3modos bungalows de vacaciones dise\u00f1ados para la relajaci\u00f3n, la privacidad y el sol.<\/p>\n\n\n\n<div class=\"wp-block-columns is-layout-flex wp-container-core-columns-is-layout-28f84493 wp-block-columns-is-layout-flex\">\n<div class=\"wp-block-column is-layout-flow wp-block-column-is-layout-flow\">\n<h3 class=\"wp-block-heading has-text-align-center has-medium-font-size\">Bungalow 603<\/h3>\n\n\n\n<p class=\"has-text-align-center has-small-font-size\">C\u00f3modo bungalow con terraza privada,<br\/>ideal para parejas o familias pequenas.<\/p>\n\n\n\n<div class=\"wp-block-buttons is-content-justification-center is-layout-flex wp-container-core-buttons-is-layout-a89b3969 wp-block-buttons-is-layout-flex\">\n<div class=\"wp-block-button\"><a class=\"wp-block-button__link wp-element-button\" href=\"https:\/\/green-oasis.eu\/es\/bungalow-603\/\">Ver detalles<\/a><\/div>\n<\/div>\n<\/div>\n\n\n\n<div class=\"wp-block-column is-layout-flow wp-block-column-is-layout-flow\">\n<h3 class=\"wp-block-heading has-text-align-center has-medium-font-size\">Bungalow 604<\/h3>\n\n\n\n<p class=\"has-text-align-center has-small-font-size\">Amplio y equipado bungalow con<br\/>terraza privada y un ambiente relajante.<\/p>\n\n\n\n<div class=\"wp-block-buttons is-content-justification-center is-layout-flex wp-container-core-buttons-is-layout-a89b3969 wp-block-buttons-is-layout-flex\">\n<div class=\"wp-block-button\"><a class=\"wp-block-button__link wp-element-button\" href=\"https:\/\/green-oasis.eu\/es\/bungalow-604\/\">Ver detalles<\/a><\/div>\n<\/div>\n<\/div>\n<\/div>\n\n\n\n<div class=\"wp-block-columns is-layout-flex wp-container-core-columns-is-layout-28f84493 wp-block-columns-is-layout-flex\">\n<div class=\"wp-block-column is-layout-flow wp-block-column-is-layout-flow\">\n<h3 class=\"wp-block-heading has-text-align-center has-medium-font-size\">Bungalow 811<\/h3>\n\n\n\n<p class=\"has-text-align-center has-small-font-size\">C\u00f3modo bungalow con<br\/>terraza privada, ideal para una estancia tranquila.<\/p>\n\n\n\n<div class=\"wp-block-buttons is-content-justification-center is-layout-flex wp-container-core-buttons-is-layout-a89b3969 wp-block-buttons-is-layout-flex\">\n<div class=\"wp-block-button\"><a class=\"wp-block-button__link wp-element-button\" href=\"https:\/\/green-oasis.eu\/es\/bungalow-811\/\">Ver detalles<\/a><\/div>\n<\/div>\n<\/div>\n\n\n\n<div class=\"wp-block-column is-layout-flow wp-block-column-is-layout-flow\">\n<h3 class=\"wp-block-heading has-text-align-center has-medium-font-size\">Bungalow 1207<\/h3>\n\n\n\n<p class=\"has-text-align-center has-small-font-size\">Acogedor bungalow de vacaciones con terraza,<br\/>ubicado en una zona tranquila y verde.<\/p>\n\n\n\n<div class=\"wp-block-buttons is-content-justification-center is-layout-flex wp-container-core-buttons-is-layout-a89b3969 wp-block-buttons-is-layout-flex\">\n<div class=\"wp-block-button\"><a class=\"wp-block-button__link wp-element-button\" href=\"https:\/\/green-oasis.eu\/es\/bungalow-1207\/\">Ver detalles<\/a><\/div>\n<\/div>\n<\/div>\n<\/div>\n\n\n\n<p class=\"has-text-align-center\" style=\"font-size:clamp(0.875rem, 0.875rem + ((1vw - 0.2rem) * 0.042), 0.9rem);\"><\/p>\n<\/div>\n<\/div>\n\n<p class=\"has-text-align-center\">\u00bfListo para planificar tu estancia en Gran Canaria?<\/p>\n\n<div class=\"wp-block-buttons is-content-justification-center is-layout-flex wp-container-core-buttons-is-layout-a89b3969 wp-block-buttons-is-layout-flex\">\n<div class=\"wp-block-button\"><a class=\"wp-block-button__link wp-element-button\" href=\"https:\/\/green-oasis.eu\/es\/consultar-disponibilidad-y-reservar-tu-estancia\/\">Consultar disponibilidad<\/a><\/div>\n<\/div>\n\n<p><\/p>\n","protected":false},"excerpt":{"rendered":"<p>Bungalows de vacaciones en Gran Canaria Green Oasis ofrece c\u00f3modos bungalows de vacaciones en Maspalomas, en el soleado sur de Gran Canaria. Disfruta de terrazas privadas, acceso a una piscina y un entorno verde y tranquilo, ideal para parejas y familias. Reserva directamente para obtener la mejor disponibilidad. Bungalows de vacaciones en Maspalomas Bungalows privados [&hellip;]<\/p>\n","protected":false},"author":1,"featured_media":0,"parent":0,"menu_order":0,"comment_status":"closed","ping_status":"closed","template":"","meta":{"footnotes":""},"class_list":["post-1979","page","type-page","status-publish","hentry"],"_links":{"self":[{"href":"https:\/\/green-oasis.eu\/es\/wp-json\/wp\/v2\/pages\/1979","targetHints":{"allow":["GET"]}}],"collection":[{"href":"https:\/\/green-oasis.eu\/es\/wp-json\/wp\/v2\/pages"}],"about":[{"href":"https:\/\/green-oasis.eu\/es\/wp-json\/wp\/v2\/types\/page"}],"author":[{"embeddable":true,"href":"https:\/\/green-oasis.eu\/es\/wp-json\/wp\/v2\/users\/1"}],"replies":[{"embeddable":true,"href":"https:\/\/green-oasis.eu\/es\/wp-json\/wp\/v2\/comments?post=1979"}],"version-history":[{"count":5,"href":"https:\/\/green-oasis.eu\/es\/wp-json\/wp\/v2\/pages\/1979\/revisions"}],"predecessor-version":[{"id":2348,"href":"https:\/\/green-oasis.eu\/es\/wp-json\/wp\/v2\/pages\/1979\/revisions\/2348"}],"wp:attachment":[{"href":"https:\/\/green-oasis.eu\/es\/wp-json\/wp\/v2\/media?parent=1979"}],"curies":[{"name":"wp","href":"https:\/\/api.w.org\/{rel}","templated":true}]}}