{"id":2093,"date":"2025-12-22T20:43:39","date_gmt":"2025-12-22T19:43:39","guid":{"rendered":"https:\/\/green-oasis.eu\/bungalow-1207\/"},"modified":"2026-01-01T16:45:38","modified_gmt":"2026-01-01T15:45:38","slug":"bungalow-1207","status":"publish","type":"page","link":"https:\/\/green-oasis.eu\/de\/bungalow-1207\/","title":{"rendered":"Bungalow 1207"},"content":{"rendered":"\n<h1 class=\"wp-block-heading has-x-large-font-size\">Bungalow 1207<\/h1>\n\n<p class=\"has-small-font-size\">Bungalow 1207 ist ein heller und funktionaler Ferienbungalow in Maspalomas, im sonnigen S\u00fcden von Gran Canaria.<br\/>Er eignet sich gut f\u00fcr l\u00e4ngere Aufenthalte und bietet ein komfortables Interieur, Privatsph\u00e4re und eine entspannte Atmosph\u00e4re in einer ruhigen Wohngegend.<\/p>\n\n<h2 class=\"wp-block-heading has-body-font-family has-medium-font-size\">Heller und funktionaler Ferienbungalow f\u00fcr l\u00e4ngere Aufenthalte<\/h2>\n\n<div class=\"wp-block-buttons is-layout-flex wp-block-buttons-is-layout-flex\">\n<div class=\"wp-block-button\"><a class=\"wp-block-button__link wp-element-button\" href=\"https:\/\/green-oasis.eu\/reservation\/\">Verf\u00fcgbarkeit pr\u00fcfen<\/a><\/div>\n<\/div>\n\n<figure class=\"wp-block-gallery has-nested-images columns-default is-cropped wp-block-gallery-1 is-layout-flex wp-block-gallery-is-layout-flex\">\n<figure class=\"wp-block-image size-large\"><img loading=\"lazy\" decoding=\"async\" width=\"768\" height=\"1024\" data-id=\"1905\" src=\"https:\/\/green-oasis.eu\/wp-content\/uploads\/2025\/12\/1207_2-768x1024.jpg\" alt=\"\" class=\"wp-image-1905\" srcset=\"https:\/\/green-oasis.eu\/wp-content\/uploads\/2025\/12\/1207_2-768x1024.jpg 768w, https:\/\/green-oasis.eu\/wp-content\/uploads\/2025\/12\/1207_2-225x300.jpg 225w, https:\/\/green-oasis.eu\/wp-content\/uploads\/2025\/12\/1207_2-1152x1536.jpg 1152w, https:\/\/green-oasis.eu\/wp-content\/uploads\/2025\/12\/1207_2-1536x2048.jpg 1536w, https:\/\/green-oasis.eu\/wp-content\/uploads\/2025\/12\/1207_2-scaled.jpg 1920w\" sizes=\"auto, (max-width: 768px) 100vw, 768px\" \/><\/figure>\n\n\n\n<figure class=\"wp-block-image size-large\"><img loading=\"lazy\" decoding=\"async\" width=\"768\" height=\"1024\" data-id=\"1904\" src=\"https:\/\/green-oasis.eu\/wp-content\/uploads\/2025\/12\/1207_3-768x1024.jpg\" alt=\"\" class=\"wp-image-1904\" srcset=\"https:\/\/green-oasis.eu\/wp-content\/uploads\/2025\/12\/1207_3-768x1024.jpg 768w, https:\/\/green-oasis.eu\/wp-content\/uploads\/2025\/12\/1207_3-225x300.jpg 225w, https:\/\/green-oasis.eu\/wp-content\/uploads\/2025\/12\/1207_3-1152x1536.jpg 1152w, https:\/\/green-oasis.eu\/wp-content\/uploads\/2025\/12\/1207_3-1536x2048.jpg 1536w, https:\/\/green-oasis.eu\/wp-content\/uploads\/2025\/12\/1207_3-scaled.jpg 1920w\" sizes=\"auto, (max-width: 768px) 100vw, 768px\" \/><\/figure>\n\n\n\n<figure class=\"wp-block-image size-large\"><img loading=\"lazy\" decoding=\"async\" width=\"1024\" height=\"768\" data-id=\"1898\" src=\"https:\/\/green-oasis.eu\/wp-content\/uploads\/2025\/12\/1207_9-1024x768.jpg\" alt=\"\" class=\"wp-image-1898\" srcset=\"https:\/\/green-oasis.eu\/wp-content\/uploads\/2025\/12\/1207_9-1024x768.jpg 1024w, https:\/\/green-oasis.eu\/wp-content\/uploads\/2025\/12\/1207_9-300x225.jpg 300w, https:\/\/green-oasis.eu\/wp-content\/uploads\/2025\/12\/1207_9-768x576.jpg 768w, https:\/\/green-oasis.eu\/wp-content\/uploads\/2025\/12\/1207_9-1536x1152.jpg 1536w, https:\/\/green-oasis.eu\/wp-content\/uploads\/2025\/12\/1207_9-2048x1536.jpg 2048w\" sizes=\"auto, (max-width: 1024px) 100vw, 1024px\" \/><\/figure>\n\n\n\n<figure class=\"wp-block-image size-large\"><img loading=\"lazy\" decoding=\"async\" width=\"1024\" height=\"768\" data-id=\"1900\" src=\"https:\/\/green-oasis.eu\/wp-content\/uploads\/2025\/12\/1207_7-1024x768.jpg\" alt=\"\" class=\"wp-image-1900\" srcset=\"https:\/\/green-oasis.eu\/wp-content\/uploads\/2025\/12\/1207_7-1024x768.jpg 1024w, https:\/\/green-oasis.eu\/wp-content\/uploads\/2025\/12\/1207_7-300x225.jpg 300w, https:\/\/green-oasis.eu\/wp-content\/uploads\/2025\/12\/1207_7-768x576.jpg 768w, https:\/\/green-oasis.eu\/wp-content\/uploads\/2025\/12\/1207_7-1536x1152.jpg 1536w, https:\/\/green-oasis.eu\/wp-content\/uploads\/2025\/12\/1207_7-2048x1536.jpg 2048w\" sizes=\"auto, (max-width: 1024px) 100vw, 1024px\" \/><\/figure>\n\n\n\n<figure class=\"wp-block-image size-large\"><img loading=\"lazy\" decoding=\"async\" width=\"768\" height=\"1024\" data-id=\"1901\" src=\"https:\/\/green-oasis.eu\/wp-content\/uploads\/2025\/12\/1207_6-768x1024.jpg\" alt=\"\" class=\"wp-image-1901\" srcset=\"https:\/\/green-oasis.eu\/wp-content\/uploads\/2025\/12\/1207_6-768x1024.jpg 768w, https:\/\/green-oasis.eu\/wp-content\/uploads\/2025\/12\/1207_6-225x300.jpg 225w, https:\/\/green-oasis.eu\/wp-content\/uploads\/2025\/12\/1207_6-1152x1536.jpg 1152w, https:\/\/green-oasis.eu\/wp-content\/uploads\/2025\/12\/1207_6-1536x2048.jpg 1536w, https:\/\/green-oasis.eu\/wp-content\/uploads\/2025\/12\/1207_6-scaled.jpg 1920w\" sizes=\"auto, (max-width: 768px) 100vw, 768px\" \/><\/figure>\n\n\n\n<figure class=\"wp-block-image size-large\"><img loading=\"lazy\" decoding=\"async\" width=\"768\" height=\"1024\" data-id=\"1902\" src=\"https:\/\/green-oasis.eu\/wp-content\/uploads\/2025\/12\/1207_5-768x1024.jpg\" alt=\"\" class=\"wp-image-1902\" srcset=\"https:\/\/green-oasis.eu\/wp-content\/uploads\/2025\/12\/1207_5-768x1024.jpg 768w, https:\/\/green-oasis.eu\/wp-content\/uploads\/2025\/12\/1207_5-225x300.jpg 225w, https:\/\/green-oasis.eu\/wp-content\/uploads\/2025\/12\/1207_5-1152x1536.jpg 1152w, https:\/\/green-oasis.eu\/wp-content\/uploads\/2025\/12\/1207_5-1536x2048.jpg 1536w, https:\/\/green-oasis.eu\/wp-content\/uploads\/2025\/12\/1207_5-scaled.jpg 1920w\" sizes=\"auto, (max-width: 768px) 100vw, 768px\" \/><\/figure>\n<\/figure>\n\n<h2 class=\"wp-block-heading has-body-font-family has-medium-font-size\">Ruhige Wohngegend von Maspalomas<\/h2>\n\n<p>Bungalow 1207 ist ein gem\u00fctlicher und komfortabler Ferienbungalow in der friedlichen und gr\u00fcnen Umgebung von Green Oasis in Maspalomas.<br\/>Der Bungalow verf\u00fcgt \u00fcber eine private Terrasse und eine voll ausgestattete Innenausstattung, die einen entspannenden Raum bietet, um das warme Klima von Gran Canaria zu genie\u00dfen.<br\/>Es ist eine ideale Wahl f\u00fcr Paare oder kleine Familien, die Komfort, Privatsph\u00e4re und eine ruhige Urlaubsatmosph\u00e4re in Strandn\u00e4he suchen.<\/p>\n\n<h3 class=\"wp-block-heading has-text-align-center has-body-font-family has-medium-font-size\"><strong>Ausstattung<\/strong><\/h3>\n\n<div class=\"wp-block-columns is-layout-flex wp-container-core-columns-is-layout-28f84493 wp-block-columns-is-layout-flex\">\n<div class=\"wp-block-column is-layout-flow wp-block-column-is-layout-flow\">\n<ul class=\"wp-block-list\">\n<li>Voll ausgestattete K\u00fcche<\/li>\n\n\n\n<li>Wohnzimmer mit Sitzecke<\/li>\n\n\n\n<li>Schlafzimmer mit bequemem Bett<\/li>\n\n\n\n<li>Badezimmer mit Dusche<\/li>\n\n\n\n<li>Klimaanlage<\/li>\n\n\n\n<li>Gratis-WLAN<\/li>\n<\/ul>\n<\/div>\n\n\n\n<div class=\"wp-block-column is-layout-flow wp-block-column-is-layout-flow\">\n<ul class=\"wp-block-list\">\n<li>Private Terrasse<\/li>\n\n\n\n<li>Sitzbereich im Freien<\/li>\n\n\n\n<li>Bettw\u00e4sche &amp; Handt\u00fccher inklusive<\/li>\n\n\n\n<li>Ruhige und gr\u00fcne Umgebung<\/li>\n\n\n\n<li>Zugang zum Schwimmbad<\/li>\n\n\n\n<li>In der N\u00e4he des Strandes<\/li>\n<\/ul>\n<\/div>\n<\/div>\n\n<h3 class=\"wp-block-heading has-text-align-center has-body-font-family has-medium-font-size\"><strong>Gut zu wissen vor der Buchung<\/strong><\/h3>\n\n<ul class=\"wp-block-list\">\n<li>Check-in ab 15:00 Uhr<\/li>\n\n\n\n<li>Check-out bis 11:00 Uhr<\/li>\n\n\n\n<li>Nichtraucher-Bungalow<\/li>\n\n\n\n<li>Ideal f\u00fcr Paare oder kleine Familien<\/li>\n\n\n\n<li>Ruhige und entspannende Umgebung<\/li>\n<\/ul>\n","protected":false},"excerpt":{"rendered":"<p>Bungalow 1207 Bungalow 1207 ist ein heller und funktionaler Ferienbungalow in Maspalomas, im sonnigen S\u00fcden von Gran Canaria.Er eignet sich gut f\u00fcr l\u00e4ngere Aufenthalte und bietet ein komfortables Interieur, Privatsph\u00e4re und eine entspannte Atmosph\u00e4re in einer ruhigen Wohngegend. Heller und funktionaler Ferienbungalow f\u00fcr l\u00e4ngere Aufenthalte Ruhige Wohngegend von Maspalomas Bungalow 1207 ist ein gem\u00fctlicher und [&hellip;]<\/p>\n","protected":false},"author":1,"featured_media":0,"parent":0,"menu_order":0,"comment_status":"closed","ping_status":"closed","template":"","meta":{"footnotes":""},"class_list":["post-2093","page","type-page","status-publish","hentry"],"_links":{"self":[{"href":"https:\/\/green-oasis.eu\/de\/wp-json\/wp\/v2\/pages\/2093","targetHints":{"allow":["GET"]}}],"collection":[{"href":"https:\/\/green-oasis.eu\/de\/wp-json\/wp\/v2\/pages"}],"about":[{"href":"https:\/\/green-oasis.eu\/de\/wp-json\/wp\/v2\/types\/page"}],"author":[{"embeddable":true,"href":"https:\/\/green-oasis.eu\/de\/wp-json\/wp\/v2\/users\/1"}],"replies":[{"embeddable":true,"href":"https:\/\/green-oasis.eu\/de\/wp-json\/wp\/v2\/comments?post=2093"}],"version-history":[{"count":2,"href":"https:\/\/green-oasis.eu\/de\/wp-json\/wp\/v2\/pages\/2093\/revisions"}],"predecessor-version":[{"id":2339,"href":"https:\/\/green-oasis.eu\/de\/wp-json\/wp\/v2\/pages\/2093\/revisions\/2339"}],"wp:attachment":[{"href":"https:\/\/green-oasis.eu\/de\/wp-json\/wp\/v2\/media?parent=2093"}],"curies":[{"name":"wp","href":"https:\/\/api.w.org\/{rel}","templated":true}]}}