{"id":2091,"date":"2025-12-22T20:43:15","date_gmt":"2025-12-22T19:43:15","guid":{"rendered":"https:\/\/green-oasis.eu\/bungalow-811\/"},"modified":"2026-01-01T16:44:31","modified_gmt":"2026-01-01T15:44:31","slug":"bungalow-811","status":"publish","type":"page","link":"https:\/\/green-oasis.eu\/de\/bungalow-811\/","title":{"rendered":"Bungalow 811"},"content":{"rendered":"\n<h1 class=\"wp-block-heading has-x-large-font-size\">Bungalow 811 in Maspalomas<\/h1>\n\n<p>Bungalow 811 ist ein komfortabler Ferienbungalow in einer ruhigen und gr\u00fcnen Gegend von Maspalomas, im sonnigen S\u00fcden von Gran Canaria.<br\/>Es ist eine ausgezeichnete Wahl f\u00fcr G\u00e4ste, die einen ruhigen Aufenthalt, Privatsph\u00e4re und eine entspannte Urlaubsatmosph\u00e4re abseits der belebten Touristengebiete suchen.<\/p>\n\n<h2 class=\"wp-block-heading has-body-font-family has-medium-font-size\">Ruhige gr\u00fcne Gegend von Maspalomas<\/h2>\n\n<div class=\"wp-block-buttons is-layout-flex wp-block-buttons-is-layout-flex\">\n<div class=\"wp-block-button\"><a class=\"wp-block-button__link wp-element-button\" href=\"https:\/\/green-oasis.eu\/reservation\/\">Verf\u00fcgbarkeit pr\u00fcfen<\/a><\/div>\n<\/div>\n\n<figure class=\"wp-block-gallery has-nested-images columns-default is-cropped wp-block-gallery-1 is-layout-flex wp-block-gallery-is-layout-flex\">\n<figure class=\"wp-block-image size-large\"><img loading=\"lazy\" decoding=\"async\" width=\"768\" height=\"1024\" data-id=\"1891\" src=\"https:\/\/green-oasis.eu\/wp-content\/uploads\/2025\/12\/811_7-768x1024.jpg\" alt=\"\" class=\"wp-image-1891\" srcset=\"https:\/\/green-oasis.eu\/wp-content\/uploads\/2025\/12\/811_7-768x1024.jpg 768w, https:\/\/green-oasis.eu\/wp-content\/uploads\/2025\/12\/811_7-225x300.jpg 225w, https:\/\/green-oasis.eu\/wp-content\/uploads\/2025\/12\/811_7-1152x1536.jpg 1152w, https:\/\/green-oasis.eu\/wp-content\/uploads\/2025\/12\/811_7-1536x2048.jpg 1536w, https:\/\/green-oasis.eu\/wp-content\/uploads\/2025\/12\/811_7-scaled.jpg 1920w\" sizes=\"auto, (max-width: 768px) 100vw, 768px\" \/><\/figure>\n\n\n\n<figure class=\"wp-block-image size-large\"><img loading=\"lazy\" decoding=\"async\" width=\"768\" height=\"1024\" data-id=\"1890\" src=\"https:\/\/green-oasis.eu\/wp-content\/uploads\/2025\/12\/811_8-768x1024.jpg\" alt=\"\" class=\"wp-image-1890\" srcset=\"https:\/\/green-oasis.eu\/wp-content\/uploads\/2025\/12\/811_8-768x1024.jpg 768w, https:\/\/green-oasis.eu\/wp-content\/uploads\/2025\/12\/811_8-225x300.jpg 225w, https:\/\/green-oasis.eu\/wp-content\/uploads\/2025\/12\/811_8-1152x1536.jpg 1152w, https:\/\/green-oasis.eu\/wp-content\/uploads\/2025\/12\/811_8-1536x2048.jpg 1536w, https:\/\/green-oasis.eu\/wp-content\/uploads\/2025\/12\/811_8-scaled.jpg 1920w\" sizes=\"auto, (max-width: 768px) 100vw, 768px\" \/><\/figure>\n\n\n\n<figure class=\"wp-block-image size-large\"><img loading=\"lazy\" decoding=\"async\" width=\"768\" height=\"1024\" data-id=\"1892\" src=\"https:\/\/green-oasis.eu\/wp-content\/uploads\/2025\/12\/811_6-768x1024.jpg\" alt=\"\" class=\"wp-image-1892\" srcset=\"https:\/\/green-oasis.eu\/wp-content\/uploads\/2025\/12\/811_6-768x1024.jpg 768w, https:\/\/green-oasis.eu\/wp-content\/uploads\/2025\/12\/811_6-225x300.jpg 225w, https:\/\/green-oasis.eu\/wp-content\/uploads\/2025\/12\/811_6-1152x1536.jpg 1152w, https:\/\/green-oasis.eu\/wp-content\/uploads\/2025\/12\/811_6-1536x2048.jpg 1536w, https:\/\/green-oasis.eu\/wp-content\/uploads\/2025\/12\/811_6-scaled.jpg 1920w\" sizes=\"auto, (max-width: 768px) 100vw, 768px\" \/><\/figure>\n\n\n\n<figure class=\"wp-block-image size-large\"><img loading=\"lazy\" decoding=\"async\" width=\"768\" height=\"1024\" data-id=\"1897\" src=\"https:\/\/green-oasis.eu\/wp-content\/uploads\/2025\/12\/811_1-768x1024.jpg\" alt=\"\" class=\"wp-image-1897\" srcset=\"https:\/\/green-oasis.eu\/wp-content\/uploads\/2025\/12\/811_1-768x1024.jpg 768w, https:\/\/green-oasis.eu\/wp-content\/uploads\/2025\/12\/811_1-225x300.jpg 225w, https:\/\/green-oasis.eu\/wp-content\/uploads\/2025\/12\/811_1-1152x1536.jpg 1152w, https:\/\/green-oasis.eu\/wp-content\/uploads\/2025\/12\/811_1-1536x2048.jpg 1536w, https:\/\/green-oasis.eu\/wp-content\/uploads\/2025\/12\/811_1-scaled.jpg 1920w\" sizes=\"auto, (max-width: 768px) 100vw, 768px\" \/><\/figure>\n\n\n\n<figure class=\"wp-block-image size-large\"><img loading=\"lazy\" decoding=\"async\" width=\"768\" height=\"1024\" data-id=\"1895\" src=\"https:\/\/green-oasis.eu\/wp-content\/uploads\/2025\/12\/811_3-768x1024.jpg\" alt=\"\" class=\"wp-image-1895\" srcset=\"https:\/\/green-oasis.eu\/wp-content\/uploads\/2025\/12\/811_3-768x1024.jpg 768w, https:\/\/green-oasis.eu\/wp-content\/uploads\/2025\/12\/811_3-225x300.jpg 225w, https:\/\/green-oasis.eu\/wp-content\/uploads\/2025\/12\/811_3-1152x1536.jpg 1152w, https:\/\/green-oasis.eu\/wp-content\/uploads\/2025\/12\/811_3-1536x2048.jpg 1536w, https:\/\/green-oasis.eu\/wp-content\/uploads\/2025\/12\/811_3-scaled.jpg 1920w\" sizes=\"auto, (max-width: 768px) 100vw, 768px\" \/><\/figure>\n\n\n\n<figure class=\"wp-block-image size-large\"><img loading=\"lazy\" decoding=\"async\" width=\"768\" height=\"1024\" data-id=\"1889\" src=\"https:\/\/green-oasis.eu\/wp-content\/uploads\/2025\/12\/811_9-768x1024.jpg\" alt=\"\" class=\"wp-image-1889\" srcset=\"https:\/\/green-oasis.eu\/wp-content\/uploads\/2025\/12\/811_9-768x1024.jpg 768w, https:\/\/green-oasis.eu\/wp-content\/uploads\/2025\/12\/811_9-225x300.jpg 225w, https:\/\/green-oasis.eu\/wp-content\/uploads\/2025\/12\/811_9-1152x1536.jpg 1152w, https:\/\/green-oasis.eu\/wp-content\/uploads\/2025\/12\/811_9-1536x2048.jpg 1536w, https:\/\/green-oasis.eu\/wp-content\/uploads\/2025\/12\/811_9-scaled.jpg 1920w\" sizes=\"auto, (max-width: 768px) 100vw, 768px\" \/><\/figure>\n<\/figure>\n\n<h2 class=\"wp-block-heading has-body-font-family has-medium-font-size\">Ruhige gr\u00fcne Gegend von Maspalomas<\/h2>\n\n<p>Bungalow 811 ist ein komfortabler Ferienbungalow in einer ruhigen und gr\u00fcnen Gegend von Maspalomas, im sonnigen S\u00fcden von Gran Canaria.<br\/>Es ist eine gute Wahl f\u00fcr G\u00e4ste, die einen ruhigen Aufenthalt, Privatsph\u00e4re und eine entspannte Urlaubsatmosph\u00e4re suchen.<\/p>\n\n<h3 class=\"wp-block-heading has-text-align-center has-body-font-family has-medium-font-size\"><strong>Ausstattung<\/strong><\/h3>\n\n<div class=\"wp-block-columns is-layout-flex wp-container-core-columns-is-layout-28f84493 wp-block-columns-is-layout-flex\">\n<div class=\"wp-block-column is-layout-flow wp-block-column-is-layout-flow\">\n<ul class=\"wp-block-list\">\n<li>Voll ausgestattete K\u00fcche<\/li>\n\n\n\n<li>Ger\u00e4umiger Wohnbereich<\/li>\n\n\n\n<li>Schlafzimmer mit bequemem Bett<\/li>\n\n\n\n<li>Badezimmer mit Dusche<\/li>\n\n\n\n<li>Klimaanlage<\/li>\n\n\n\n<li>Gratis-WLAN<\/li>\n<\/ul>\n<\/div>\n\n\n\n<div class=\"wp-block-column is-layout-flow wp-block-column-is-layout-flow\">\n<ul class=\"wp-block-list\">\n<li>Private Terrasse<\/li>\n\n\n\n<li>Sitzbereich im Freien<\/li>\n\n\n\n<li>Bettw\u00e4sche &amp; Handt\u00fccher inklusive<\/li>\n\n\n\n<li>Ruhige und gr\u00fcne Umgebung<\/li>\n\n\n\n<li>Zugang zum Schwimmbad<\/li>\n\n\n\n<li>In der N\u00e4he des Strandes<\/li>\n<\/ul>\n<\/div>\n<\/div>\n\n<h3 class=\"wp-block-heading has-text-align-center has-body-font-family has-medium-font-size\"><strong>Gut zu wissen vor der Buchung<\/strong><\/h3>\n\n<ul class=\"wp-block-list\">\n<li>Check-in ab 15:00 Uhr<\/li>\n\n\n\n<li>Check-out bis 11:00 Uhr<\/li>\n\n\n\n<li>Nichtraucher-Bungalow<\/li>\n\n\n\n<li>Ideal f\u00fcr Familien und Paare<\/li>\n\n\n\n<li>Ruhige Umgebung innerhalb der Anlage<\/li>\n<\/ul>\n\n<p><\/p>\n","protected":false},"excerpt":{"rendered":"<p>Bungalow 811 in Maspalomas Bungalow 811 ist ein komfortabler Ferienbungalow in einer ruhigen und gr\u00fcnen Gegend von Maspalomas, im sonnigen S\u00fcden von Gran Canaria.Es ist eine ausgezeichnete Wahl f\u00fcr G\u00e4ste, die einen ruhigen Aufenthalt, Privatsph\u00e4re und eine entspannte Urlaubsatmosph\u00e4re abseits der belebten Touristengebiete suchen. Ruhige gr\u00fcne Gegend von Maspalomas Ruhige gr\u00fcne Gegend von Maspalomas Bungalow [&hellip;]<\/p>\n","protected":false},"author":1,"featured_media":0,"parent":0,"menu_order":0,"comment_status":"closed","ping_status":"closed","template":"","meta":{"footnotes":""},"class_list":["post-2091","page","type-page","status-publish","hentry"],"_links":{"self":[{"href":"https:\/\/green-oasis.eu\/de\/wp-json\/wp\/v2\/pages\/2091","targetHints":{"allow":["GET"]}}],"collection":[{"href":"https:\/\/green-oasis.eu\/de\/wp-json\/wp\/v2\/pages"}],"about":[{"href":"https:\/\/green-oasis.eu\/de\/wp-json\/wp\/v2\/types\/page"}],"author":[{"embeddable":true,"href":"https:\/\/green-oasis.eu\/de\/wp-json\/wp\/v2\/users\/1"}],"replies":[{"embeddable":true,"href":"https:\/\/green-oasis.eu\/de\/wp-json\/wp\/v2\/comments?post=2091"}],"version-history":[{"count":2,"href":"https:\/\/green-oasis.eu\/de\/wp-json\/wp\/v2\/pages\/2091\/revisions"}],"predecessor-version":[{"id":2335,"href":"https:\/\/green-oasis.eu\/de\/wp-json\/wp\/v2\/pages\/2091\/revisions\/2335"}],"wp:attachment":[{"href":"https:\/\/green-oasis.eu\/de\/wp-json\/wp\/v2\/media?parent=2091"}],"curies":[{"name":"wp","href":"https:\/\/api.w.org\/{rel}","templated":true}]}}