{"id":2089,"date":"2025-12-22T20:42:50","date_gmt":"2025-12-22T19:42:50","guid":{"rendered":"https:\/\/green-oasis.eu\/bungalow-604\/"},"modified":"2026-01-01T16:43:31","modified_gmt":"2026-01-01T15:43:31","slug":"bungalow-604","status":"publish","type":"page","link":"https:\/\/green-oasis.eu\/de\/bungalow-604\/","title":{"rendered":"Bungalow 604"},"content":{"rendered":"\n<h1 class=\"wp-block-heading has-x-large-font-size\">Bungalow 604 in Maspalomas<\/h1>\n\n<h2 class=\"wp-block-heading has-body-font-family has-medium-font-size\">Ger\u00e4umiger Ferienbungalow mit privater Terrasse<\/h2>\n\n<h2 class=\"wp-block-heading has-body-font-family has-small-font-size\">Komfortabler Bungalow in Maspalomas mit privater Terrasse, ideal f\u00fcr Paare oder kleine Familien.<\/h2>\n\n<div class=\"wp-block-buttons is-layout-flex wp-block-buttons-is-layout-flex\">\n<div class=\"wp-block-button\"><a class=\"wp-block-button__link wp-element-button\" href=\"https:\/\/green-oasis.eu\/reservation\/\">Verf\u00fcgbarkeit pr\u00fcfen<\/a><\/div>\n<\/div>\n\n<figure class=\"wp-block-gallery has-nested-images columns-default is-cropped wp-block-gallery-1 is-layout-flex wp-block-gallery-is-layout-flex\">\n<figure class=\"wp-block-image size-large\"><img loading=\"lazy\" decoding=\"async\" width=\"1024\" height=\"1024\" data-id=\"1882\" src=\"https:\/\/green-oasis.eu\/wp-content\/uploads\/2025\/12\/604_8-1024x1024.jpg\" alt=\"\" class=\"wp-image-1882\" srcset=\"https:\/\/green-oasis.eu\/wp-content\/uploads\/2025\/12\/604_8-1024x1024.jpg 1024w, https:\/\/green-oasis.eu\/wp-content\/uploads\/2025\/12\/604_8-300x300.jpg 300w, https:\/\/green-oasis.eu\/wp-content\/uploads\/2025\/12\/604_8-150x150.jpg 150w, https:\/\/green-oasis.eu\/wp-content\/uploads\/2025\/12\/604_8-768x768.jpg 768w, https:\/\/green-oasis.eu\/wp-content\/uploads\/2025\/12\/604_8.jpg 1200w\" sizes=\"auto, (max-width: 1024px) 100vw, 1024px\" \/><\/figure>\n\n\n\n<figure class=\"wp-block-image size-large\"><img loading=\"lazy\" decoding=\"async\" width=\"1024\" height=\"1024\" data-id=\"1881\" src=\"https:\/\/green-oasis.eu\/wp-content\/uploads\/2025\/12\/604_9-1024x1024.jpg\" alt=\"\" class=\"wp-image-1881\" srcset=\"https:\/\/green-oasis.eu\/wp-content\/uploads\/2025\/12\/604_9-1024x1024.jpg 1024w, https:\/\/green-oasis.eu\/wp-content\/uploads\/2025\/12\/604_9-300x300.jpg 300w, https:\/\/green-oasis.eu\/wp-content\/uploads\/2025\/12\/604_9-150x150.jpg 150w, https:\/\/green-oasis.eu\/wp-content\/uploads\/2025\/12\/604_9-768x768.jpg 768w, https:\/\/green-oasis.eu\/wp-content\/uploads\/2025\/12\/604_9.jpg 1200w\" sizes=\"auto, (max-width: 1024px) 100vw, 1024px\" \/><\/figure>\n\n\n\n<figure class=\"wp-block-image size-large\"><img loading=\"lazy\" decoding=\"async\" width=\"1024\" height=\"1024\" data-id=\"1880\" src=\"https:\/\/green-oasis.eu\/wp-content\/uploads\/2025\/12\/604_7-1024x1024.jpg\" alt=\"\" class=\"wp-image-1880\" srcset=\"https:\/\/green-oasis.eu\/wp-content\/uploads\/2025\/12\/604_7-1024x1024.jpg 1024w, https:\/\/green-oasis.eu\/wp-content\/uploads\/2025\/12\/604_7-300x300.jpg 300w, https:\/\/green-oasis.eu\/wp-content\/uploads\/2025\/12\/604_7-150x150.jpg 150w, https:\/\/green-oasis.eu\/wp-content\/uploads\/2025\/12\/604_7-768x768.jpg 768w, https:\/\/green-oasis.eu\/wp-content\/uploads\/2025\/12\/604_7.jpg 1200w\" sizes=\"auto, (max-width: 1024px) 100vw, 1024px\" \/><\/figure>\n\n\n\n<figure class=\"wp-block-image size-large\"><img loading=\"lazy\" decoding=\"async\" width=\"1024\" height=\"1024\" data-id=\"1886\" src=\"https:\/\/green-oasis.eu\/wp-content\/uploads\/2025\/12\/604_3-1024x1024.jpg\" alt=\"\" class=\"wp-image-1886\" srcset=\"https:\/\/green-oasis.eu\/wp-content\/uploads\/2025\/12\/604_3-1024x1024.jpg 1024w, https:\/\/green-oasis.eu\/wp-content\/uploads\/2025\/12\/604_3-300x300.jpg 300w, https:\/\/green-oasis.eu\/wp-content\/uploads\/2025\/12\/604_3-150x150.jpg 150w, https:\/\/green-oasis.eu\/wp-content\/uploads\/2025\/12\/604_3-768x768.jpg 768w, https:\/\/green-oasis.eu\/wp-content\/uploads\/2025\/12\/604_3.jpg 1200w\" sizes=\"auto, (max-width: 1024px) 100vw, 1024px\" \/><\/figure>\n\n\n\n<figure class=\"wp-block-image size-large\"><img loading=\"lazy\" decoding=\"async\" width=\"1024\" height=\"1024\" data-id=\"1885\" src=\"https:\/\/green-oasis.eu\/wp-content\/uploads\/2025\/12\/604_4-1024x1024.jpg\" alt=\"\" class=\"wp-image-1885\" srcset=\"https:\/\/green-oasis.eu\/wp-content\/uploads\/2025\/12\/604_4-1024x1024.jpg 1024w, https:\/\/green-oasis.eu\/wp-content\/uploads\/2025\/12\/604_4-300x300.jpg 300w, https:\/\/green-oasis.eu\/wp-content\/uploads\/2025\/12\/604_4-150x150.jpg 150w, https:\/\/green-oasis.eu\/wp-content\/uploads\/2025\/12\/604_4-768x768.jpg 768w, https:\/\/green-oasis.eu\/wp-content\/uploads\/2025\/12\/604_4.jpg 1200w\" sizes=\"auto, (max-width: 1024px) 100vw, 1024px\" \/><\/figure>\n\n\n\n<figure class=\"wp-block-image size-large\"><img loading=\"lazy\" decoding=\"async\" width=\"1024\" height=\"1024\" data-id=\"1884\" src=\"https:\/\/green-oasis.eu\/wp-content\/uploads\/2025\/12\/604_5-1024x1024.jpg\" alt=\"\" class=\"wp-image-1884\" srcset=\"https:\/\/green-oasis.eu\/wp-content\/uploads\/2025\/12\/604_5-1024x1024.jpg 1024w, https:\/\/green-oasis.eu\/wp-content\/uploads\/2025\/12\/604_5-300x300.jpg 300w, https:\/\/green-oasis.eu\/wp-content\/uploads\/2025\/12\/604_5-150x150.jpg 150w, https:\/\/green-oasis.eu\/wp-content\/uploads\/2025\/12\/604_5-768x768.jpg 768w, https:\/\/green-oasis.eu\/wp-content\/uploads\/2025\/12\/604_5.jpg 1200w\" sizes=\"auto, (max-width: 1024px) 100vw, 1024px\" \/><\/figure>\n<\/figure>\n\n<p class=\"has-medium-font-size\">Bungalow 604 ist ein ger\u00e4umiger und komfortabler Ferienbungalow in einem ruhigen und gr\u00fcnen Teil von Green Oasis in Maspalomas.<br\/>Die private Terrasse und die voll ausgestattete Innenausstattung bieten einen idealen Raum f\u00fcr Entspannung, Privatsph\u00e4re und das Genie\u00dfen des sonnigen Klimas von Gran Canaria.<br\/>Perfekt f\u00fcr Paare oder Familien, die Komfort und eine friedliche Urlaubsatmosph\u00e4re suchen.<\/p>\n\n<h3 class=\"wp-block-heading has-text-align-center has-body-font-family has-medium-font-size\"><strong>Features<\/strong><\/h3>\n\n<div class=\"wp-block-columns is-layout-flex wp-container-core-columns-is-layout-28f84493 wp-block-columns-is-layout-flex\">\n<div class=\"wp-block-column is-layout-flow wp-block-column-is-layout-flow\">\n<ul class=\"wp-block-list\">\n<li>Voll ausgestattete K\u00fcche<\/li>\n\n\n\n<li>Wohnzimmer mit Sitzecke<\/li>\n\n\n\n<li>Schlafzimmer mit bequemem Bett<\/li>\n\n\n\n<li>Badezimmer mit Dusche<\/li>\n\n\n\n<li>Klimaanlage<\/li>\n\n\n\n<li>Gratis-WLAN<\/li>\n<\/ul>\n<\/div>\n\n\n\n<div class=\"wp-block-column is-layout-flow wp-block-column-is-layout-flow\">\n<ul class=\"wp-block-list\">\n<li>Private Terrasse<\/li>\n\n\n\n<li>Sitzbereich im Freien<\/li>\n\n\n\n<li>Bettw\u00e4sche &amp; Handt\u00fccher inklusive<\/li>\n\n\n\n<li>Ruhige und gr\u00fcne Umgebung<\/li>\n\n\n\n<li>Zugang zum Schwimmbad<\/li>\n\n\n\n<li>In der N\u00e4he des Strandes<\/li>\n<\/ul>\n<\/div>\n<\/div>\n\n<h3 class=\"wp-block-heading has-text-align-center has-body-font-family has-medium-font-size\"><strong>Gut zu wissen vor der Buchung<\/strong><\/h3>\n\n<ul class=\"wp-block-list\">\n<li>Check-in ab 15:00 Uhr<\/li>\n\n\n\n<li>Check-out bis 11:00 Uhr<\/li>\n\n\n\n<li>Nichtraucher-Bungalow<\/li>\n\n\n\n<li>Ideal f\u00fcr Paare und Familien<\/li>\n<\/ul>\n\n<p><\/p>\n","protected":false},"excerpt":{"rendered":"<p>Bungalow 604 in Maspalomas Ger\u00e4umiger Ferienbungalow mit privater Terrasse Komfortabler Bungalow in Maspalomas mit privater Terrasse, ideal f\u00fcr Paare oder kleine Familien. Bungalow 604 ist ein ger\u00e4umiger und komfortabler Ferienbungalow in einem ruhigen und gr\u00fcnen Teil von Green Oasis in Maspalomas.Die private Terrasse und die voll ausgestattete Innenausstattung bieten einen idealen Raum f\u00fcr Entspannung, Privatsph\u00e4re [&hellip;]<\/p>\n","protected":false},"author":1,"featured_media":0,"parent":0,"menu_order":0,"comment_status":"closed","ping_status":"closed","template":"","meta":{"footnotes":""},"class_list":["post-2089","page","type-page","status-publish","hentry"],"_links":{"self":[{"href":"https:\/\/green-oasis.eu\/de\/wp-json\/wp\/v2\/pages\/2089","targetHints":{"allow":["GET"]}}],"collection":[{"href":"https:\/\/green-oasis.eu\/de\/wp-json\/wp\/v2\/pages"}],"about":[{"href":"https:\/\/green-oasis.eu\/de\/wp-json\/wp\/v2\/types\/page"}],"author":[{"embeddable":true,"href":"https:\/\/green-oasis.eu\/de\/wp-json\/wp\/v2\/users\/1"}],"replies":[{"embeddable":true,"href":"https:\/\/green-oasis.eu\/de\/wp-json\/wp\/v2\/comments?post=2089"}],"version-history":[{"count":3,"href":"https:\/\/green-oasis.eu\/de\/wp-json\/wp\/v2\/pages\/2089\/revisions"}],"predecessor-version":[{"id":2328,"href":"https:\/\/green-oasis.eu\/de\/wp-json\/wp\/v2\/pages\/2089\/revisions\/2328"}],"wp:attachment":[{"href":"https:\/\/green-oasis.eu\/de\/wp-json\/wp\/v2\/media?parent=2089"}],"curies":[{"name":"wp","href":"https:\/\/api.w.org\/{rel}","templated":true}]}}