{"id":2064,"date":"2025-12-22T16:25:27","date_gmt":"2025-12-22T15:25:27","guid":{"rendered":"https:\/\/green-oasis.eu\/verfuegbarkeit-pruefen-aufenthalt-buchen\/"},"modified":"2025-12-30T18:51:39","modified_gmt":"2025-12-30T17:51:39","slug":"verfuegbarkeit-pruefen-aufenthalt-buchen","status":"publish","type":"page","link":"https:\/\/green-oasis.eu\/de\/verfuegbarkeit-pruefen-aufenthalt-buchen\/","title":{"rendered":"Verf\u00fcgbarkeit pr\u00fcfen &amp; Aufenthalt buchen"},"content":{"rendered":"\n<h1 class=\"wp-block-heading has-text-align-center\">Pr\u00fcfen Sie die Verf\u00fcgbarkeit und buchen Sie Ihren Aufenthalt online<\/h1>\n\n\n\n<p class=\"has-text-align-center\">Bester Preis garantiert. Sichere Online-Buchung<br>Bei Fragen k\u00f6nnen Sie sich gerne an uns wenden.<\/p>\n\n\n\n<script src=\"https:\/\/ajax.googleapis.com\/ajax\/libs\/jquery\/3.2.1\/jquery.min.js\"> <\/script>\n<script type=\"text\/javascript\" src=\"https:\/\/panel.hotres.pl\/public\/api\/hotres_v4.js\"><\/script>\n<div id=\"hotresContainer\"><\/div>\n<script>\nwindow.addEventListener('load', (event) => \n{\ncreateHotres({\"oid\":510,\"lang\":\"de\",\"rid\":\"8376\"});\n});\n<\/script>\n\n\n\n<h2 class=\"wp-block-heading has-text-align-center\">Ben\u00f6tigen Sie Hilfe bei Ihrer Reservierung?<\/h2>\n\n\n\n<p class=\"has-text-align-center\">Wenn Sie es vorziehen, k\u00f6nnen Sie uns direkt per E-Mail oder Telefon \/ WhatsApp kontaktieren.<\/p>\n\n\n\n<p><\/p>\n","protected":false},"excerpt":{"rendered":"<p>Pr\u00fcfen Sie die Verf\u00fcgbarkeit und buchen Sie Ihren Aufenthalt online Bester Preis garantiert. Sichere Online-BuchungBei Fragen k\u00f6nnen Sie sich gerne an uns wenden. Ben\u00f6tigen Sie Hilfe bei Ihrer Reservierung? Wenn Sie es vorziehen, k\u00f6nnen Sie uns direkt per E-Mail oder Telefon \/ WhatsApp kontaktieren.<\/p>\n","protected":false},"author":1,"featured_media":0,"parent":0,"menu_order":0,"comment_status":"closed","ping_status":"closed","template":"","meta":{"footnotes":""},"class_list":["post-2064","page","type-page","status-publish","hentry"],"_links":{"self":[{"href":"https:\/\/green-oasis.eu\/de\/wp-json\/wp\/v2\/pages\/2064","targetHints":{"allow":["GET"]}}],"collection":[{"href":"https:\/\/green-oasis.eu\/de\/wp-json\/wp\/v2\/pages"}],"about":[{"href":"https:\/\/green-oasis.eu\/de\/wp-json\/wp\/v2\/types\/page"}],"author":[{"embeddable":true,"href":"https:\/\/green-oasis.eu\/de\/wp-json\/wp\/v2\/users\/1"}],"replies":[{"embeddable":true,"href":"https:\/\/green-oasis.eu\/de\/wp-json\/wp\/v2\/comments?post=2064"}],"version-history":[{"count":2,"href":"https:\/\/green-oasis.eu\/de\/wp-json\/wp\/v2\/pages\/2064\/revisions"}],"predecessor-version":[{"id":2108,"href":"https:\/\/green-oasis.eu\/de\/wp-json\/wp\/v2\/pages\/2064\/revisions\/2108"}],"wp:attachment":[{"href":"https:\/\/green-oasis.eu\/de\/wp-json\/wp\/v2\/media?parent=2064"}],"curies":[{"name":"wp","href":"https:\/\/api.w.org\/{rel}","templated":true}]}}