{"id":2062,"date":"2025-12-22T16:25:02","date_gmt":"2025-12-22T15:25:02","guid":{"rendered":"https:\/\/green-oasis.eu\/unsere-ferienbungalows\/"},"modified":"2025-12-27T16:32:02","modified_gmt":"2025-12-27T15:32:02","slug":"unsere-ferienbungalows","status":"publish","type":"page","link":"https:\/\/green-oasis.eu\/de\/unsere-ferienbungalows\/","title":{"rendered":"Unsere Ferienbungalows"},"content":{"rendered":"\n<h1 class=\"wp-block-heading\">Unsere Ferienbungalows<\/h1>\n\n<p class=\"has-text-align-center\">Entdecken Sie unsere komfortablen Ferienbungalows, perfekt f\u00fcr einen entspannten Aufenthalt auf Gran Canaria.<\/p>\n\n<h2 class=\"wp-block-heading\">Bungalow 603<\/h2>\n\n<p>Komfortabler Bungalow mit privater Terrasse, hellem Interieur und direktem Zugang zum Garten, ideal f\u00fcr Paare oder kleine Familien.<\/p>\n\n<div class=\"wp-block-buttons is-layout-flex wp-block-buttons-is-layout-flex\">\n<div class=\"wp-block-button\"><a class=\"wp-block-button__link wp-element-button\" href=\"https:\/\/green-oasis.eu\/de\/bungalow-603\/\">Bungalow ansehen<\/a><\/div>\n<\/div>\n\n<h2 class=\"wp-block-heading\">Bungalow 604<\/h2>\n\n<p>Ger\u00e4umiger und voll ausgestatteter Bungalow mit privater Terrasse, der zus\u00e4tzlichen Komfort und eine entspannende Atmosph\u00e4re bietet.<\/p>\n\n<div class=\"wp-block-buttons is-layout-flex wp-block-buttons-is-layout-flex\">\n<div class=\"wp-block-button\"><a class=\"wp-block-button__link wp-element-button\" href=\"https:\/\/green-oasis.eu\/de\/bungalow-604\/\">Bungalow ansehen<\/a><\/div>\n<\/div>\n\n<h2 class=\"wp-block-heading\">Bungalow 811<\/h2>\n\n<p>Komfortabler Bungalow mit privater Terrasse in einem ruhigen Teil der Anlage, perfekt f\u00fcr einen ruhigen Aufenthalt.<\/p>\n\n<div class=\"wp-block-buttons is-layout-flex wp-block-buttons-is-layout-flex\">\n<div class=\"wp-block-button\"><a class=\"wp-block-button__link wp-element-button\" href=\"https:\/\/green-oasis.eu\/de\/bungalow-811\/\">Bungalow ansehen<\/a><\/div>\n<\/div>\n\n<h2 class=\"wp-block-heading\">Bungalow 1207<\/h2>\n\n<p>Gem\u00fctlicher Ferienbungalow mit privater Terrasse, umgeben von viel Gr\u00fcn, ideal f\u00fcr Paare, die Privatsph\u00e4re und Ruhe suchen.<\/p>\n\n<div class=\"wp-block-buttons is-layout-flex wp-block-buttons-is-layout-flex\">\n<div class=\"wp-block-button\"><a class=\"wp-block-button__link wp-element-button\" href=\"https:\/\/green-oasis.eu\/de\/bungalow-1207\/\">Bungalow ansehen<\/a><\/div>\n<\/div>\n\n<h2 class=\"wp-block-heading\">Gut zu wissen<\/h2>\n\n<ul class=\"wp-block-list\">\n<li>Alle Bungalows sind komplett ausgestattet<\/li>\n\n\n\n<li>Bettw\u00e4sche und Handt\u00fccher werden gestellt<\/li>\n\n\n\n<li>Gratis-WLAN<\/li>\n\n\n\n<li>Ruhige, gr\u00fcne Umgebung<\/li>\n<\/ul>\n\n<p><\/p>\n","protected":false},"excerpt":{"rendered":"<p>Unsere Ferienbungalows Entdecken Sie unsere komfortablen Ferienbungalows, perfekt f\u00fcr einen entspannten Aufenthalt auf Gran Canaria. Bungalow 603 Komfortabler Bungalow mit privater Terrasse, hellem Interieur und direktem Zugang zum Garten, ideal f\u00fcr Paare oder kleine Familien. Bungalow 604 Ger\u00e4umiger und voll ausgestatteter Bungalow mit privater Terrasse, der zus\u00e4tzlichen Komfort und eine entspannende Atmosph\u00e4re bietet. Bungalow 811 [&hellip;]<\/p>\n","protected":false},"author":1,"featured_media":0,"parent":0,"menu_order":0,"comment_status":"closed","ping_status":"closed","template":"","meta":{"footnotes":""},"class_list":["post-2062","page","type-page","status-publish","hentry"],"_links":{"self":[{"href":"https:\/\/green-oasis.eu\/de\/wp-json\/wp\/v2\/pages\/2062","targetHints":{"allow":["GET"]}}],"collection":[{"href":"https:\/\/green-oasis.eu\/de\/wp-json\/wp\/v2\/pages"}],"about":[{"href":"https:\/\/green-oasis.eu\/de\/wp-json\/wp\/v2\/types\/page"}],"author":[{"embeddable":true,"href":"https:\/\/green-oasis.eu\/de\/wp-json\/wp\/v2\/users\/1"}],"replies":[{"embeddable":true,"href":"https:\/\/green-oasis.eu\/de\/wp-json\/wp\/v2\/comments?post=2062"}],"version-history":[{"count":3,"href":"https:\/\/green-oasis.eu\/de\/wp-json\/wp\/v2\/pages\/2062\/revisions"}],"predecessor-version":[{"id":2107,"href":"https:\/\/green-oasis.eu\/de\/wp-json\/wp\/v2\/pages\/2062\/revisions\/2107"}],"wp:attachment":[{"href":"https:\/\/green-oasis.eu\/de\/wp-json\/wp\/v2\/media?parent=2062"}],"curies":[{"name":"wp","href":"https:\/\/api.w.org\/{rel}","templated":true}]}}