{"id":2060,"date":"2025-12-22T16:24:39","date_gmt":"2025-12-22T15:24:39","guid":{"rendered":"https:\/\/green-oasis.eu\/ferienbungalows-auf-gran-canaria\/"},"modified":"2026-01-01T16:32:38","modified_gmt":"2026-01-01T15:32:38","slug":"ferienbungalows-auf-gran-canaria","status":"publish","type":"page","link":"https:\/\/green-oasis.eu\/de\/","title":{"rendered":"Ferienbungalows auf Gran Canaria"},"content":{"rendered":"\n<h1 data-wp-context---core-fit-text=\"core\/fit-text::{&quot;fontSize&quot;:&quot;&quot;}\" data-wp-init---core-fit-text=\"core\/fit-text::callbacks.init\" data-wp-interactive data-wp-style--font-size=\"core\/fit-text::context.fontSize\" class=\"wp-block-heading has-text-align-center has-fit-text\" style=\"border-style:none;border-width:0px;border-top-left-radius:0px;border-top-right-radius:0px;border-bottom-left-radius:0px;border-bottom-right-radius:0px;line-height:0.3\">Ferienbungalows auf Gran Canaria<\/h1>\n\n<figure class=\"wp-block-image alignwide size-large\"><img loading=\"lazy\" decoding=\"async\" width=\"1024\" height=\"457\" src=\"http:\/\/green-oasis.eu\/wp-content\/uploads\/2025\/12\/h_3-1024x457.jpg\" alt=\"Ferienbungalows in Maspalomas, Gran Canaria &#x2013; Green Oasis&#10;\" class=\"wp-image-1870\" srcset=\"https:\/\/green-oasis.eu\/wp-content\/uploads\/2025\/12\/h_3-1024x457.jpg 1024w, https:\/\/green-oasis.eu\/wp-content\/uploads\/2025\/12\/h_3-300x134.jpg 300w, https:\/\/green-oasis.eu\/wp-content\/uploads\/2025\/12\/h_3-768x343.jpg 768w, https:\/\/green-oasis.eu\/wp-content\/uploads\/2025\/12\/h_3.jpg 1366w\" sizes=\"auto, (max-width: 1024px) 100vw, 1024px\" \/><\/figure>\n\n<p class=\"has-text-align-center\">Green Oasis bietet komfortable Ferienbungalows in Maspalomas, im sonnigen S\u00fcden von Gran Canaria. Genie\u00dfen Sie private Terrassen, Zugang zu einem Pool und eine friedliche gr\u00fcne Umgebung \u2013 ideal f\u00fcr Paare und Familien. Buchen Sie direkt f\u00fcr die beste Verf\u00fcgbarkeit.  <\/p>\n\n<h2 class=\"wp-block-heading has-text-align-center has-medium-font-size\">Ferienbungalows in Maspalomas<\/h2>\n\n<h2 class=\"wp-block-heading has-text-align-center has-medium-font-size\">Private Bungalows mit Terrasse und Pool<\/h2>\n\n<div class=\"wp-block-buttons is-content-justification-center is-layout-flex wp-container-core-buttons-is-layout-a89b3969 wp-block-buttons-is-layout-flex\">\n<div class=\"wp-block-button\"><a class=\"wp-block-button__link has-text-align-center wp-element-button\" href=\"https:\/\/green-oasis.eu\/reservation\/\">Verf\u00fcgbarkeit pr\u00fcfen<\/a><\/div>\n<\/div>\n\n<div class=\"wp-block-group has-global-padding is-layout-constrained wp-block-group-is-layout-constrained\">\n<h2 class=\"wp-block-heading has-text-align-center\">Warum Green Oasis w\u00e4hlen?<\/h2>\n\n\n\n<div class=\"wp-block-group has-global-padding is-layout-constrained wp-block-group-is-layout-constrained\">\n<div class=\"wp-block-group has-global-padding is-layout-constrained wp-block-group-is-layout-constrained\">\n<figure class=\"wp-block-gallery has-nested-images columns-4 is-cropped wp-block-gallery-1 is-layout-flex wp-block-gallery-is-layout-flex\">\n<figure class=\"wp-block-image size-large\"><img loading=\"lazy\" decoding=\"async\" width=\"1024\" height=\"768\" data-id=\"1949\" src=\"https:\/\/green-oasis.eu\/wp-content\/uploads\/2025\/12\/gh_1-1024x768.jpg\" alt=\"\" class=\"wp-image-1949\" style=\"aspect-ratio:1\" srcset=\"https:\/\/green-oasis.eu\/wp-content\/uploads\/2025\/12\/gh_1-1024x768.jpg 1024w, https:\/\/green-oasis.eu\/wp-content\/uploads\/2025\/12\/gh_1-300x225.jpg 300w, https:\/\/green-oasis.eu\/wp-content\/uploads\/2025\/12\/gh_1-768x576.jpg 768w, https:\/\/green-oasis.eu\/wp-content\/uploads\/2025\/12\/gh_1-1536x1152.jpg 1536w, https:\/\/green-oasis.eu\/wp-content\/uploads\/2025\/12\/gh_1-2048x1536.jpg 2048w\" sizes=\"auto, (max-width: 1024px) 100vw, 1024px\" \/><\/figure>\n\n\n\n<figure class=\"wp-block-image size-large\"><img loading=\"lazy\" decoding=\"async\" width=\"768\" height=\"1024\" data-id=\"1948\" src=\"https:\/\/green-oasis.eu\/wp-content\/uploads\/2025\/12\/gh_2-768x1024.jpg\" alt=\"\" class=\"wp-image-1948\" style=\"aspect-ratio:1\" srcset=\"https:\/\/green-oasis.eu\/wp-content\/uploads\/2025\/12\/gh_2-768x1024.jpg 768w, https:\/\/green-oasis.eu\/wp-content\/uploads\/2025\/12\/gh_2-225x300.jpg 225w, https:\/\/green-oasis.eu\/wp-content\/uploads\/2025\/12\/gh_2-1152x1536.jpg 1152w, https:\/\/green-oasis.eu\/wp-content\/uploads\/2025\/12\/gh_2-1536x2048.jpg 1536w, https:\/\/green-oasis.eu\/wp-content\/uploads\/2025\/12\/gh_2-scaled.jpg 1920w\" sizes=\"auto, (max-width: 768px) 100vw, 768px\" \/><\/figure>\n\n\n\n<figure class=\"wp-block-image size-large\"><img loading=\"lazy\" decoding=\"async\" width=\"768\" height=\"1024\" data-id=\"1947\" src=\"https:\/\/green-oasis.eu\/wp-content\/uploads\/2025\/12\/gh_3-768x1024.jpg\" alt=\"\" class=\"wp-image-1947\" style=\"aspect-ratio:1\" srcset=\"https:\/\/green-oasis.eu\/wp-content\/uploads\/2025\/12\/gh_3-768x1024.jpg 768w, https:\/\/green-oasis.eu\/wp-content\/uploads\/2025\/12\/gh_3-225x300.jpg 225w, https:\/\/green-oasis.eu\/wp-content\/uploads\/2025\/12\/gh_3-1152x1536.jpg 1152w, https:\/\/green-oasis.eu\/wp-content\/uploads\/2025\/12\/gh_3-1536x2048.jpg 1536w, https:\/\/green-oasis.eu\/wp-content\/uploads\/2025\/12\/gh_3-scaled.jpg 1920w\" sizes=\"auto, (max-width: 768px) 100vw, 768px\" \/><\/figure>\n\n\n\n<figure class=\"wp-block-image size-large\"><img loading=\"lazy\" decoding=\"async\" width=\"1024\" height=\"768\" data-id=\"1946\" src=\"https:\/\/green-oasis.eu\/wp-content\/uploads\/2025\/12\/gh_4-1024x768.jpg\" alt=\"\" class=\"wp-image-1946\" style=\"aspect-ratio:1\" srcset=\"https:\/\/green-oasis.eu\/wp-content\/uploads\/2025\/12\/gh_4-1024x768.jpg 1024w, https:\/\/green-oasis.eu\/wp-content\/uploads\/2025\/12\/gh_4-300x225.jpg 300w, https:\/\/green-oasis.eu\/wp-content\/uploads\/2025\/12\/gh_4-768x576.jpg 768w, https:\/\/green-oasis.eu\/wp-content\/uploads\/2025\/12\/gh_4-1536x1152.jpg 1536w, https:\/\/green-oasis.eu\/wp-content\/uploads\/2025\/12\/gh_4-2048x1536.jpg 2048w\" sizes=\"auto, (max-width: 1024px) 100vw, 1024px\" \/><\/figure>\n<\/figure>\n<\/div>\n\n\n\n<div class=\"wp-block-buttons is-content-justification-center is-layout-flex wp-container-core-buttons-is-layout-a89b3969 wp-block-buttons-is-layout-flex\">\n<div class=\"wp-block-button\"><a class=\"wp-block-button__link wp-element-button\" href=\"https:\/\/green-oasis.eu\/gallery\/\">Vollst\u00e4ndige Galerie ansehen<\/a><\/div>\n<\/div>\n\n\n\n<h2 class=\"wp-block-heading has-text-align-center has-large-font-size\">Unsere Bungalows<\/h2>\n\n\n\n<h3 class=\"wp-block-heading has-text-align-center has-body-font-family has-medium-font-size\">Unsere Ferienbungalows in Maspalomas<\/h3>\n\n\n\n<ul class=\"wp-block-list has-small-font-size\">\n<li><strong><a href=\"https:\/\/green-oasis.eu\/bungalow-603\/\" data-type=\"page\" data-id=\"1848\">Bungalow 603 in Maspalomas<\/a><\/strong> \u2013 heller Bungalow mit privater Terrasse, ideal f\u00fcr Paare<\/li>\n\n\n\n<li><strong><a href=\"https:\/\/green-oasis.eu\/bungalow-604\/\" data-type=\"page\" data-id=\"1850\">Bungalow 604 in Maspalomas<\/a><\/strong> \u2013 ger\u00e4umiger Bungalow mit Sitzgelegenheiten im Freien und Entspannung<\/li>\n\n\n\n<li><strong><a href=\"https:\/\/green-oasis.eu\/bungalow-811\/\" data-type=\"page\" data-id=\"1852\">Bungalow 811 in Maspalomas<\/a><\/strong> \u2013 ruhiger Bungalow f\u00fcr einen friedlichen und privaten Aufenthalt<\/li>\n\n\n\n<li><strong><a href=\"https:\/\/green-oasis.eu\/bungalow-1207\/\" data-type=\"page\" data-id=\"1854\">Bungalow 1207 in Maspalomas<\/a><\/strong> \u2013 funktionaler Bungalow, ideal f\u00fcr l\u00e4ngere Aufenthalte<\/li>\n<\/ul>\n\n\n\n<p class=\"has-text-align-center has-medium-font-size\">Komfortable Ferienbungalows f\u00fcr Entspannung, Privatsph\u00e4re und Sonnenschein.<\/p>\n\n\n\n<div class=\"wp-block-columns is-layout-flex wp-container-core-columns-is-layout-28f84493 wp-block-columns-is-layout-flex\">\n<div class=\"wp-block-column is-layout-flow wp-block-column-is-layout-flow\">\n<h3 class=\"wp-block-heading has-text-align-center has-medium-font-size\">Bungalow 603<\/h3>\n\n\n\n<p class=\"has-text-align-center has-small-font-size\">Komfortabler Bungalow mit privater Terrasse,<br\/>ideal f\u00fcr Paare oder kleine Familien.<\/p>\n\n\n\n<div class=\"wp-block-buttons is-content-justification-center is-layout-flex wp-container-core-buttons-is-layout-a89b3969 wp-block-buttons-is-layout-flex\">\n<div class=\"wp-block-button\"><a class=\"wp-block-button__link wp-element-button\" href=\"https:\/\/green-oasis.eu\/de\/bungalow-603\/\">Details ansehen<\/a><\/div>\n<\/div>\n<\/div>\n\n\n\n<div class=\"wp-block-column is-layout-flow wp-block-column-is-layout-flow\">\n<h3 class=\"wp-block-heading has-text-align-center has-medium-font-size\">Bungalow 604<\/h3>\n\n\n\n<p class=\"has-text-align-center has-small-font-size\">Ger\u00e4umiger und voll ausgestatteter Bungalow mit<br\/>privater Terrasse und entspannender Atmosph\u00e4re.<\/p>\n\n\n\n<div class=\"wp-block-buttons is-content-justification-center is-layout-flex wp-container-core-buttons-is-layout-a89b3969 wp-block-buttons-is-layout-flex\">\n<div class=\"wp-block-button\"><a class=\"wp-block-button__link wp-element-button\" href=\"https:\/\/green-oasis.eu\/de\/bungalow-604\/\">Details ansehen<\/a><\/div>\n<\/div>\n<\/div>\n<\/div>\n\n\n\n<div class=\"wp-block-columns is-layout-flex wp-container-core-columns-is-layout-28f84493 wp-block-columns-is-layout-flex\">\n<div class=\"wp-block-column is-layout-flow wp-block-column-is-layout-flow\">\n<h3 class=\"wp-block-heading has-text-align-center has-medium-font-size\">Bungalow 811<\/h3>\n\n\n\n<p class=\"has-text-align-center has-small-font-size\">Komfortabler Bungalow mit privater<br\/>Terrasse, perfekt f\u00fcr einen ruhigen Aufenthalt.<\/p>\n\n\n\n<div class=\"wp-block-buttons is-content-justification-center is-layout-flex wp-container-core-buttons-is-layout-a89b3969 wp-block-buttons-is-layout-flex\">\n<div class=\"wp-block-button\"><a class=\"wp-block-button__link wp-element-button\" href=\"https:\/\/green-oasis.eu\/de\/bungalow-811\/\">Details ansehen<\/a><\/div>\n<\/div>\n<\/div>\n\n\n\n<div class=\"wp-block-column is-layout-flow wp-block-column-is-layout-flow\">\n<h3 class=\"wp-block-heading has-text-align-center has-medium-font-size\">Bungalow 1207<\/h3>\n\n\n\n<p class=\"has-text-align-center has-small-font-size\">Gem\u00fctlicher Ferienbungalow mit privater Terrasse,<br\/>in einer ruhigen und gr\u00fcnen Umgebung.<\/p>\n\n\n\n<div class=\"wp-block-buttons is-content-justification-center is-layout-flex wp-container-core-buttons-is-layout-a89b3969 wp-block-buttons-is-layout-flex\">\n<div class=\"wp-block-button\"><a class=\"wp-block-button__link wp-element-button\" href=\"https:\/\/green-oasis.eu\/de\/bungalow-1207\/\">Details ansehen<\/a><\/div>\n<\/div>\n<\/div>\n<\/div>\n\n\n\n<p class=\"has-text-align-center\" style=\"font-size:clamp(0.875rem, 0.875rem + ((1vw - 0.2rem) * 0.042), 0.9rem);\"><\/p>\n<\/div>\n<\/div>\n\n<p class=\"has-text-align-center\">Bereit, Ihren Aufenthalt auf Gran Canaria zu planen?<\/p>\n\n<div class=\"wp-block-buttons is-content-justification-center is-layout-flex wp-container-core-buttons-is-layout-a89b3969 wp-block-buttons-is-layout-flex\">\n<div class=\"wp-block-button\"><a class=\"wp-block-button__link wp-element-button\" href=\"https:\/\/green-oasis.eu\/reservation\/\">Verf\u00fcgbarkeit pr\u00fcfen<\/a><\/div>\n<\/div>\n\n<p><\/p>\n","protected":false},"excerpt":{"rendered":"<p>Ferienbungalows auf Gran Canaria Green Oasis bietet komfortable Ferienbungalows in Maspalomas, im sonnigen S\u00fcden von Gran Canaria. Genie\u00dfen Sie private Terrassen, Zugang zu einem Pool und eine friedliche gr\u00fcne Umgebung \u2013 ideal f\u00fcr Paare und Familien. Buchen Sie direkt f\u00fcr die beste Verf\u00fcgbarkeit. Ferienbungalows in Maspalomas Private Bungalows mit Terrasse und Pool Warum Green Oasis [&hellip;]<\/p>\n","protected":false},"author":1,"featured_media":0,"parent":0,"menu_order":0,"comment_status":"closed","ping_status":"closed","template":"","meta":{"footnotes":""},"class_list":["post-2060","page","type-page","status-publish","hentry"],"_links":{"self":[{"href":"https:\/\/green-oasis.eu\/de\/wp-json\/wp\/v2\/pages\/2060","targetHints":{"allow":["GET"]}}],"collection":[{"href":"https:\/\/green-oasis.eu\/de\/wp-json\/wp\/v2\/pages"}],"about":[{"href":"https:\/\/green-oasis.eu\/de\/wp-json\/wp\/v2\/types\/page"}],"author":[{"embeddable":true,"href":"https:\/\/green-oasis.eu\/de\/wp-json\/wp\/v2\/users\/1"}],"replies":[{"embeddable":true,"href":"https:\/\/green-oasis.eu\/de\/wp-json\/wp\/v2\/comments?post=2060"}],"version-history":[{"count":4,"href":"https:\/\/green-oasis.eu\/de\/wp-json\/wp\/v2\/pages\/2060\/revisions"}],"predecessor-version":[{"id":2345,"href":"https:\/\/green-oasis.eu\/de\/wp-json\/wp\/v2\/pages\/2060\/revisions\/2345"}],"wp:attachment":[{"href":"https:\/\/green-oasis.eu\/de\/wp-json\/wp\/v2\/media?parent=2060"}],"curies":[{"name":"wp","href":"https:\/\/api.w.org\/{rel}","templated":true}]}}